{"id":987,"date":"2024-10-16T18:20:34","date_gmt":"2024-10-16T18:20:34","guid":{"rendered":"https:\/\/hightrustid.wpenginepowered.com\/hightrust-id-for-offentliga-myndigheter\/"},"modified":"2024-11-13T11:00:53","modified_gmt":"2024-11-13T11:00:53","slug":"hightrust-id-viranomaisille","status":"publish","type":"page","link":"https:\/\/hightrust.id\/sv\/hightrust-id-viranomaisille\/","title":{"rendered":"Hightrust.id viranomaisille"},"content":{"rendered":"\n<section\n        class=\"title-text-bg\">\n    <div style=\"background: #ffffff\">\n        <div class=\"container-full title-text-bg__content\">\n            <div class=\"title-text-bg__content-wrap\">\n                <div class=\"title-text-bg__content-text\"><h3><b>Hightrust.id digilompakko mahdollistaa organisaatioille riskitt\u00f6m\u00e4t tunnistamiset ja digitaaliset allekirjoitukset. Digilompakko on aidosti salasanaton, nopea, vaivaton ja eritt\u00e4in turvallinen menetelm\u00e4 tunnistamiseen.<\/b><\/h3>\n<p>&nbsp;<\/p>\n<div class=\"page\" title=\"Page 1\">\n<div class=\"section\">\n<div class=\"layoutArea\">\n<div class=\"column\">\n<p><span style=\"font-weight: 400;\">Digilompakkoon siirreta\u0308a\u0308n joko poliisin myo\u0308nta\u0308ma\u0308n henkilo\u0308kortin tai Digi- ja v\u00e4est\u00f6tietoviraston myo\u0308nta\u0308ma\u0308n organisaatiokortin sirulla olevat digitaaliset varmenteet, mika\u0308 mahdollistaa niiden ka\u0308yto\u0308n esimerkiksi a\u0308lypuhelimella. Toistaiseksi <\/span><b>organisaatiokorttia ei voida virtualisoida <\/b><span style=\"font-weight: 400;\">digilompakkoon, HTID palvelulla ei ole VARTTI rajapintaa. <\/span><\/p>\n<p><span style=\"font-weight: 400;\">Hightrust.id-teknologia on EU eIDAS-vaatimuksenmukaisuuskriteeristo\u0308n tason \u201dkorkea\u201d (LoA Hight) tunnistautumis- seka\u0308 allekirjoitusratkaisu. Ratkaisu on arvioitu ja sertifioitu eIDAS-kriteeristo\u0308n avulla ja se on hyva\u0308ksytty Liikenne- ja viestinta\u0308virasto Traficomin Kyberturvallisuuskeskuksen ylla\u0308pita\u0308ma\u0308a\u0308n tunnistuspalvelurekisteriin.<\/span><\/p>\n<p><span style=\"font-weight: 400;\">Digilompakon ka\u0308ytto\u0308 va\u0308henta\u0308isi merkitta\u0308va\u0308sti my\u00f6s organisaatioihin kohdistuvia tietoturvariskeja\u0308 sen ollessa vallalla olevia monivaiheisia tunnistautumismenetelmia\u0308 (MFA) merkitta\u0308va\u0308sti turvallisempi. Na\u0308in voidaan jopa eliminoida riskit ka\u0308ytta\u0308ja\u0308tunnus-salasana varkauksista seka\u0308 va\u0308a\u0308rinka\u0308yto\u0308ksista\u0308. Menetelma\u0308 on erilaisten kalasteluhyo\u0308kka\u0308ysten kesta\u0308va\u0308 ja siten eliminoi riskin ka\u0308ytta\u0308ja\u0308tunnusvarkauksista.<\/span><\/p>\n<\/div>\n<\/div>\n<\/div>\n<\/div>\n<h3><strong><br \/>\nViranomaisille <\/strong><\/h3>\n<div class=\"page\" title=\"Page 1\">\n<div class=\"section\">\n<div class=\"layoutArea\">\n<div class=\"column\">\n<p><span style=\"font-weight: 400;\">Digi- ja v\u00e4est\u00f6tietoviraston myo\u0308nta\u0308ma\u0308 organisaatiokortti olisi mahdollista siirta\u0308a\u0308 HTID digilompakkoon, jolloin fyysisen kortin ja kortinlukijan ka\u0308yto\u0308sta\u0308 voitaisiin luopua kokonaan, tai ka\u0308ytta\u0308a\u0308 digilompakkoa niiden rinnalla. Digilompakko nopeuttaisi, monipuolistaisi ja yksinkertaistaisi organisaatiokortin ka\u0308ytto\u0308a\u0308, mahdollistaen myo\u0308s ka\u0308yto\u0308n liikkuvissa tilanteissa.<\/span><\/p>\n<p><span style=\"font-weight: 400;\">Digilompakko mahdollistaa ka\u0308ytta\u0308ja\u0308n varmentamisen biometrisesti kasvojentunnistuksella, sormenja\u0308ljella\u0308 ja pa\u0308a\u0308sykoodilla jolloin perinteisten ka\u0308ytta\u0308ja\u0308tunnusten va\u0308a\u0308rinka\u0308ytto\u0308 estyy. Tunnistautumistapahtuman tekija\u0308 on aina varmennettu.<\/span><span style=\"font-weight: 400;\"><br \/>\n<\/span><span style=\"font-weight: 400;\">Hightrust.id ratkaisun ka\u0308ytto\u0308 on kalastelun kesta\u0308va\u0308, koska se ei perustu perinteisiin ka\u0308ytta\u0308ja\u0308tunnus-salasana menetelma\u0308a\u0308n, vaan perustuu organisaatiokortin varmenteisiin, joiden ka\u0308ytto\u0308 takaa tunnistautumistapahtumalle korkeimman teknisen turvallisuuden.<\/span><\/p>\n<\/div>\n<\/div>\n<\/div>\n<\/div>\n<h3><strong><br \/>\nK\u00e4ytt\u00f6kohteita ja esimerkkej\u00e4<\/strong><\/h3>\n<p>&nbsp;<\/p>\n<p><strong>Organisaatiokortin k\u00e4ytt\u00f6 digilompakolla<br \/>\n<\/strong><span style=\"font-size: 1.125rem; letter-spacing: -0.27px;\">Viranomaissovelluksiin tunnistautuminen seka\u0308 allekirjoitusten tekeminen fyysisen organisaatiokortin sijaan digilompakolla myo\u0308s liikkuvissa tilanteissa, yhteiska\u0308ytto\u0308koneilla ja mobiililaitteilla.<\/span><\/p>\n<p><strong>Digilompakolla kirjautuminen toimistosovelluksiin<br \/>\n<\/strong><span style=\"font-size: 1.125rem; letter-spacing: -0.27px;\">Tunnistautuminen riskitto\u0308ma\u0308sti toimistosovelluksiin ilman perinteisia\u0308 ka\u0308ytta\u0308ja\u0308tunnus-salasana menetelmia\u0308. Liitetta\u0308essa\u0308 Hightrust.id organisaation ka\u0308ytta\u0308miin toimistosovelluksiin ja ka\u0308ytta\u0308ja\u0308rekisteriin (esim. Active Directory \/ EntraID) kirjautuminen yksinkertaistuu ja nopeutuu seka\u0308 va\u0308henta\u0308a\u0308 merkitta\u0308va\u0308sti tietoturvariskeja\u0308 verrattuna esimerkiksi ka\u0308ytta\u0308ja\u0308tunnus-salasana menetelmiin.<\/span><\/p>\n<div class=\"page\" title=\"Page 1\">\n<div class=\"section\">\n<div class=\"layoutArea\">\n<div class=\"column\">\n<p><strong>Kustannussa\u0308a\u0308sto\u0308ja\u0308 digilompakolla Istekki Oy:lle<\/strong><br \/>\n<span style=\"font-size: 1.125rem; letter-spacing: -0.27px;\">Istekki Oy valitsi Hightrust.id digilompakon osaksi uudistusta, jonka tavoitteena on tuottaa kustannussa\u0308a\u0308sto\u0308ja\u0308 Istekki Oy:n asiakkaille sosiaali- ja terveydenhuollon sektorilla. Uudistuksen tavoitteena on korvata nykyiset toimistosovellukset ja ympa\u0308risto\u0308t edullisemmilla Googlen ratkaisuilla ja pa\u0308a\u0308telaitteilla. Hightrust.id mahdollistaa kirjautumisen Googlen sovelluksiin ka\u0308ytta\u0308ma\u0308tta\u0308 Google-identiteettia\u0308, joka on tyypillisesti sidottu vain pa\u0308a\u0308telaitteen selaimeen eika\u0308 sovellu sellaisenaan ka\u0308ytto\u0308tarkoitukseen.<\/span><\/p>\n<\/div>\n<\/div>\n<\/div>\n<\/div>\n<div class=\"page\" title=\"Page 1\">\n<div class=\"section\">\n<div class=\"layoutArea\">\n<div class=\"column\">\n<p>Hightrust.id digilompakkoa ka\u0308ytetta\u0308essa\u0308 ka\u0308ytta\u0308ja\u0308t tunnistautuvat pa\u0308a\u0308telaitteeseen aina vahvasti seka\u0308 identiteetti on sidottu ka\u0308ytta\u0308ja\u0308n organisaatiokortin varmenteisiin. Lisa\u0308ksi digilompakko poistaa riskit perinteisten ka\u0308ytta\u0308ja\u0308tunnusten pa\u0308a\u0308tymisesta\u0308 va\u0308a\u0308riin ka\u0308siin.<\/p>\n<\/div>\n<\/div>\n<\/div>\n<\/div>\n<div class=\"page\" title=\"Page 1\">\n<div class=\"section\">\n<div class=\"layoutArea\">\n<div class=\"column\">\n<p><strong>Ylla\u0308pidon kirjautuminen turvallisemmaksi<\/strong><br \/>\n<span style=\"font-size: 1.125rem; letter-spacing: -0.27px;\">Ja\u0308rjestelma\u0308ylla\u0308pita\u0308jien ka\u0308yto\u0308ssa\u0308 olevat ylla\u0308pitotunnukset ovat organisaation kannalta ehdottoman kriittisia\u0308. Hightrust.id digilompakkoa ka\u0308ytetta\u0308essa\u0308, on ja\u0308rjestelmiin kirjautuminen entista\u0308 turvallisempaa seka\u0308 riskit va\u0308a\u0308rinka\u0308yto\u0308ksista\u0308 voidaan minimoida.<\/span><\/p>\n<\/div>\n<\/div>\n<\/div>\n<\/div>\n<\/div>            <\/div>\n        <\/div>\n    <\/div>\n<\/section>\n","protected":false},"excerpt":{"rendered":"","protected":false},"author":1,"featured_media":0,"parent":0,"menu_order":0,"comment_status":"closed","ping_status":"closed","template":"","meta":{"_acf_changed":false,"inline_featured_image":false,"_ht_theme_hide_title":false,"footnotes":""},"class_list":["post-987","page","type-page","status-publish","hentry","post","without-featured-image"],"acf":[],"yoast_head":"<!-- This site is optimized with the Yoast SEO plugin v27.2 - https:\/\/yoast.com\/product\/yoast-seo-wordpress\/ -->\n<title>Hightrust.id viranomaisille - hightrust.id<\/title>\n<meta name=\"robots\" content=\"index, follow, max-snippet:-1, max-image-preview:large, max-video-preview:-1\" \/>\n<link rel=\"canonical\" href=\"https:\/\/hightrust.id\/sv\/hightrust-id-viranomaisille\/\" \/>\n<meta property=\"og:locale\" content=\"sv_SE\" \/>\n<meta property=\"og:type\" content=\"article\" \/>\n<meta property=\"og:title\" content=\"Hightrust.id viranomaisille - hightrust.id\" \/>\n<meta property=\"og:url\" content=\"https:\/\/hightrust.id\/sv\/hightrust-id-viranomaisille\/\" \/>\n<meta property=\"og:site_name\" content=\"hightrust.id\" \/>\n<meta property=\"article:modified_time\" content=\"2024-11-13T11:00:53+00:00\" \/>\n<meta name=\"twitter:card\" content=\"summary_large_image\" \/>\n<script type=\"application\/ld+json\" class=\"yoast-schema-graph\">{\"@context\":\"https:\/\/schema.org\",\"@graph\":[{\"@type\":\"WebPage\",\"@id\":\"https:\/\/hightrust.id\/sv\/hightrust-id-viranomaisille\/\",\"url\":\"https:\/\/hightrust.id\/sv\/hightrust-id-viranomaisille\/\",\"name\":\"Hightrust.id viranomaisille - hightrust.id\",\"isPartOf\":{\"@id\":\"https:\/\/hightrust.id\/sv\/#website\"},\"datePublished\":\"2024-10-16T18:20:34+00:00\",\"dateModified\":\"2024-11-13T11:00:53+00:00\",\"breadcrumb\":{\"@id\":\"https:\/\/hightrust.id\/sv\/hightrust-id-viranomaisille\/#breadcrumb\"},\"inLanguage\":\"sv-SE\",\"potentialAction\":[{\"@type\":\"ReadAction\",\"target\":[\"https:\/\/hightrust.id\/sv\/hightrust-id-viranomaisille\/\"]}]},{\"@type\":\"BreadcrumbList\",\"@id\":\"https:\/\/hightrust.id\/sv\/hightrust-id-viranomaisille\/#breadcrumb\",\"itemListElement\":[{\"@type\":\"ListItem\",\"position\":1,\"name\":\"Hemsida\",\"item\":\"https:\/\/hightrust.id\/sv\/\"},{\"@type\":\"ListItem\",\"position\":2,\"name\":\"Hightrust.id viranomaisille\"}]},{\"@type\":\"WebSite\",\"@id\":\"https:\/\/hightrust.id\/sv\/#website\",\"url\":\"https:\/\/hightrust.id\/sv\/\",\"name\":\"hightrust.id\",\"description\":\"\",\"publisher\":{\"@id\":\"https:\/\/hightrust.id\/sv\/#organization\"},\"potentialAction\":[{\"@type\":\"SearchAction\",\"target\":{\"@type\":\"EntryPoint\",\"urlTemplate\":\"https:\/\/hightrust.id\/sv\/?s={search_term_string}\"},\"query-input\":{\"@type\":\"PropertyValueSpecification\",\"valueRequired\":true,\"valueName\":\"search_term_string\"}}],\"inLanguage\":\"sv-SE\"},{\"@type\":\"Organization\",\"@id\":\"https:\/\/hightrust.id\/sv\/#organization\",\"name\":\"hightrust.id\",\"url\":\"https:\/\/hightrust.id\/sv\/\",\"logo\":{\"@type\":\"ImageObject\",\"inLanguage\":\"sv-SE\",\"@id\":\"https:\/\/hightrust.id\/sv\/#\/schema\/logo\/image\/\",\"url\":\"https:\/\/hightrust.id\/wp-content\/uploads\/2024\/10\/Hightrust-logo.svg\",\"contentUrl\":\"https:\/\/hightrust.id\/wp-content\/uploads\/2024\/10\/Hightrust-logo.svg\",\"width\":862,\"height\":197,\"caption\":\"hightrust.id\"},\"image\":{\"@id\":\"https:\/\/hightrust.id\/sv\/#\/schema\/logo\/image\/\"}}]}<\/script>\n<!-- \/ Yoast SEO plugin. -->","yoast_head_json":{"title":"Hightrust.id viranomaisille - hightrust.id","robots":{"index":"index","follow":"follow","max-snippet":"max-snippet:-1","max-image-preview":"max-image-preview:large","max-video-preview":"max-video-preview:-1"},"canonical":"https:\/\/hightrust.id\/sv\/hightrust-id-viranomaisille\/","og_locale":"sv_SE","og_type":"article","og_title":"Hightrust.id viranomaisille - hightrust.id","og_url":"https:\/\/hightrust.id\/sv\/hightrust-id-viranomaisille\/","og_site_name":"hightrust.id","article_modified_time":"2024-11-13T11:00:53+00:00","twitter_card":"summary_large_image","schema":{"@context":"https:\/\/schema.org","@graph":[{"@type":"WebPage","@id":"https:\/\/hightrust.id\/sv\/hightrust-id-viranomaisille\/","url":"https:\/\/hightrust.id\/sv\/hightrust-id-viranomaisille\/","name":"Hightrust.id viranomaisille - hightrust.id","isPartOf":{"@id":"https:\/\/hightrust.id\/sv\/#website"},"datePublished":"2024-10-16T18:20:34+00:00","dateModified":"2024-11-13T11:00:53+00:00","breadcrumb":{"@id":"https:\/\/hightrust.id\/sv\/hightrust-id-viranomaisille\/#breadcrumb"},"inLanguage":"sv-SE","potentialAction":[{"@type":"ReadAction","target":["https:\/\/hightrust.id\/sv\/hightrust-id-viranomaisille\/"]}]},{"@type":"BreadcrumbList","@id":"https:\/\/hightrust.id\/sv\/hightrust-id-viranomaisille\/#breadcrumb","itemListElement":[{"@type":"ListItem","position":1,"name":"Hemsida","item":"https:\/\/hightrust.id\/sv\/"},{"@type":"ListItem","position":2,"name":"Hightrust.id viranomaisille"}]},{"@type":"WebSite","@id":"https:\/\/hightrust.id\/sv\/#website","url":"https:\/\/hightrust.id\/sv\/","name":"hightrust.id","description":"","publisher":{"@id":"https:\/\/hightrust.id\/sv\/#organization"},"potentialAction":[{"@type":"SearchAction","target":{"@type":"EntryPoint","urlTemplate":"https:\/\/hightrust.id\/sv\/?s={search_term_string}"},"query-input":{"@type":"PropertyValueSpecification","valueRequired":true,"valueName":"search_term_string"}}],"inLanguage":"sv-SE"},{"@type":"Organization","@id":"https:\/\/hightrust.id\/sv\/#organization","name":"hightrust.id","url":"https:\/\/hightrust.id\/sv\/","logo":{"@type":"ImageObject","inLanguage":"sv-SE","@id":"https:\/\/hightrust.id\/sv\/#\/schema\/logo\/image\/","url":"https:\/\/hightrust.id\/wp-content\/uploads\/2024\/10\/Hightrust-logo.svg","contentUrl":"https:\/\/hightrust.id\/wp-content\/uploads\/2024\/10\/Hightrust-logo.svg","width":862,"height":197,"caption":"hightrust.id"},"image":{"@id":"https:\/\/hightrust.id\/sv\/#\/schema\/logo\/image\/"}}]}},"_links":{"self":[{"href":"https:\/\/hightrust.id\/sv\/wp-json\/wp\/v2\/pages\/987","targetHints":{"allow":["GET"]}}],"collection":[{"href":"https:\/\/hightrust.id\/sv\/wp-json\/wp\/v2\/pages"}],"about":[{"href":"https:\/\/hightrust.id\/sv\/wp-json\/wp\/v2\/types\/page"}],"author":[{"embeddable":true,"href":"https:\/\/hightrust.id\/sv\/wp-json\/wp\/v2\/users\/1"}],"replies":[{"embeddable":true,"href":"https:\/\/hightrust.id\/sv\/wp-json\/wp\/v2\/comments?post=987"}],"version-history":[{"count":0,"href":"https:\/\/hightrust.id\/sv\/wp-json\/wp\/v2\/pages\/987\/revisions"}],"wp:attachment":[{"href":"https:\/\/hightrust.id\/sv\/wp-json\/wp\/v2\/media?parent=987"}],"curies":[{"name":"wp","href":"https:\/\/api.w.org\/{rel}","templated":true}]}}