{"id":941,"date":"2024-10-16T17:21:14","date_gmt":"2024-10-16T17:21:14","guid":{"rendered":"https:\/\/hightrustid.wpenginepowered.com\/stark-elektronisk-identifiering\/"},"modified":"2024-11-13T10:25:44","modified_gmt":"2024-11-13T10:25:44","slug":"vahva-sahkoinen-tunnistaminen","status":"publish","type":"page","link":"https:\/\/hightrust.id\/sv\/vahva-sahkoinen-tunnistaminen\/","title":{"rendered":"Vahva s\u00e4hkoinen tunnistaminen"},"content":{"rendered":"\n<section\n        class=\"title-text-bg\">\n    <div style=\"background: #ffffff\">\n        <div class=\"container-full title-text-bg__content\">\n            <div class=\"title-text-bg__content-wrap\">\n                <div class=\"title-text-bg__content-text\"><div class=\"page\" title=\"Page 1\">\n<div class=\"section\">\n<div class=\"layoutArea\">\n<div class=\"column\">\n<p>Vahvalla sa\u0308hko\u0308isella\u0308 tunnistamisella tarkoitetaan henkilo\u0308llisyyden todentamista sa\u0308hko\u0308isesti. Vahvan sa\u0308hko\u0308isen tunnistamisen avulla kuluttajat voivat turvallisesti vahvistaa henkilo\u0308llisyytensa\u0308 erilaisissa sa\u0308hko\u0308isissa\u0308 palveluissa ja sa\u0308hko\u0308isten asiointipalveluiden tarjoajat voivat tunnistaa asiakkaansa.<\/p>\n<p>Vahvan sa\u0308hko\u0308isen tunnistamisen yleinen ohjaus ja kehitta\u0308minen kuuluvat liikenne- ja viestinta\u0308ministerio\u0308lle. Julkishallinnon sa\u0308hko\u0308isen asioinnin ohjaus kuuluu valtiovarainministerio\u0308lle. Julkishallinnon Suomi.fi -asiointipalvelusta vastaa valtiovarainministerio\u0308n hallinnonalalle kuuluva Digi- ja va\u0308esto\u0308tietovirasto (DVV).<\/p>\n<p>Vahvan sa\u0308hko\u0308isen tunnistuspalvelun tarjoajat muodostavat tunnistus- ja luottamuspalvelulain (617\/2009) nojalla muodostuvan sa\u0308hko\u0308isen tunnistamisen luottamusverkoston.<\/p>\n<\/div>\n<\/div>\n<\/div>\n<\/div>\n<div class=\"page\" title=\"Page 1\">\n<div class=\"section\">\n<div class=\"layoutArea\">\n<div class=\"column\">\n<p>Liikenne- ja viestinta\u0308virasto Traficomin Kyberturvallisuuskeskus valvoo, etta\u0308 palvelut ovat luotettavia ja tietoturvallisia. Kun palvelut ta\u0308ytta\u0308va\u0308t niille sa\u0308a\u0308detyt vaatimukset, ne merkita\u0308a\u0308n Kyberturvallissuus keskuksen ylla\u0308pita\u0308ma\u0308a\u0308n <a href=\"https:\/\/www.kyberturvallisuuskeskus.fi\/sites\/default\/files\/media\/file\/Tunnistuspalvelurekisteri_8_10_2024.XLSX\">tunnistuspalvelurekisteriin<\/a> Suomeen sijoittuneista vahvaa sa\u0308hko\u0308ista\u0308 tunnistamista tarjoavista palveluntarjoajista seka\u0308 niiden tarjoamista palveluista.<\/p>\n<\/div>\n<\/div>\n<\/div>\n<\/div>\n<h3><strong><br \/>\nSuomalaiset vahvat s\u00e4hk\u00f6iset tunnistusv\u00e4lineet ja tunnistuspalvelut<\/strong><\/h3>\n<p>&nbsp;<\/p>\n<ol>\n<li><strong>Pankkitunnukset ovat eri pankkien my\u00f6nt\u00e4mi\u00e4 tunnistusv\u00e4lineit\u00e4.<\/strong>\n<ol type=\"a\">\n<li>Pankkitunnusten saaminen edellytt\u00e4\u00e4 sopimusta suomalaisen pankin kanssa.<\/li>\n<li>Asiantuntijat ja osa pankeista kannustavat k\u00e4ytt\u00e4m\u00e4\u00e4n pankkitunnistetta ainoastaan pankkiasiointiin.<\/li>\n<li>EU:n eIDAS-asetuksen 910\/2014 mukaan s\u00e4hk\u00f6isen tunnistamisen j\u00e4rjestelm\u00e4t sek\u00e4 s\u00e4hk\u00f6iset allekirjoitukset luokitellaan kolmeen varmuus- ja \/tai turvallisuustasoon: Pankkitunnus on korotetun varmuustason tunnistusv\u00e4line (LoA Substantial) ja sill\u00e4 tehty allekirjoitus on kehittynyt s\u00e4hk\u00f6inen allekirjoitus (An advanced electronic signature &#8211; AdES).<\/li>\n<\/ol>\n<\/li>\n<li><strong>Mobiilivarmenne on suomalaisten matkapuhelinoperaattorien tarjoama palvelu.<\/strong>\n<ol type=\"a\">\n<li>Mobiilitunnistautuminen toimii kaikilla matkapuhelimilla, mutta vahvaan tunnistautumiseen tarvitaan matkapuhelimen SIM-kortille aktivoitu mobiilivarmenne.<\/li>\n<li>Mobiilivarmenne on matkapuhelimen SIM-kortilla oleva k\u00e4ytt\u00e4j\u00e4n s\u00e4hk\u00f6inen henkil\u00f6llisyys.<\/li>\n<li>Mobiilivarmenteen k\u00e4ytt\u00f6\u00f6notto edellytt\u00e4\u00e4, ett\u00e4 asianomaisella on DNA:n, Elisan tai Telian matkapuhelinliittym\u00e4 sek\u00e4 suomalaiset pankkitunnukset, jotka tarvitaan henkil\u00f6llisyyden todentamiseen k\u00e4ytt\u00f6\u00f6noton yhteydess\u00e4.<\/li>\n<li>EU:n eIDAS-asetuksen 910\/2014 mukaan s\u00e4hk\u00f6isen tunnistamisen j\u00e4rjestelm\u00e4t sek\u00e4 s\u00e4hk\u00f6iset allekirjoitukset luokitellaan kolmeen varmuus- ja \/tai turvallisuustasoon: Mobiilivarmenne on korotetun varmuustason tunnistusv\u00e4line (LoA Substantial) ja sill\u00e4 tehty allekirjoitus on kehittynyt s\u00e4hk\u00f6inen allekirjoitus (An advanced electronic signature &#8211; AdES).<\/li>\n<\/ol>\n<\/li>\n<li><strong>Poliisin my\u00f6nt\u00e4m\u00e4 henkil\u00f6kortti on kuvallinen asiakirja, jonka avulla Suomen kansalainen voidaan luotettavasti tunnistaa.<\/strong>\n<ol type=\"a\">\n<li>Henkil\u00f6kortti on valtiollinen varmennekortti, joka on ollut k\u00e4yt\u00f6ss\u00e4 vuodesta 1999. Henkil\u00f6kortin kansalaisvarmenne sijaitsee ISO -spesifikaation mukaisessa sirussa, joka on integroitu poliisin my\u00f6nt\u00e4m\u00e4\u00e4n henkil\u00f6korttiin. Sen avulla henkil\u00f6llisyys voidaan osoittaa s\u00e4hk\u00f6isess\u00e4 asioinnissa.<\/li>\n<li>Henkil\u00f6kortin hakeminen vaatii usein henkil\u00f6kohtaisen k\u00e4ynnin poliisin lupapisteess\u00e4. Henkil\u00f6korttia voi hakea my\u00f6s s\u00e4hk\u00f6isesti, mutta poliisin asiointipalveluun kirjautuminen vaatii vahvan tunnistautumisen.<\/li>\n<li>Jotta kansalaisvarmennetta voi k\u00e4ytt\u00e4\u00e4 s\u00e4hk\u00f6iseen asiointiin, on kansalaisvarmenne aktivoitava.<\/li>\n<li>Aktivoidun kansalaisvarmenteen k\u00e4ytt\u00e4minen s\u00e4hk\u00f6iseen vahvaan tunnistautumiseen on toistaiseksi tapahtunut tietokoneen kautta, kun siihen on kytketty ulkoinen sirukortinlukija ja asennettu kortinlukijaohjelmisto. Varmanteen k\u00e4ytt\u00e4minen mobiilissa on mahdollistunut higtrust.id mobiilisovelluksen avulla (5).<\/li>\n<li>\n<div>EU:n eIDAS-asetuksen 910\/2014 mukaan s\u00e4hk\u00f6isen tunnistamisen j\u00e4rjestelm\u00e4t sek\u00e4 s\u00e4hk\u00f6iset allekirjoitukset luokitellaan kolmeen varmuus- ja \/tai turvallisuustasoon, kansalaisvarmenteen ominaisuudet s\u00e4hk\u00f6iseen asiointiin ovat ylivertaiset:<em><br \/>\n<\/em>Kansalaisvarmenne on korkean varmuustason tunnistusv\u00e4line (Level of Assurance \u2013 LoA High) ja sill\u00e4 toteutetaan hyv\u00e4ksytty s\u00e4hk\u00f6inen allekirjoitus (A qualified electronic signature \u2013 QES), jonka oikeusvaikutus on kiist\u00e4m\u00e4t\u00f6n EU alueella.<\/div>\n<\/li>\n<\/ol>\n<\/li>\n<li><strong>DVV:n my\u00f6nt\u00e4m\u00e4t organisaatiokortit ovat varmennekortteja, joiden avulla ty\u00f6ntekij\u00e4 voi tunnistautua julkishallinnon asiointipalveluihin my\u00f6s yksityisel\u00e4m\u00e4ss\u00e4\u00e4n.<\/strong>\n<ol type=\"a\">\n<li>Varmennekortilla tunnistamiseen tarvitaan toistaiseksi tietokoneen lis\u00e4ksi ulkoinen sirukortinlukija ja asennettu kortinlukijaohjelmisto.<\/li>\n<li>Varmennekortitien k\u00e4ytt\u00e4minen mobiilissa mahdollistuu, kun VARTTI rajapinta toteutetaan hightrust.id mobiilisovellukseen.<\/li>\n<\/ol>\n<\/li>\n<li><b>Hightrust.id on suomalaisen Megical Oy:n tarjoama palvelu.<\/b>\n<ol type=\"a\">\n<li>Lataamalla matkapuhelimeen tai mobiililaitteeseen (tai NFC sirun omaava tabletti) maksutta hightrust.id mobiilisovelluksen, ja yhdist\u00e4m\u00e4ll\u00e4 siihen poliisin 31.8.2021 ja\u0308lkeen myo\u0308nt\u00e4m\u00e4n henkilo\u0308kortin kansalaisvarmenne, kansalainen voi k\u00e4ytt\u00e4\u00e4 hightrust.id digilompakkoa vahvaan s\u00e4hk\u00f6iseen tunnistamiseen ja toteuttaa hyv\u00e4ksytyn s\u00e4hk\u00f6isen allekirjoituksen.<b><br \/>\n<\/b><\/li>\n<\/ol>\n<\/li>\n<\/ol>\n<\/div>            <\/div>\n        <\/div>\n    <\/div>\n<\/section>\n","protected":false},"excerpt":{"rendered":"","protected":false},"author":1,"featured_media":0,"parent":0,"menu_order":0,"comment_status":"closed","ping_status":"closed","template":"","meta":{"_acf_changed":false,"inline_featured_image":false,"_ht_theme_hide_title":false,"footnotes":""},"class_list":["post-941","page","type-page","status-publish","hentry","post","without-featured-image"],"acf":[],"yoast_head":"<!-- This site is optimized with the Yoast SEO plugin v27.4 - https:\/\/yoast.com\/product\/yoast-seo-wordpress\/ -->\n<title>Vahva s\u00e4hkoinen tunnistaminen - hightrust.id<\/title>\n<meta name=\"robots\" content=\"index, follow, max-snippet:-1, max-image-preview:large, max-video-preview:-1\" \/>\n<link rel=\"canonical\" href=\"https:\/\/hightrust.id\/sv\/vahva-sahkoinen-tunnistaminen\/\" \/>\n<meta property=\"og:locale\" content=\"sv_SE\" \/>\n<meta property=\"og:type\" content=\"article\" \/>\n<meta property=\"og:title\" content=\"Vahva s\u00e4hkoinen tunnistaminen - hightrust.id\" \/>\n<meta property=\"og:url\" content=\"https:\/\/hightrust.id\/sv\/vahva-sahkoinen-tunnistaminen\/\" \/>\n<meta property=\"og:site_name\" content=\"hightrust.id\" \/>\n<meta property=\"article:modified_time\" content=\"2024-11-13T10:25:44+00:00\" \/>\n<meta name=\"twitter:card\" content=\"summary_large_image\" \/>\n<script type=\"application\/ld+json\" class=\"yoast-schema-graph\">{\"@context\":\"https:\\\/\\\/schema.org\",\"@graph\":[{\"@type\":\"WebPage\",\"@id\":\"https:\\\/\\\/hightrust.id\\\/sv\\\/vahva-sahkoinen-tunnistaminen\\\/\",\"url\":\"https:\\\/\\\/hightrust.id\\\/sv\\\/vahva-sahkoinen-tunnistaminen\\\/\",\"name\":\"Vahva s\u00e4hkoinen tunnistaminen - hightrust.id\",\"isPartOf\":{\"@id\":\"https:\\\/\\\/hightrust.id\\\/sv\\\/#website\"},\"datePublished\":\"2024-10-16T17:21:14+00:00\",\"dateModified\":\"2024-11-13T10:25:44+00:00\",\"breadcrumb\":{\"@id\":\"https:\\\/\\\/hightrust.id\\\/sv\\\/vahva-sahkoinen-tunnistaminen\\\/#breadcrumb\"},\"inLanguage\":\"sv-SE\",\"potentialAction\":[{\"@type\":\"ReadAction\",\"target\":[\"https:\\\/\\\/hightrust.id\\\/sv\\\/vahva-sahkoinen-tunnistaminen\\\/\"]}]},{\"@type\":\"BreadcrumbList\",\"@id\":\"https:\\\/\\\/hightrust.id\\\/sv\\\/vahva-sahkoinen-tunnistaminen\\\/#breadcrumb\",\"itemListElement\":[{\"@type\":\"ListItem\",\"position\":1,\"name\":\"Hemsida\",\"item\":\"https:\\\/\\\/hightrust.id\\\/sv\\\/\"},{\"@type\":\"ListItem\",\"position\":2,\"name\":\"Vahva s\u00e4hkoinen tunnistaminen\"}]},{\"@type\":\"WebSite\",\"@id\":\"https:\\\/\\\/hightrust.id\\\/sv\\\/#website\",\"url\":\"https:\\\/\\\/hightrust.id\\\/sv\\\/\",\"name\":\"hightrust.id\",\"description\":\"\",\"publisher\":{\"@id\":\"https:\\\/\\\/hightrust.id\\\/sv\\\/#organization\"},\"potentialAction\":[{\"@type\":\"SearchAction\",\"target\":{\"@type\":\"EntryPoint\",\"urlTemplate\":\"https:\\\/\\\/hightrust.id\\\/sv\\\/?s={search_term_string}\"},\"query-input\":{\"@type\":\"PropertyValueSpecification\",\"valueRequired\":true,\"valueName\":\"search_term_string\"}}],\"inLanguage\":\"sv-SE\"},{\"@type\":\"Organization\",\"@id\":\"https:\\\/\\\/hightrust.id\\\/sv\\\/#organization\",\"name\":\"hightrust.id\",\"url\":\"https:\\\/\\\/hightrust.id\\\/sv\\\/\",\"logo\":{\"@type\":\"ImageObject\",\"inLanguage\":\"sv-SE\",\"@id\":\"https:\\\/\\\/hightrust.id\\\/sv\\\/#\\\/schema\\\/logo\\\/image\\\/\",\"url\":\"https:\\\/\\\/hightrust.id\\\/wp-content\\\/uploads\\\/2024\\\/10\\\/Hightrust-logo.svg\",\"contentUrl\":\"https:\\\/\\\/hightrust.id\\\/wp-content\\\/uploads\\\/2024\\\/10\\\/Hightrust-logo.svg\",\"width\":862,\"height\":197,\"caption\":\"hightrust.id\"},\"image\":{\"@id\":\"https:\\\/\\\/hightrust.id\\\/sv\\\/#\\\/schema\\\/logo\\\/image\\\/\"}}]}<\/script>\n<!-- \/ Yoast SEO plugin. -->","yoast_head_json":{"title":"Vahva s\u00e4hkoinen tunnistaminen - hightrust.id","robots":{"index":"index","follow":"follow","max-snippet":"max-snippet:-1","max-image-preview":"max-image-preview:large","max-video-preview":"max-video-preview:-1"},"canonical":"https:\/\/hightrust.id\/sv\/vahva-sahkoinen-tunnistaminen\/","og_locale":"sv_SE","og_type":"article","og_title":"Vahva s\u00e4hkoinen tunnistaminen - hightrust.id","og_url":"https:\/\/hightrust.id\/sv\/vahva-sahkoinen-tunnistaminen\/","og_site_name":"hightrust.id","article_modified_time":"2024-11-13T10:25:44+00:00","twitter_card":"summary_large_image","schema":{"@context":"https:\/\/schema.org","@graph":[{"@type":"WebPage","@id":"https:\/\/hightrust.id\/sv\/vahva-sahkoinen-tunnistaminen\/","url":"https:\/\/hightrust.id\/sv\/vahva-sahkoinen-tunnistaminen\/","name":"Vahva s\u00e4hkoinen tunnistaminen - hightrust.id","isPartOf":{"@id":"https:\/\/hightrust.id\/sv\/#website"},"datePublished":"2024-10-16T17:21:14+00:00","dateModified":"2024-11-13T10:25:44+00:00","breadcrumb":{"@id":"https:\/\/hightrust.id\/sv\/vahva-sahkoinen-tunnistaminen\/#breadcrumb"},"inLanguage":"sv-SE","potentialAction":[{"@type":"ReadAction","target":["https:\/\/hightrust.id\/sv\/vahva-sahkoinen-tunnistaminen\/"]}]},{"@type":"BreadcrumbList","@id":"https:\/\/hightrust.id\/sv\/vahva-sahkoinen-tunnistaminen\/#breadcrumb","itemListElement":[{"@type":"ListItem","position":1,"name":"Hemsida","item":"https:\/\/hightrust.id\/sv\/"},{"@type":"ListItem","position":2,"name":"Vahva s\u00e4hkoinen tunnistaminen"}]},{"@type":"WebSite","@id":"https:\/\/hightrust.id\/sv\/#website","url":"https:\/\/hightrust.id\/sv\/","name":"hightrust.id","description":"","publisher":{"@id":"https:\/\/hightrust.id\/sv\/#organization"},"potentialAction":[{"@type":"SearchAction","target":{"@type":"EntryPoint","urlTemplate":"https:\/\/hightrust.id\/sv\/?s={search_term_string}"},"query-input":{"@type":"PropertyValueSpecification","valueRequired":true,"valueName":"search_term_string"}}],"inLanguage":"sv-SE"},{"@type":"Organization","@id":"https:\/\/hightrust.id\/sv\/#organization","name":"hightrust.id","url":"https:\/\/hightrust.id\/sv\/","logo":{"@type":"ImageObject","inLanguage":"sv-SE","@id":"https:\/\/hightrust.id\/sv\/#\/schema\/logo\/image\/","url":"https:\/\/hightrust.id\/wp-content\/uploads\/2024\/10\/Hightrust-logo.svg","contentUrl":"https:\/\/hightrust.id\/wp-content\/uploads\/2024\/10\/Hightrust-logo.svg","width":862,"height":197,"caption":"hightrust.id"},"image":{"@id":"https:\/\/hightrust.id\/sv\/#\/schema\/logo\/image\/"}}]}},"_links":{"self":[{"href":"https:\/\/hightrust.id\/sv\/wp-json\/wp\/v2\/pages\/941","targetHints":{"allow":["GET"]}}],"collection":[{"href":"https:\/\/hightrust.id\/sv\/wp-json\/wp\/v2\/pages"}],"about":[{"href":"https:\/\/hightrust.id\/sv\/wp-json\/wp\/v2\/types\/page"}],"author":[{"embeddable":true,"href":"https:\/\/hightrust.id\/sv\/wp-json\/wp\/v2\/users\/1"}],"replies":[{"embeddable":true,"href":"https:\/\/hightrust.id\/sv\/wp-json\/wp\/v2\/comments?post=941"}],"version-history":[{"count":0,"href":"https:\/\/hightrust.id\/sv\/wp-json\/wp\/v2\/pages\/941\/revisions"}],"wp:attachment":[{"href":"https:\/\/hightrust.id\/sv\/wp-json\/wp\/v2\/media?parent=941"}],"curies":[{"name":"wp","href":"https:\/\/api.w.org\/{rel}","templated":true}]}}