{"id":882,"date":"2024-10-16T15:47:47","date_gmt":"2024-10-16T15:47:47","guid":{"rendered":"https:\/\/hightrustid.wpenginepowered.com\/villkor-for-inforande-av-en-digital-planbok\/"},"modified":"2024-11-13T11:08:57","modified_gmt":"2024-11-13T11:08:57","slug":"digilompakon-kayttoonoton-termit","status":"publish","type":"page","link":"https:\/\/hightrust.id\/sv\/digilompakon-kayttoonoton-termit\/","title":{"rendered":"Digilompakon k\u00e4ytt\u00f6\u00f6noton termit"},"content":{"rendered":"\n<section\n        class=\"title-text-bg\">\n    <div style=\"background: #ffffff\">\n        <div class=\"container-full title-text-bg__content\">\n            <div class=\"title-text-bg__content-wrap\">\n                <div class=\"title-text-bg__content-text\"><h3><strong>Aktivointi<\/strong><\/h3>\n<div class=\"page\" title=\"Page 1\">\n<div class=\"section\">\n<div class=\"layoutArea\">\n<div class=\"column\">\n<p>Aktivointi tarkoittaa kansalaisvarmenteen ottamista ka\u0308ytto\u0308o\u0308n. Aktivoinnissa ka\u0308ytta\u0308ja\u0308 luo varmenteelle kaksi (2) henkilo\u0308kohtaista tunnuslukua.<\/p>\n<\/div>\n<\/div>\n<\/div>\n<\/div>\n<h3><strong>Kansalaisvarmenteen k\u00e4ytt\u00f6\u00f6n liittyv\u00e4t tunnusluvut:<\/strong><\/h3>\n<p><strong><br \/>\nAktivointitunnusluku<br \/>\n<\/strong><span style=\"font-size: 1.125rem; letter-spacing: -0.27px;\">Aktivointitunnusluvun avulla varmenne otetaan ka\u0308ytto\u0308o\u0308n. Lisa\u0308ksi aktivointitunnusluvun avulla voi myo\u0308hemmin vaihtaa tai avata lukkiutuneet PIN-tunnusluvut.<\/span><\/p>\n<p><strong>Perustunnusluku (PIN1)<br \/>\n<\/strong><span style=\"font-size: 1.125rem; letter-spacing: -0.27px;\">Perustunnusluvun avulla voit tunnistautua sa\u0308hko\u0308isiin asiointipalveluihin.<\/span><\/p>\n<p><strong>Allekirjoitustunnusluku (PIN2)<br \/>\n<\/strong><span style=\"font-size: 1.125rem; letter-spacing: -0.27px;\">Allekirjoitustunnusluvun avulla voit tehda\u0308 sa\u0308hko\u0308isen allekirjoituksen.<\/span><\/p>\n<p><strong>S\u00e4hk\u00f6inen asiointi:<br \/>\n<\/strong><span style=\"font-size: 1.125rem; letter-spacing: -0.27px;\">Sa\u0308hko\u0308isella\u0308 asioinnilla tarkoitetaan asioiden hoitamista vahvaa tunnistautumista edellytta\u0308vissa\u0308 sa\u0308hko\u0308isissa\u0308 palveluissa. Sa\u0308hko\u0308isia\u0308 palveluita ovat esimerkiksi OmaVero ja Omakanta. Viranomaisten sa\u0308hko\u0308isiin palveluihin kirjaudutaan vahvalla tunnistautumisella, esimerkiksi pankkitunnuksilla, kansalaisvarmenteella tai mobiilivarmenteella.<\/span><\/p>\n<p><strong>S\u00e4hk\u00f6inen allekirjoitus:<br \/>\n<\/strong><span style=\"font-size: 1.125rem; letter-spacing: -0.27px;\">Sa\u0308hko\u0308inen allekirjoitus eli digitaalinen allekirjoitus varmentaa esimerkiksi viestin tai tiedon allekirjoittajan henkilo\u0308llisyyden. Kansalaisvarmenteella tehty sa\u0308hko\u0308inen allekirjoitus on tasoltaan hyva\u0308ksytty sa\u0308hko\u0308inen allekirjoitus, joka vastaa ka\u0308sin kirjoitettua allekirjoitusta.<\/span><\/p>\n<div class=\"page\" title=\"Page 1\">\n<div class=\"section\">\n<div class=\"layoutArea\">\n<div class=\"column\">\n<p>Sa\u0308hko\u0308isia\u0308 palveluita ovat esimerkiksi OmaVero ja Omakanta. Viranomaisten sa\u0308hko\u0308isiin palveluihin kirjaudutaan vahvalla tunnistautumisella, esimerkiksi pankkitunnuksilla, kansalaisvarmenteella tai mobiilivarmenteella.<\/p>\n<\/div>\n<\/div>\n<\/div>\n<\/div>\n<p><strong>S\u00e4hk\u00f6inen allekirjoitus:<br \/>\n<\/strong><span style=\"font-size: 1.125rem; letter-spacing: -0.27px;\">Sa\u0308hko\u0308inen allekirjoitus eli digitaalinen allekirjoitus varmentaa esimerkiksi viestin tai tiedon allekirjoittajan henkilo\u0308llisyyden. Kansalaisvarmenteella tehty sa\u0308hko\u0308inen allekirjoitus on tasoltaan hyva\u0308ksytty sa\u0308hko\u0308inen allekirjoitus, joka vastaa ka\u0308sin kirjoitettua allekirjoitusta.<\/span><\/p>\n<\/div>            <\/div>\n        <\/div>\n    <\/div>\n<\/section>\n","protected":false},"excerpt":{"rendered":"","protected":false},"author":1,"featured_media":0,"parent":0,"menu_order":0,"comment_status":"closed","ping_status":"closed","template":"","meta":{"_acf_changed":false,"inline_featured_image":false,"_ht_theme_hide_title":false,"footnotes":""},"class_list":["post-882","page","type-page","status-publish","hentry","post","without-featured-image"],"acf":[],"yoast_head":"<!-- This site is optimized with the Yoast SEO plugin v27.3 - https:\/\/yoast.com\/product\/yoast-seo-wordpress\/ -->\n<title>Digilompakon k\u00e4ytt\u00f6\u00f6noton termit - hightrust.id<\/title>\n<meta name=\"robots\" content=\"index, follow, max-snippet:-1, max-image-preview:large, max-video-preview:-1\" \/>\n<link rel=\"canonical\" href=\"https:\/\/hightrust.id\/sv\/digilompakon-kayttoonoton-termit\/\" \/>\n<meta property=\"og:locale\" content=\"sv_SE\" \/>\n<meta property=\"og:type\" content=\"article\" \/>\n<meta property=\"og:title\" content=\"Digilompakon k\u00e4ytt\u00f6\u00f6noton termit - hightrust.id\" \/>\n<meta property=\"og:url\" content=\"https:\/\/hightrust.id\/sv\/digilompakon-kayttoonoton-termit\/\" \/>\n<meta property=\"og:site_name\" content=\"hightrust.id\" \/>\n<meta property=\"article:modified_time\" content=\"2024-11-13T11:08:57+00:00\" \/>\n<meta name=\"twitter:card\" content=\"summary_large_image\" \/>\n<script type=\"application\/ld+json\" class=\"yoast-schema-graph\">{\"@context\":\"https:\\\/\\\/schema.org\",\"@graph\":[{\"@type\":\"WebPage\",\"@id\":\"https:\\\/\\\/hightrust.id\\\/sv\\\/digilompakon-kayttoonoton-termit\\\/\",\"url\":\"https:\\\/\\\/hightrust.id\\\/sv\\\/digilompakon-kayttoonoton-termit\\\/\",\"name\":\"Digilompakon k\u00e4ytt\u00f6\u00f6noton termit - hightrust.id\",\"isPartOf\":{\"@id\":\"https:\\\/\\\/hightrust.id\\\/sv\\\/#website\"},\"datePublished\":\"2024-10-16T15:47:47+00:00\",\"dateModified\":\"2024-11-13T11:08:57+00:00\",\"breadcrumb\":{\"@id\":\"https:\\\/\\\/hightrust.id\\\/sv\\\/digilompakon-kayttoonoton-termit\\\/#breadcrumb\"},\"inLanguage\":\"sv-SE\",\"potentialAction\":[{\"@type\":\"ReadAction\",\"target\":[\"https:\\\/\\\/hightrust.id\\\/sv\\\/digilompakon-kayttoonoton-termit\\\/\"]}]},{\"@type\":\"BreadcrumbList\",\"@id\":\"https:\\\/\\\/hightrust.id\\\/sv\\\/digilompakon-kayttoonoton-termit\\\/#breadcrumb\",\"itemListElement\":[{\"@type\":\"ListItem\",\"position\":1,\"name\":\"Hemsida\",\"item\":\"https:\\\/\\\/hightrust.id\\\/sv\\\/\"},{\"@type\":\"ListItem\",\"position\":2,\"name\":\"Digilompakon k\u00e4ytt\u00f6\u00f6noton termit\"}]},{\"@type\":\"WebSite\",\"@id\":\"https:\\\/\\\/hightrust.id\\\/sv\\\/#website\",\"url\":\"https:\\\/\\\/hightrust.id\\\/sv\\\/\",\"name\":\"hightrust.id\",\"description\":\"\",\"publisher\":{\"@id\":\"https:\\\/\\\/hightrust.id\\\/sv\\\/#organization\"},\"potentialAction\":[{\"@type\":\"SearchAction\",\"target\":{\"@type\":\"EntryPoint\",\"urlTemplate\":\"https:\\\/\\\/hightrust.id\\\/sv\\\/?s={search_term_string}\"},\"query-input\":{\"@type\":\"PropertyValueSpecification\",\"valueRequired\":true,\"valueName\":\"search_term_string\"}}],\"inLanguage\":\"sv-SE\"},{\"@type\":\"Organization\",\"@id\":\"https:\\\/\\\/hightrust.id\\\/sv\\\/#organization\",\"name\":\"hightrust.id\",\"url\":\"https:\\\/\\\/hightrust.id\\\/sv\\\/\",\"logo\":{\"@type\":\"ImageObject\",\"inLanguage\":\"sv-SE\",\"@id\":\"https:\\\/\\\/hightrust.id\\\/sv\\\/#\\\/schema\\\/logo\\\/image\\\/\",\"url\":\"https:\\\/\\\/hightrust.id\\\/wp-content\\\/uploads\\\/2024\\\/10\\\/Hightrust-logo.svg\",\"contentUrl\":\"https:\\\/\\\/hightrust.id\\\/wp-content\\\/uploads\\\/2024\\\/10\\\/Hightrust-logo.svg\",\"width\":862,\"height\":197,\"caption\":\"hightrust.id\"},\"image\":{\"@id\":\"https:\\\/\\\/hightrust.id\\\/sv\\\/#\\\/schema\\\/logo\\\/image\\\/\"}}]}<\/script>\n<!-- \/ Yoast SEO plugin. -->","yoast_head_json":{"title":"Digilompakon k\u00e4ytt\u00f6\u00f6noton termit - hightrust.id","robots":{"index":"index","follow":"follow","max-snippet":"max-snippet:-1","max-image-preview":"max-image-preview:large","max-video-preview":"max-video-preview:-1"},"canonical":"https:\/\/hightrust.id\/sv\/digilompakon-kayttoonoton-termit\/","og_locale":"sv_SE","og_type":"article","og_title":"Digilompakon k\u00e4ytt\u00f6\u00f6noton termit - hightrust.id","og_url":"https:\/\/hightrust.id\/sv\/digilompakon-kayttoonoton-termit\/","og_site_name":"hightrust.id","article_modified_time":"2024-11-13T11:08:57+00:00","twitter_card":"summary_large_image","schema":{"@context":"https:\/\/schema.org","@graph":[{"@type":"WebPage","@id":"https:\/\/hightrust.id\/sv\/digilompakon-kayttoonoton-termit\/","url":"https:\/\/hightrust.id\/sv\/digilompakon-kayttoonoton-termit\/","name":"Digilompakon k\u00e4ytt\u00f6\u00f6noton termit - hightrust.id","isPartOf":{"@id":"https:\/\/hightrust.id\/sv\/#website"},"datePublished":"2024-10-16T15:47:47+00:00","dateModified":"2024-11-13T11:08:57+00:00","breadcrumb":{"@id":"https:\/\/hightrust.id\/sv\/digilompakon-kayttoonoton-termit\/#breadcrumb"},"inLanguage":"sv-SE","potentialAction":[{"@type":"ReadAction","target":["https:\/\/hightrust.id\/sv\/digilompakon-kayttoonoton-termit\/"]}]},{"@type":"BreadcrumbList","@id":"https:\/\/hightrust.id\/sv\/digilompakon-kayttoonoton-termit\/#breadcrumb","itemListElement":[{"@type":"ListItem","position":1,"name":"Hemsida","item":"https:\/\/hightrust.id\/sv\/"},{"@type":"ListItem","position":2,"name":"Digilompakon k\u00e4ytt\u00f6\u00f6noton termit"}]},{"@type":"WebSite","@id":"https:\/\/hightrust.id\/sv\/#website","url":"https:\/\/hightrust.id\/sv\/","name":"hightrust.id","description":"","publisher":{"@id":"https:\/\/hightrust.id\/sv\/#organization"},"potentialAction":[{"@type":"SearchAction","target":{"@type":"EntryPoint","urlTemplate":"https:\/\/hightrust.id\/sv\/?s={search_term_string}"},"query-input":{"@type":"PropertyValueSpecification","valueRequired":true,"valueName":"search_term_string"}}],"inLanguage":"sv-SE"},{"@type":"Organization","@id":"https:\/\/hightrust.id\/sv\/#organization","name":"hightrust.id","url":"https:\/\/hightrust.id\/sv\/","logo":{"@type":"ImageObject","inLanguage":"sv-SE","@id":"https:\/\/hightrust.id\/sv\/#\/schema\/logo\/image\/","url":"https:\/\/hightrust.id\/wp-content\/uploads\/2024\/10\/Hightrust-logo.svg","contentUrl":"https:\/\/hightrust.id\/wp-content\/uploads\/2024\/10\/Hightrust-logo.svg","width":862,"height":197,"caption":"hightrust.id"},"image":{"@id":"https:\/\/hightrust.id\/sv\/#\/schema\/logo\/image\/"}}]}},"_links":{"self":[{"href":"https:\/\/hightrust.id\/sv\/wp-json\/wp\/v2\/pages\/882","targetHints":{"allow":["GET"]}}],"collection":[{"href":"https:\/\/hightrust.id\/sv\/wp-json\/wp\/v2\/pages"}],"about":[{"href":"https:\/\/hightrust.id\/sv\/wp-json\/wp\/v2\/types\/page"}],"author":[{"embeddable":true,"href":"https:\/\/hightrust.id\/sv\/wp-json\/wp\/v2\/users\/1"}],"replies":[{"embeddable":true,"href":"https:\/\/hightrust.id\/sv\/wp-json\/wp\/v2\/comments?post=882"}],"version-history":[{"count":0,"href":"https:\/\/hightrust.id\/sv\/wp-json\/wp\/v2\/pages\/882\/revisions"}],"wp:attachment":[{"href":"https:\/\/hightrust.id\/sv\/wp-json\/wp\/v2\/media?parent=882"}],"curies":[{"name":"wp","href":"https:\/\/api.w.org\/{rel}","templated":true}]}}