{"id":639,"date":"2024-10-10T19:09:13","date_gmt":"2024-10-10T19:09:13","guid":{"rendered":"https:\/\/hightrustid.wpenginepowered.com\/turvallinen\/"},"modified":"2024-11-19T15:48:26","modified_gmt":"2024-11-19T15:48:26","slug":"turvallinen","status":"publish","type":"page","link":"https:\/\/hightrust.id\/sv\/turvallinen\/","title":{"rendered":"Turvallisuus muodostuu kokonaisuudesta"},"content":{"rendered":"\n<section\n        class=\"title-text-bg\">\n    <div style=\"background: #ffffff\">\n        <div class=\"container-full title-text-bg__content\">\n            <div class=\"title-text-bg__content-wrap\">\n                <div class=\"title-text-bg__content-text\"><p><b>Kansalaisvarmenne<\/b><\/p>\n<p>Henkil\u00f6kortti on poliisin my\u00f6nt\u00e4m\u00e4 kuvallinen todistus haltijansa henkil\u00f6llisyydest\u00e4.\u00a0S<span class=\"gmail_default\">iihen<\/span>\u00a0on integroitu kansalaisvarmenne, joka\u00a0sijaitsee ISO -spesifikaation mukaisessa sirussa. Vuonna 1999 lanseerattu kansalaisvarmenne on valtiollinen varmenne, ja sen ominaisuudets\u00e4hk\u00f6iseen asiointiin\u00a0<span class=\"gmail_default\">ovat\u00a0<\/span>parhaat mahdolliset.<\/p>\n<p>EU:n eIDAS-asetuksen 910\/2014 mukaan s\u00e4hk\u00f6isen tunnistamisen j\u00e4rjestelm\u00e4t sek\u00e4 s\u00e4hk\u00f6iset allekirjoitukset luokitellaan kolmeen varmuus- ja \/tai turvallisuustasoon. Kansalaisvarmenne on\u00a0korkean\u00a0varmuustason tunnistusv\u00e4line (Level of Assurance \u2013 LoA High) ja sill\u00e4 toteutetaan\u00a0hyv\u00e4ksytty\u00a0<wbr \/>s\u00e4hk\u00f6inen allekirjoitus (A qualified electronic signature \u2013 QES), jonka oikeusvaikutus on kiist\u00e4m\u00e4t\u00f6n EU alueella(EU 910\/2014, artikla 25).<\/p>\n<p><b>Tunnistusv\u00e4line<\/b><\/p>\n<p>Liikenne- ja viestinta\u0308virasto Traficomin Kyberturvallisuuskeskus ylla\u0308pita\u0308a\u0308 tunnistuspalvelurekisteria\u0308 Suomeen sijoittuneista vahvaa sa\u0308hko\u0308ista\u0308 tunnistamista tarjoavista palveluntarjoajista seka\u0308 niiden tarjoamista palveluista<span class=\"gmail_default\">. Megical Oy:n\u00a0hightrust.id<\/span>\u00a0on liitetty mainittuun rekisteriin 16.11.2023.<\/p>\n<p>KPMG IT Sertifointi Oy:n auditoima\u00a0hightrust.id\u00a0mobiilisovellus on Suomessa ainoa mobiilissa eIDAS -asetuksen korkean (high) varmuustason vaatimuksenmukaisuuden (LoA \u2013 Level of Assurance) t\u00e4ytt\u00e4v\u00e4 s\u00e4hk\u00f6inen tunnistuspalvelu. Liitta\u0308ma\u0308lla\u0308 siihen kansalaisvarmenne, on ka\u0308yto\u0308ssa\u0308 korkean varmuustason tunnistusva\u0308line. Tunnistusva\u0308lineen varmuustaso on siten yhteneva\u0308 fyysisen henkilo\u0308kortin varmuustason kanssa.<\/p>\n<p>Hightrust.id mobiilisovellus on digilompakko, joka tallentaa ja hallinnoi ka\u0308ytta\u0308ja\u0308n henkilo\u0308tietoja ja varmenteita. Tavoitteena on mahdollistaa turvallinen ja\u00a0ka\u0308ytta\u0308ja\u0308n\u00a0<span class=\"gmail_default\">itsens\u00e4\u00a0<\/span>hallitsema pa\u0308a\u0308sy na\u0308ihin tietoihin.<\/p>\n<p><b><span class=\"gmail_default\">Tunnistaminen ja a<\/span>llekirjoitus<\/b><\/p>\n<p><span class=\"gmail_default\">Hightrust.id d<\/span>igilompakolla, johon liitetty kansalaisvarmenne,\u00a0<span class=\"gmail_default\">voi tehd\u00e4 mobiilissa<\/span><\/p>\n<ol>\n<li style=\"margin-bottom: 10px; font-weight: 400;\"><span class=\"gmail_default\">korkeimman varmuustason vahvan s\u00e4hk\u00f6isen tunnistautumisen<br \/>\n<\/span><\/li>\n<li style=\"margin-bottom: 10px; font-weight: 400;\">luotettavimman mahdollisen, hyva\u0308ksytyn sa\u0308hko\u0308isen allekirjoituksen, joka on juridisesti sitova ja kiista\u0308ma\u0308to\u0308n koko Euroopan Unionin alueella<span class=\"gmail_default\">.<\/span><\/li>\n<\/ol>\n<p><strong><br \/>\nTurvallisuus:<\/strong><\/p>\n<p>&nbsp;<\/p>\n<ul>\n<li>Monivaiheinen tunnistautuminen (MFA): Digilompakon ka\u0308ytta\u0308miseen vaaditaan laite, joka sisa\u0308lta\u0308a\u0308 digilompakon seka\u0308 ka\u0308ytta\u0308ja\u0308n salaisuuden.<\/li>\n<li>Ka\u0308ytta\u0308ja\u0308n hallinta: Ka\u0308ytta\u0308ja\u0308 hallitsee itse, mita\u0308 tietoja jaetaan ja mihin palveluihin. Ta\u0308ma\u0308 antaa enemma\u0308n kontrollia tietojen ka\u0308yto\u0308sta\u0308.<\/li>\n<li>Sertifiointi ja sa\u0308a\u0308ntely: Koska digilompakko on osa eIDAS-asetuksen mukaista Euroopan digitaalista identiteettia\u0308, sen tietoturva- ja yksityisyysstandardit ovat eritta\u0308in korkeita. EU asettaa tiukat vaatimukset tietojen salaukselle ja palveluntarjoajien luotettavuudelle.<\/li>\n<li>Tietojen paikallinen tallennus: Digilompakossa tiedot voivat olla tallennettuna paikallisesti ka\u0308ytta\u0308ja\u0308n laitteeseen, mika\u0308 va\u0308henta\u0308a\u0308 riippuvuutta keskitetysta\u0308 tietokannasta ja pienenta\u0308a\u0308 tietovuodon riskia\u0308.<\/li>\n<\/ul>\n<\/div>            <\/div>\n        <\/div>\n    <\/div>\n<\/section>\n","protected":false},"excerpt":{"rendered":"","protected":false},"author":1,"featured_media":0,"parent":0,"menu_order":0,"comment_status":"closed","ping_status":"closed","template":"","meta":{"_acf_changed":false,"inline_featured_image":false,"_ht_theme_hide_title":false,"footnotes":""},"class_list":["post-639","page","type-page","status-publish","hentry","post","without-featured-image"],"acf":[],"yoast_head":"<!-- This site is optimized with the Yoast SEO plugin v27.3 - https:\/\/yoast.com\/product\/yoast-seo-wordpress\/ -->\n<title>Turvallisuus muodostuu kokonaisuudesta - hightrust.id<\/title>\n<meta name=\"robots\" content=\"index, follow, max-snippet:-1, max-image-preview:large, max-video-preview:-1\" \/>\n<link rel=\"canonical\" href=\"https:\/\/hightrust.id\/sv\/turvallinen\/\" \/>\n<meta property=\"og:locale\" content=\"sv_SE\" \/>\n<meta property=\"og:type\" content=\"article\" \/>\n<meta property=\"og:title\" content=\"Turvallisuus muodostuu kokonaisuudesta - hightrust.id\" \/>\n<meta property=\"og:url\" content=\"https:\/\/hightrust.id\/sv\/turvallinen\/\" \/>\n<meta property=\"og:site_name\" content=\"hightrust.id\" \/>\n<meta property=\"article:modified_time\" content=\"2024-11-19T15:48:26+00:00\" \/>\n<meta name=\"twitter:card\" content=\"summary_large_image\" \/>\n<script type=\"application\/ld+json\" class=\"yoast-schema-graph\">{\"@context\":\"https:\\\/\\\/schema.org\",\"@graph\":[{\"@type\":\"WebPage\",\"@id\":\"https:\\\/\\\/hightrust.id\\\/sv\\\/turvallinen\\\/\",\"url\":\"https:\\\/\\\/hightrust.id\\\/sv\\\/turvallinen\\\/\",\"name\":\"Turvallisuus muodostuu kokonaisuudesta - hightrust.id\",\"isPartOf\":{\"@id\":\"https:\\\/\\\/hightrust.id\\\/sv\\\/#website\"},\"datePublished\":\"2024-10-10T19:09:13+00:00\",\"dateModified\":\"2024-11-19T15:48:26+00:00\",\"breadcrumb\":{\"@id\":\"https:\\\/\\\/hightrust.id\\\/sv\\\/turvallinen\\\/#breadcrumb\"},\"inLanguage\":\"sv-SE\",\"potentialAction\":[{\"@type\":\"ReadAction\",\"target\":[\"https:\\\/\\\/hightrust.id\\\/sv\\\/turvallinen\\\/\"]}]},{\"@type\":\"BreadcrumbList\",\"@id\":\"https:\\\/\\\/hightrust.id\\\/sv\\\/turvallinen\\\/#breadcrumb\",\"itemListElement\":[{\"@type\":\"ListItem\",\"position\":1,\"name\":\"Hemsida\",\"item\":\"https:\\\/\\\/hightrust.id\\\/sv\\\/\"},{\"@type\":\"ListItem\",\"position\":2,\"name\":\"Turvallisuus muodostuu kokonaisuudesta\"}]},{\"@type\":\"WebSite\",\"@id\":\"https:\\\/\\\/hightrust.id\\\/sv\\\/#website\",\"url\":\"https:\\\/\\\/hightrust.id\\\/sv\\\/\",\"name\":\"hightrust.id\",\"description\":\"\",\"publisher\":{\"@id\":\"https:\\\/\\\/hightrust.id\\\/sv\\\/#organization\"},\"potentialAction\":[{\"@type\":\"SearchAction\",\"target\":{\"@type\":\"EntryPoint\",\"urlTemplate\":\"https:\\\/\\\/hightrust.id\\\/sv\\\/?s={search_term_string}\"},\"query-input\":{\"@type\":\"PropertyValueSpecification\",\"valueRequired\":true,\"valueName\":\"search_term_string\"}}],\"inLanguage\":\"sv-SE\"},{\"@type\":\"Organization\",\"@id\":\"https:\\\/\\\/hightrust.id\\\/sv\\\/#organization\",\"name\":\"hightrust.id\",\"url\":\"https:\\\/\\\/hightrust.id\\\/sv\\\/\",\"logo\":{\"@type\":\"ImageObject\",\"inLanguage\":\"sv-SE\",\"@id\":\"https:\\\/\\\/hightrust.id\\\/sv\\\/#\\\/schema\\\/logo\\\/image\\\/\",\"url\":\"https:\\\/\\\/hightrust.id\\\/wp-content\\\/uploads\\\/2024\\\/10\\\/Hightrust-logo.svg\",\"contentUrl\":\"https:\\\/\\\/hightrust.id\\\/wp-content\\\/uploads\\\/2024\\\/10\\\/Hightrust-logo.svg\",\"width\":862,\"height\":197,\"caption\":\"hightrust.id\"},\"image\":{\"@id\":\"https:\\\/\\\/hightrust.id\\\/sv\\\/#\\\/schema\\\/logo\\\/image\\\/\"}}]}<\/script>\n<!-- \/ Yoast SEO plugin. -->","yoast_head_json":{"title":"Turvallisuus muodostuu kokonaisuudesta - hightrust.id","robots":{"index":"index","follow":"follow","max-snippet":"max-snippet:-1","max-image-preview":"max-image-preview:large","max-video-preview":"max-video-preview:-1"},"canonical":"https:\/\/hightrust.id\/sv\/turvallinen\/","og_locale":"sv_SE","og_type":"article","og_title":"Turvallisuus muodostuu kokonaisuudesta - hightrust.id","og_url":"https:\/\/hightrust.id\/sv\/turvallinen\/","og_site_name":"hightrust.id","article_modified_time":"2024-11-19T15:48:26+00:00","twitter_card":"summary_large_image","schema":{"@context":"https:\/\/schema.org","@graph":[{"@type":"WebPage","@id":"https:\/\/hightrust.id\/sv\/turvallinen\/","url":"https:\/\/hightrust.id\/sv\/turvallinen\/","name":"Turvallisuus muodostuu kokonaisuudesta - hightrust.id","isPartOf":{"@id":"https:\/\/hightrust.id\/sv\/#website"},"datePublished":"2024-10-10T19:09:13+00:00","dateModified":"2024-11-19T15:48:26+00:00","breadcrumb":{"@id":"https:\/\/hightrust.id\/sv\/turvallinen\/#breadcrumb"},"inLanguage":"sv-SE","potentialAction":[{"@type":"ReadAction","target":["https:\/\/hightrust.id\/sv\/turvallinen\/"]}]},{"@type":"BreadcrumbList","@id":"https:\/\/hightrust.id\/sv\/turvallinen\/#breadcrumb","itemListElement":[{"@type":"ListItem","position":1,"name":"Hemsida","item":"https:\/\/hightrust.id\/sv\/"},{"@type":"ListItem","position":2,"name":"Turvallisuus muodostuu kokonaisuudesta"}]},{"@type":"WebSite","@id":"https:\/\/hightrust.id\/sv\/#website","url":"https:\/\/hightrust.id\/sv\/","name":"hightrust.id","description":"","publisher":{"@id":"https:\/\/hightrust.id\/sv\/#organization"},"potentialAction":[{"@type":"SearchAction","target":{"@type":"EntryPoint","urlTemplate":"https:\/\/hightrust.id\/sv\/?s={search_term_string}"},"query-input":{"@type":"PropertyValueSpecification","valueRequired":true,"valueName":"search_term_string"}}],"inLanguage":"sv-SE"},{"@type":"Organization","@id":"https:\/\/hightrust.id\/sv\/#organization","name":"hightrust.id","url":"https:\/\/hightrust.id\/sv\/","logo":{"@type":"ImageObject","inLanguage":"sv-SE","@id":"https:\/\/hightrust.id\/sv\/#\/schema\/logo\/image\/","url":"https:\/\/hightrust.id\/wp-content\/uploads\/2024\/10\/Hightrust-logo.svg","contentUrl":"https:\/\/hightrust.id\/wp-content\/uploads\/2024\/10\/Hightrust-logo.svg","width":862,"height":197,"caption":"hightrust.id"},"image":{"@id":"https:\/\/hightrust.id\/sv\/#\/schema\/logo\/image\/"}}]}},"_links":{"self":[{"href":"https:\/\/hightrust.id\/sv\/wp-json\/wp\/v2\/pages\/639","targetHints":{"allow":["GET"]}}],"collection":[{"href":"https:\/\/hightrust.id\/sv\/wp-json\/wp\/v2\/pages"}],"about":[{"href":"https:\/\/hightrust.id\/sv\/wp-json\/wp\/v2\/types\/page"}],"author":[{"embeddable":true,"href":"https:\/\/hightrust.id\/sv\/wp-json\/wp\/v2\/users\/1"}],"replies":[{"embeddable":true,"href":"https:\/\/hightrust.id\/sv\/wp-json\/wp\/v2\/comments?post=639"}],"version-history":[{"count":0,"href":"https:\/\/hightrust.id\/sv\/wp-json\/wp\/v2\/pages\/639\/revisions"}],"wp:attachment":[{"href":"https:\/\/hightrust.id\/sv\/wp-json\/wp\/v2\/media?parent=639"}],"curies":[{"name":"wp","href":"https:\/\/api.w.org\/{rel}","templated":true}]}}