{"id":635,"date":"2024-10-08T14:54:54","date_gmt":"2024-10-08T14:54:54","guid":{"rendered":"https:\/\/hightrustid.wpenginepowered.com\/tuki\/"},"modified":"2024-11-19T16:02:25","modified_gmt":"2024-11-19T16:02:25","slug":"tuki","status":"publish","type":"page","link":"https:\/\/hightrust.id\/sv\/tuki\/","title":{"rendered":"Tuki"},"content":{"rendered":"\n<section class=\"page-hero\"\n         style=\"background-color: #0505FF; background-image: url('https:\/\/hightrust.id\/wp-content\/uploads\/2024\/10\/daryan-shamkhali-ieXdCyPhNTw-unsplash-1-scaled.webp');\">\n    <div class=\"container\">\n\t\t\n\t\t            <div class=\"page-hero__titlewrap\">\n\t\t\t\t<h1 style=\"text-align: left;\">Hy\u00f6dynn\u00e4 palvelumme kattavasti \u2013 tutustu avaink\u00e4sitteisiin ja k\u00e4yt\u00f6n ohjeisiin, jotka tekev\u00e4t asioinnista sujuvaa ja turvallista.<\/h1>\n            <\/div>\n\t\t\n\t\t\n\t\t    <\/div>\n<\/section>\n\n\n\n<section class=\"title-text-btn-images\" style=\"background: #ffffff\">\n    <div class=\"container\">\n        <div class=\"title-text-bg__content\">\n            <div class=\"title-text-btn-images__content-wrap\">\n\t\t\t\t                    <div class=\"title-text-btn-images__title section-heading\">\n\t\t\t\t\t\t<h2 style=\"text-align: left;\">Termit ja k\u00e4sitteet \u2013 opi ja ota<br \/>\nkaikki irti palveluistamme<\/h2>\n                    <\/div>\n\t\t\t\t\n\t\t\t\t                    <div class=\"title-text-btn-images__subtitle font-medium\">\n\t\t\t\t\t\t<div class=\"page\" title=\"Page 1\">\n<div class=\"section\">\n<div class=\"layoutArea\">\n<div class=\"column\">\n<p><strong>Kaikki keskeiset termit ja ka\u0308sitteet, joita tarvitset ymma\u0308rta\u0308a\u0308ksesi tuotteidemme ja palveluidemme ka\u0308yto\u0308n sujuvasti ja turvallisesti, lo\u0308ytyva\u0308t ta\u0308lta\u0308 sivulta.<\/strong><\/p>\n<\/div>\n<\/div>\n<\/div>\n<\/div>\n<div class=\"page\" title=\"Page 1\">\n<div class=\"section\">\n<div class=\"layoutArea\">\n<div class=\"column\">\n<p>Olitpa uusi ka\u0308ytta\u0308ja\u0308 tai jo kokenut asiantuntija, ta\u0308a\u0308lta\u0308 lo\u0308yda\u0308t selkea\u0308t selitykset ja ohjeet, jotka helpottavat asiointia ja auttavat sinua hyo\u0308dynta\u0308ma\u0308a\u0308n palvelumme kaikkia ominaisuuksia.<\/p>\n<p>Tavoitteemme on varmistaa, etta\u0308 voit ka\u0308ytta\u0308a\u0308 tuotteitamme ja palveluitamme luottavaisin mielin, ymma\u0308rta\u0308en niiden toiminnan ja tarjoamat mahdollisuudet mahdollisimman hyvin.<\/p>\n<p>Ta\u0308ma\u0308 tietopankki on suunniteltu vastaamaan yleisimpiin kysymyksiin ja tukemaan sinua jokaisessa vaiheessa.<\/p>\n<\/div>\n<\/div>\n<\/div>\n<\/div>\n                    <\/div>\n\t\t\t\t\n\t\t\t\t\n\t\t\t\t                    <a class=\"btn-default\" href=\"https:\/\/hightrust.id\/sv\/tuki\/digilompakon-kayttoonoton-termit\/\"\n                       target=\"_self\">Lue lis\u00e4\u00e4 termeist\u00e4<\/a>\n\t\t\t\t\n            <\/div>\n        <\/div>\n    <\/div>\n<\/section>\n\n\n\n<section class=\"title-text-btn-images\" style=\"background: #e8e8e8\">\n    <div class=\"container\">\n        <div class=\"title-text-bg__content\">\n            <div class=\"title-text-btn-images__content-wrap\">\n\t\t\t\t                    <div class=\"title-text-btn-images__title section-heading\">\n\t\t\t\t\t\t<h2 style=\"text-align: left;\">Ohjeet Hightrust.id<br \/>\ndigilompakon k\u00e4ytt\u00f6\u00f6nottoon<\/h2>\n                    <\/div>\n\t\t\t\t\n\t\t\t\t                    <div class=\"title-text-btn-images__subtitle font-medium\">\n\t\t\t\t\t\t<div class=\"page\" title=\"Page 1\">\n<div class=\"section\">\n<div class=\"layoutArea\">\n<div class=\"column\">\n<p><strong>Tarjoamme a\u0308lypuhelimille ohjeet (iOS ja Android), joiden avulla saat otettua hightrust.id digilompakon ka\u0308ytto\u0308o\u0308si.<\/strong><\/p>\n<\/div>\n<\/div>\n<\/div>\n<\/div>\n<div class=\"page\" title=\"Page 1\">\n<div class=\"section\">\n<div class=\"layoutArea\">\n<div class=\"column\">\n<p>Kansalaisvarmenteen tulee olla aktivoitu ennen sen lisa\u0308a\u0308mista\u0308 Hightrust-applikaatioon. Aktivoinnin voi suorittaa Hightrust-digilompakon avulla. Alta lo\u0308ytyva\u0308t ohjeet kansalaisvarmenteen aktivointiin, sen lisa\u0308a\u0308miseen digi-lompakkoon seka\u0308 kirjautumiseen suomi.fi -portaaliin.<\/p>\n<\/div>\n<\/div>\n<\/div>\n<\/div>\n                    <\/div>\n\t\t\t\t\n\t\t\t\t\n\t\t\t\t                    <a class=\"btn-default\" href=\"https:\/\/hightrust.id\/sv\/tuki\/hightrust-id-digilompakon-kayttoonoton-valmistelut\/\"\n                       target=\"_self\">Lue lis\u00e4\u00e4<\/a>\n\t\t\t\t\n            <\/div>\n        <\/div>\n    <\/div>\n<\/section>\n","protected":false},"excerpt":{"rendered":"","protected":false},"author":1,"featured_media":0,"parent":0,"menu_order":0,"comment_status":"closed","ping_status":"closed","template":"templates\/full-width.php","meta":{"_acf_changed":false,"inline_featured_image":false,"_ht_theme_hide_title":true,"footnotes":""},"class_list":["post-635","page","type-page","status-publish","hentry","post","without-featured-image"],"acf":[],"yoast_head":"<!-- This site is optimized with the Yoast SEO plugin v27.3 - https:\/\/yoast.com\/product\/yoast-seo-wordpress\/ -->\n<title>Tuki - hightrust.id<\/title>\n<meta name=\"robots\" content=\"index, follow, max-snippet:-1, max-image-preview:large, max-video-preview:-1\" \/>\n<link rel=\"canonical\" href=\"https:\/\/hightrust.id\/sv\/tuki\/\" \/>\n<meta property=\"og:locale\" content=\"sv_SE\" \/>\n<meta property=\"og:type\" content=\"article\" \/>\n<meta property=\"og:title\" content=\"Tuki - hightrust.id\" \/>\n<meta property=\"og:url\" content=\"https:\/\/hightrust.id\/sv\/tuki\/\" \/>\n<meta property=\"og:site_name\" content=\"hightrust.id\" \/>\n<meta property=\"article:modified_time\" content=\"2024-11-19T16:02:25+00:00\" \/>\n<meta name=\"twitter:card\" content=\"summary_large_image\" \/>\n<script type=\"application\/ld+json\" class=\"yoast-schema-graph\">{\"@context\":\"https:\\\/\\\/schema.org\",\"@graph\":[{\"@type\":\"WebPage\",\"@id\":\"https:\\\/\\\/hightrust.id\\\/sv\\\/tuki\\\/\",\"url\":\"https:\\\/\\\/hightrust.id\\\/sv\\\/tuki\\\/\",\"name\":\"Tuki - hightrust.id\",\"isPartOf\":{\"@id\":\"https:\\\/\\\/hightrust.id\\\/sv\\\/#website\"},\"datePublished\":\"2024-10-08T14:54:54+00:00\",\"dateModified\":\"2024-11-19T16:02:25+00:00\",\"breadcrumb\":{\"@id\":\"https:\\\/\\\/hightrust.id\\\/sv\\\/tuki\\\/#breadcrumb\"},\"inLanguage\":\"sv-SE\",\"potentialAction\":[{\"@type\":\"ReadAction\",\"target\":[\"https:\\\/\\\/hightrust.id\\\/sv\\\/tuki\\\/\"]}]},{\"@type\":\"BreadcrumbList\",\"@id\":\"https:\\\/\\\/hightrust.id\\\/sv\\\/tuki\\\/#breadcrumb\",\"itemListElement\":[{\"@type\":\"ListItem\",\"position\":1,\"name\":\"Hemsida\",\"item\":\"https:\\\/\\\/hightrust.id\\\/sv\\\/\"},{\"@type\":\"ListItem\",\"position\":2,\"name\":\"Tuki\"}]},{\"@type\":\"WebSite\",\"@id\":\"https:\\\/\\\/hightrust.id\\\/sv\\\/#website\",\"url\":\"https:\\\/\\\/hightrust.id\\\/sv\\\/\",\"name\":\"hightrust.id\",\"description\":\"\",\"publisher\":{\"@id\":\"https:\\\/\\\/hightrust.id\\\/sv\\\/#organization\"},\"potentialAction\":[{\"@type\":\"SearchAction\",\"target\":{\"@type\":\"EntryPoint\",\"urlTemplate\":\"https:\\\/\\\/hightrust.id\\\/sv\\\/?s={search_term_string}\"},\"query-input\":{\"@type\":\"PropertyValueSpecification\",\"valueRequired\":true,\"valueName\":\"search_term_string\"}}],\"inLanguage\":\"sv-SE\"},{\"@type\":\"Organization\",\"@id\":\"https:\\\/\\\/hightrust.id\\\/sv\\\/#organization\",\"name\":\"hightrust.id\",\"url\":\"https:\\\/\\\/hightrust.id\\\/sv\\\/\",\"logo\":{\"@type\":\"ImageObject\",\"inLanguage\":\"sv-SE\",\"@id\":\"https:\\\/\\\/hightrust.id\\\/sv\\\/#\\\/schema\\\/logo\\\/image\\\/\",\"url\":\"https:\\\/\\\/hightrust.id\\\/wp-content\\\/uploads\\\/2024\\\/10\\\/Hightrust-logo.svg\",\"contentUrl\":\"https:\\\/\\\/hightrust.id\\\/wp-content\\\/uploads\\\/2024\\\/10\\\/Hightrust-logo.svg\",\"width\":862,\"height\":197,\"caption\":\"hightrust.id\"},\"image\":{\"@id\":\"https:\\\/\\\/hightrust.id\\\/sv\\\/#\\\/schema\\\/logo\\\/image\\\/\"}}]}<\/script>\n<!-- \/ Yoast SEO plugin. -->","yoast_head_json":{"title":"Tuki - hightrust.id","robots":{"index":"index","follow":"follow","max-snippet":"max-snippet:-1","max-image-preview":"max-image-preview:large","max-video-preview":"max-video-preview:-1"},"canonical":"https:\/\/hightrust.id\/sv\/tuki\/","og_locale":"sv_SE","og_type":"article","og_title":"Tuki - hightrust.id","og_url":"https:\/\/hightrust.id\/sv\/tuki\/","og_site_name":"hightrust.id","article_modified_time":"2024-11-19T16:02:25+00:00","twitter_card":"summary_large_image","schema":{"@context":"https:\/\/schema.org","@graph":[{"@type":"WebPage","@id":"https:\/\/hightrust.id\/sv\/tuki\/","url":"https:\/\/hightrust.id\/sv\/tuki\/","name":"Tuki - hightrust.id","isPartOf":{"@id":"https:\/\/hightrust.id\/sv\/#website"},"datePublished":"2024-10-08T14:54:54+00:00","dateModified":"2024-11-19T16:02:25+00:00","breadcrumb":{"@id":"https:\/\/hightrust.id\/sv\/tuki\/#breadcrumb"},"inLanguage":"sv-SE","potentialAction":[{"@type":"ReadAction","target":["https:\/\/hightrust.id\/sv\/tuki\/"]}]},{"@type":"BreadcrumbList","@id":"https:\/\/hightrust.id\/sv\/tuki\/#breadcrumb","itemListElement":[{"@type":"ListItem","position":1,"name":"Hemsida","item":"https:\/\/hightrust.id\/sv\/"},{"@type":"ListItem","position":2,"name":"Tuki"}]},{"@type":"WebSite","@id":"https:\/\/hightrust.id\/sv\/#website","url":"https:\/\/hightrust.id\/sv\/","name":"hightrust.id","description":"","publisher":{"@id":"https:\/\/hightrust.id\/sv\/#organization"},"potentialAction":[{"@type":"SearchAction","target":{"@type":"EntryPoint","urlTemplate":"https:\/\/hightrust.id\/sv\/?s={search_term_string}"},"query-input":{"@type":"PropertyValueSpecification","valueRequired":true,"valueName":"search_term_string"}}],"inLanguage":"sv-SE"},{"@type":"Organization","@id":"https:\/\/hightrust.id\/sv\/#organization","name":"hightrust.id","url":"https:\/\/hightrust.id\/sv\/","logo":{"@type":"ImageObject","inLanguage":"sv-SE","@id":"https:\/\/hightrust.id\/sv\/#\/schema\/logo\/image\/","url":"https:\/\/hightrust.id\/wp-content\/uploads\/2024\/10\/Hightrust-logo.svg","contentUrl":"https:\/\/hightrust.id\/wp-content\/uploads\/2024\/10\/Hightrust-logo.svg","width":862,"height":197,"caption":"hightrust.id"},"image":{"@id":"https:\/\/hightrust.id\/sv\/#\/schema\/logo\/image\/"}}]}},"_links":{"self":[{"href":"https:\/\/hightrust.id\/sv\/wp-json\/wp\/v2\/pages\/635","targetHints":{"allow":["GET"]}}],"collection":[{"href":"https:\/\/hightrust.id\/sv\/wp-json\/wp\/v2\/pages"}],"about":[{"href":"https:\/\/hightrust.id\/sv\/wp-json\/wp\/v2\/types\/page"}],"author":[{"embeddable":true,"href":"https:\/\/hightrust.id\/sv\/wp-json\/wp\/v2\/users\/1"}],"replies":[{"embeddable":true,"href":"https:\/\/hightrust.id\/sv\/wp-json\/wp\/v2\/comments?post=635"}],"version-history":[{"count":0,"href":"https:\/\/hightrust.id\/sv\/wp-json\/wp\/v2\/pages\/635\/revisions"}],"wp:attachment":[{"href":"https:\/\/hightrust.id\/sv\/wp-json\/wp\/v2\/media?parent=635"}],"curies":[{"name":"wp","href":"https:\/\/api.w.org\/{rel}","templated":true}]}}