{"id":627,"date":"2024-10-08T14:54:27","date_gmt":"2024-10-08T14:54:27","guid":{"rendered":"https:\/\/hightrustid.wpenginepowered.com\/ratkaisut\/"},"modified":"2024-11-19T16:03:16","modified_gmt":"2024-11-19T16:03:16","slug":"ratkaisut","status":"publish","type":"page","link":"https:\/\/hightrust.id\/sv\/ratkaisut\/","title":{"rendered":"Ratkaisut"},"content":{"rendered":"\n<section class=\"page-hero\"\n         style=\"background-color: #0505FF; background-image: url('https:\/\/hightrust.id\/wp-content\/uploads\/2024\/10\/ryoji-iwata-IBaVuZsJJTo-unsplash-1-scaled.webp');\">\n    <div class=\"container\">\n\t\t\n\t\t            <div class=\"page-hero__titlewrap\">\n\t\t\t\t<h1 style=\"text-align: left;\">Me rakennamme verkkoon uuden, itsen\u00e4isen ja vahvan digitaalisen turvarakenteen, jolla sin\u00e4 hallitset omaa identiteetti\u00e4si, tietojasi ja toimintaasi.<\/h1>\n            <\/div>\n\t\t\n\t\t\n\t\t    <\/div>\n<\/section>\n\n\n\n<section class=\"title-text-btn-images\" style=\"background: #ffffff\">\n    <div class=\"container\">\n        <div class=\"title-text-bg__content\">\n            <div class=\"title-text-btn-images__content-wrap\">\n\t\t\t\t                    <div class=\"title-text-btn-images__title section-heading\">\n\t\t\t\t\t\t<h2 style=\"text-align: left;\">Kenelle?<\/h2>\n                    <\/div>\n\t\t\t\t\n\t\t\t\t                    <div class=\"title-text-btn-images__subtitle font-medium\">\n\t\t\t\t\t\t<div class=\"page\" title=\"Page 1\">\n<div class=\"section\">\n<div class=\"layoutArea\">\n<div class=\"column\">\n<p>Vahvalla sa\u0308hko\u0308isella\u0308 tunnistamisella tarkoitetaan henkilo\u0308llisyyden todentamista sa\u0308hko\u0308isesti. Vahvan sa\u0308hko\u0308isen tunnistamisen avulla kuluttajat, viranomaiset ja yritykset voivat turvallisesti vahvistaa henkilo\u0308llisyyden erilaisissa sa\u0308hko\u0308isissa\u0308 palveluissa ja sa\u0308hko\u0308isten asiointipalveluiden tarjoajat voivat tunnistaa asiakkaansa.<\/p>\n<\/div>\n<\/div>\n<\/div>\n<\/div>\n                    <\/div>\n\t\t\t\t\n\t\t\t\t\n\t\t\t\t\n            <\/div>\n        <\/div>\n    <\/div>\n<\/section>\n\n\n\n<section class=\"title-text-btn-images\" style=\"background: #e8e8e8\">\n    <div class=\"container\">\n        <div class=\"title-text-bg__content\">\n            <div class=\"title-text-btn-images__content-wrap\">\n\t\t\t\t                    <div class=\"title-text-btn-images__title section-heading\">\n\t\t\t\t\t\t<h2 style=\"text-align: left;\">Hightrust.id kansalaisille<\/h2>\n                    <\/div>\n\t\t\t\t\n\t\t\t\t                    <div class=\"title-text-btn-images__subtitle font-medium\">\n\t\t\t\t\t\t<div class=\"page\" title=\"Page 1\">\n<div class=\"section\">\n<div class=\"layoutArea\">\n<div class=\"column\">\n<p>Vahvalla sa\u0308hko\u0308isella\u0308 tunnistamisella tarkoitetaan henkilo\u0308llisyyden todentamista sa\u0308hko\u0308isesti. Vahvan sa\u0308hko\u0308isen tunnistamisen avulla kuluttajat voivat turvallisesti vahvistaa henkilo\u0308llisyytensa\u0308 erilaisissa sa\u0308hko\u0308isissa\u0308 palveluissa ja sa\u0308hko\u0308isten asiointipalveluiden tarjoajat voivat tunnistaa asiakkaansa. Hightrust.id digilompakkoa voit ka\u0308ytta\u0308a\u0308 myo\u0308s muihin palveluihin tunnistautumisiin, joissa on ka\u0308yto\u0308ssa\u0308 suomi.fi tunnistautumismenetelma\u0308t.<\/p>\n<\/div>\n<\/div>\n<\/div>\n<\/div>\n                    <\/div>\n\t\t\t\t\n\t\t\t\t\n\t\t\t\t                    <a class=\"btn-default\" href=\"https:\/\/hightrust.id\/sv\/ratkaisut\/hightrust-id-kansalaisille\/\"\n                       target=\"_self\">Lue lis\u00e4\u00e4<\/a>\n\t\t\t\t\n            <\/div>\n        <\/div>\n    <\/div>\n<\/section>\n\n\n\n<section class=\"title-text-btn-images\" style=\"background: #ffffff\">\n    <div class=\"container\">\n        <div class=\"title-text-bg__content\">\n            <div class=\"title-text-btn-images__content-wrap\">\n\t\t\t\t                    <div class=\"title-text-btn-images__title section-heading\">\n\t\t\t\t\t\t<h2 style=\"text-align: left;\">Hightrust.id viranomaisille<\/h2>\n                    <\/div>\n\t\t\t\t\n\t\t\t\t                    <div class=\"title-text-btn-images__subtitle font-medium\">\n\t\t\t\t\t\t<div class=\"page\" title=\"Page 1\">\n<div class=\"section\">\n<div class=\"layoutArea\">\n<div class=\"column\">\n<p>Hightrust.id digilompakko mahdollistaa organisaatioille riskitto\u0308ma\u0308t tunnistautumisen ja digitaaliset allekirjoitukset. Digilompakko on aidosti salasanaton, nopea, vaivaton ja eritta\u0308in turvallinen menetelma\u0308 tunnistautumiseen. Digilompakkoon siirreta\u0308a\u0308n joko poliisin myo\u0308nta\u0308ma\u0308n henkilo\u0308kortin tai Digi- ja Va\u0308esto\u0308viraston myo\u0308nta\u0308ma\u0308n organisaatiokortin sirulla olevat digitaaliset varmenteet, mika\u0308 mahdollistaa niiden ka\u0308yto\u0308n pelka\u0308sta\u0308a\u0308n a\u0308lypuhelimella.<\/p>\n<\/div>\n<\/div>\n<\/div>\n<\/div>\n                    <\/div>\n\t\t\t\t\n\t\t\t\t\n\t\t\t\t                    <a class=\"btn-default\" href=\"https:\/\/hightrust.id\/sv\/ratkaisut\/hightrust-id-viranomaisille\/\"\n                       target=\"_self\">Lue lis\u00e4\u00e4<\/a>\n\t\t\t\t\n            <\/div>\n        <\/div>\n    <\/div>\n<\/section>\n\n\n\n<section class=\"title-text-btn-images\" style=\"background: #e8e8e8\">\n    <div class=\"container\">\n        <div class=\"title-text-bg__content\">\n            <div class=\"title-text-btn-images__content-wrap\">\n\t\t\t\t                    <div class=\"title-text-btn-images__title section-heading\">\n\t\t\t\t\t\t<h2 style=\"text-align: left;\">Hightrust.id yrityksille<\/h2>\n                    <\/div>\n\t\t\t\t\n\t\t\t\t                    <div class=\"title-text-btn-images__subtitle font-medium\">\n\t\t\t\t\t\t<div class=\"page\" title=\"Page 1\">\n<div class=\"section\">\n<div class=\"layoutArea\">\n<div class=\"column\">\n<p>Hightrust.id soveltuu erinomaisesti yrityksille, jotka tekeva\u0308t juridisia sopimuksia asiakkaidensa kanssa, kuten esimerkiksi vuokrasopimukset, kauppakirjat, palvelusopimukset jne. Hightrust.id menetelma\u0308 on edullinen ja takaa hyva\u0308ksytyt sa\u0308hko\u0308iset allekirjoitukset (QES) sopijaosapuolten va\u0308lilla\u0308.<\/p>\n<\/div>\n<\/div>\n<\/div>\n<\/div>\n                    <\/div>\n\t\t\t\t\n\t\t\t\t\n\t\t\t\t                    <a class=\"btn-default\" href=\"https:\/\/hightrust.id\/sv\/ratkaisut\/hightrust-id-yrityksille\/\"\n                       target=\"_self\">Lue lis\u00e4\u00e4<\/a>\n\t\t\t\t\n            <\/div>\n        <\/div>\n    <\/div>\n<\/section>\n","protected":false},"excerpt":{"rendered":"","protected":false},"author":1,"featured_media":0,"parent":0,"menu_order":0,"comment_status":"closed","ping_status":"closed","template":"templates\/full-width.php","meta":{"_acf_changed":false,"inline_featured_image":false,"_ht_theme_hide_title":true,"footnotes":""},"class_list":["post-627","page","type-page","status-publish","hentry","post","without-featured-image"],"acf":[],"yoast_head":"<!-- This site is optimized with the Yoast SEO plugin v27.3 - https:\/\/yoast.com\/product\/yoast-seo-wordpress\/ -->\n<title>Ratkaisut - hightrust.id<\/title>\n<meta name=\"robots\" content=\"index, follow, max-snippet:-1, max-image-preview:large, max-video-preview:-1\" \/>\n<link rel=\"canonical\" href=\"https:\/\/hightrust.id\/sv\/ratkaisut\/\" \/>\n<meta property=\"og:locale\" content=\"sv_SE\" \/>\n<meta property=\"og:type\" content=\"article\" \/>\n<meta property=\"og:title\" content=\"Ratkaisut - hightrust.id\" \/>\n<meta property=\"og:url\" content=\"https:\/\/hightrust.id\/sv\/ratkaisut\/\" \/>\n<meta property=\"og:site_name\" content=\"hightrust.id\" \/>\n<meta property=\"article:modified_time\" content=\"2024-11-19T16:03:16+00:00\" \/>\n<meta name=\"twitter:card\" content=\"summary_large_image\" \/>\n<script type=\"application\/ld+json\" class=\"yoast-schema-graph\">{\"@context\":\"https:\\\/\\\/schema.org\",\"@graph\":[{\"@type\":\"WebPage\",\"@id\":\"https:\\\/\\\/hightrust.id\\\/sv\\\/ratkaisut\\\/\",\"url\":\"https:\\\/\\\/hightrust.id\\\/sv\\\/ratkaisut\\\/\",\"name\":\"Ratkaisut - hightrust.id\",\"isPartOf\":{\"@id\":\"https:\\\/\\\/hightrust.id\\\/sv\\\/#website\"},\"datePublished\":\"2024-10-08T14:54:27+00:00\",\"dateModified\":\"2024-11-19T16:03:16+00:00\",\"breadcrumb\":{\"@id\":\"https:\\\/\\\/hightrust.id\\\/sv\\\/ratkaisut\\\/#breadcrumb\"},\"inLanguage\":\"sv-SE\",\"potentialAction\":[{\"@type\":\"ReadAction\",\"target\":[\"https:\\\/\\\/hightrust.id\\\/sv\\\/ratkaisut\\\/\"]}]},{\"@type\":\"BreadcrumbList\",\"@id\":\"https:\\\/\\\/hightrust.id\\\/sv\\\/ratkaisut\\\/#breadcrumb\",\"itemListElement\":[{\"@type\":\"ListItem\",\"position\":1,\"name\":\"Hemsida\",\"item\":\"https:\\\/\\\/hightrust.id\\\/sv\\\/\"},{\"@type\":\"ListItem\",\"position\":2,\"name\":\"Ratkaisut\"}]},{\"@type\":\"WebSite\",\"@id\":\"https:\\\/\\\/hightrust.id\\\/sv\\\/#website\",\"url\":\"https:\\\/\\\/hightrust.id\\\/sv\\\/\",\"name\":\"hightrust.id\",\"description\":\"\",\"publisher\":{\"@id\":\"https:\\\/\\\/hightrust.id\\\/sv\\\/#organization\"},\"potentialAction\":[{\"@type\":\"SearchAction\",\"target\":{\"@type\":\"EntryPoint\",\"urlTemplate\":\"https:\\\/\\\/hightrust.id\\\/sv\\\/?s={search_term_string}\"},\"query-input\":{\"@type\":\"PropertyValueSpecification\",\"valueRequired\":true,\"valueName\":\"search_term_string\"}}],\"inLanguage\":\"sv-SE\"},{\"@type\":\"Organization\",\"@id\":\"https:\\\/\\\/hightrust.id\\\/sv\\\/#organization\",\"name\":\"hightrust.id\",\"url\":\"https:\\\/\\\/hightrust.id\\\/sv\\\/\",\"logo\":{\"@type\":\"ImageObject\",\"inLanguage\":\"sv-SE\",\"@id\":\"https:\\\/\\\/hightrust.id\\\/sv\\\/#\\\/schema\\\/logo\\\/image\\\/\",\"url\":\"https:\\\/\\\/hightrust.id\\\/wp-content\\\/uploads\\\/2024\\\/10\\\/Hightrust-logo.svg\",\"contentUrl\":\"https:\\\/\\\/hightrust.id\\\/wp-content\\\/uploads\\\/2024\\\/10\\\/Hightrust-logo.svg\",\"width\":862,\"height\":197,\"caption\":\"hightrust.id\"},\"image\":{\"@id\":\"https:\\\/\\\/hightrust.id\\\/sv\\\/#\\\/schema\\\/logo\\\/image\\\/\"}}]}<\/script>\n<!-- \/ Yoast SEO plugin. -->","yoast_head_json":{"title":"Ratkaisut - hightrust.id","robots":{"index":"index","follow":"follow","max-snippet":"max-snippet:-1","max-image-preview":"max-image-preview:large","max-video-preview":"max-video-preview:-1"},"canonical":"https:\/\/hightrust.id\/sv\/ratkaisut\/","og_locale":"sv_SE","og_type":"article","og_title":"Ratkaisut - hightrust.id","og_url":"https:\/\/hightrust.id\/sv\/ratkaisut\/","og_site_name":"hightrust.id","article_modified_time":"2024-11-19T16:03:16+00:00","twitter_card":"summary_large_image","schema":{"@context":"https:\/\/schema.org","@graph":[{"@type":"WebPage","@id":"https:\/\/hightrust.id\/sv\/ratkaisut\/","url":"https:\/\/hightrust.id\/sv\/ratkaisut\/","name":"Ratkaisut - hightrust.id","isPartOf":{"@id":"https:\/\/hightrust.id\/sv\/#website"},"datePublished":"2024-10-08T14:54:27+00:00","dateModified":"2024-11-19T16:03:16+00:00","breadcrumb":{"@id":"https:\/\/hightrust.id\/sv\/ratkaisut\/#breadcrumb"},"inLanguage":"sv-SE","potentialAction":[{"@type":"ReadAction","target":["https:\/\/hightrust.id\/sv\/ratkaisut\/"]}]},{"@type":"BreadcrumbList","@id":"https:\/\/hightrust.id\/sv\/ratkaisut\/#breadcrumb","itemListElement":[{"@type":"ListItem","position":1,"name":"Hemsida","item":"https:\/\/hightrust.id\/sv\/"},{"@type":"ListItem","position":2,"name":"Ratkaisut"}]},{"@type":"WebSite","@id":"https:\/\/hightrust.id\/sv\/#website","url":"https:\/\/hightrust.id\/sv\/","name":"hightrust.id","description":"","publisher":{"@id":"https:\/\/hightrust.id\/sv\/#organization"},"potentialAction":[{"@type":"SearchAction","target":{"@type":"EntryPoint","urlTemplate":"https:\/\/hightrust.id\/sv\/?s={search_term_string}"},"query-input":{"@type":"PropertyValueSpecification","valueRequired":true,"valueName":"search_term_string"}}],"inLanguage":"sv-SE"},{"@type":"Organization","@id":"https:\/\/hightrust.id\/sv\/#organization","name":"hightrust.id","url":"https:\/\/hightrust.id\/sv\/","logo":{"@type":"ImageObject","inLanguage":"sv-SE","@id":"https:\/\/hightrust.id\/sv\/#\/schema\/logo\/image\/","url":"https:\/\/hightrust.id\/wp-content\/uploads\/2024\/10\/Hightrust-logo.svg","contentUrl":"https:\/\/hightrust.id\/wp-content\/uploads\/2024\/10\/Hightrust-logo.svg","width":862,"height":197,"caption":"hightrust.id"},"image":{"@id":"https:\/\/hightrust.id\/sv\/#\/schema\/logo\/image\/"}}]}},"_links":{"self":[{"href":"https:\/\/hightrust.id\/sv\/wp-json\/wp\/v2\/pages\/627","targetHints":{"allow":["GET"]}}],"collection":[{"href":"https:\/\/hightrust.id\/sv\/wp-json\/wp\/v2\/pages"}],"about":[{"href":"https:\/\/hightrust.id\/sv\/wp-json\/wp\/v2\/types\/page"}],"author":[{"embeddable":true,"href":"https:\/\/hightrust.id\/sv\/wp-json\/wp\/v2\/users\/1"}],"replies":[{"embeddable":true,"href":"https:\/\/hightrust.id\/sv\/wp-json\/wp\/v2\/comments?post=627"}],"version-history":[{"count":0,"href":"https:\/\/hightrust.id\/sv\/wp-json\/wp\/v2\/pages\/627\/revisions"}],"wp:attachment":[{"href":"https:\/\/hightrust.id\/sv\/wp-json\/wp\/v2\/media?parent=627"}],"curies":[{"name":"wp","href":"https:\/\/api.w.org\/{rel}","templated":true}]}}