{"id":623,"date":"2024-10-08T09:54:29","date_gmt":"2024-10-08T09:54:29","guid":{"rendered":"https:\/\/hightrustid.wpenginepowered.com\/startsida\/"},"modified":"2024-11-19T16:17:54","modified_gmt":"2024-11-19T16:17:54","slug":"startsida","status":"publish","type":"page","link":"https:\/\/hightrust.id\/sv\/startsida\/","title":{"rendered":"Startsida"},"content":{"rendered":"\n<section class=\"page-hero\"\n         style=\"background-color: #0505FF; background-image: url('https:\/\/hightrust.id\/wp-content\/uploads\/2024\/10\/italia_kuva-scaled.webp');\">\n    <div class=\"container\">\n\t\t            <div class=\"page-hero__logo-wrap\">\n                <img decoding=\"async\"\n                        width=\"100%\"\n                        height=\"100%\"\n                        src=\"https:\/\/hightrust.id\/wp-content\/uploads\/2024\/10\/Hightrust-symbol-white.svg\"\n                        srcset=\"\"\n                        alt=\"\"\n                \/>\n            <\/div>\n\t\t\n\t\t            <div class=\"page-hero__titlewrap\">\n\t\t\t\t<h1 style=\"text-align: center;\"><span style=\"color: #ffffff;\">Tunnistaminen ja allekirjoitukset korkeimmalla luottamustasolla.<\/span><\/h1>\n            <\/div>\n\t\t\n\t\t            <div class=\"page-hero__text\">\n\t\t\t\t<h3 style=\"text-align: center;\"><span style=\"color: #ffffff;\">Tarjoamme yrityksille ja yksityishenkil\u00f6ille turvallisen tavan hallita digitaalisia identiteettej\u00e4 ja varmennettuja tapahtumia ilman salasanoja.<\/span><\/h3>\n            <\/div>\n\t\t\n\t\t            <div style=\"display: flex; justify-content: center; margin-top: 60px;\" class=\"page-hero__cta\">\n                <a class=\"btn-default outline btn-default-outline\"\n                   href=\"https:\/\/hightrust.id\/sv\/tuki\/hightrust-id-digilompakon-kayttoonoton-valmistelut\/\"\n                   target=\"_self\">Aloita digilompakon k\u00e4ytt\u00f6\u00f6notto<\/a>\n            <\/div>\n\t\t    <\/div>\n<\/section>\n\n\n\n<section class=\"title-text-btn-images\" style=\"background: #ffffff\">\n    <div class=\"container\">\n        <div class=\"title-text-bg__content\">\n            <div class=\"title-text-btn-images__content-wrap\">\n\t\t\t\t                    <div class=\"title-text-btn-images__title section-heading\">\n\t\t\t\t\t\t<h2 style=\"text-align: left;\">Hightrust.id<\/h2>\n                    <\/div>\n\t\t\t\t\n\t\t\t\t                    <div class=\"title-text-btn-images__subtitle font-medium\">\n\t\t\t\t\t\t<p style=\"text-align: left;\"><strong>Visiomme on luoda digitaalisten identiteettien hallinnan uusi standardi, jossa turvallisuus ja helppok\u00e4ytt\u00f6isyys kulkevat k\u00e4si k\u00e4dess\u00e4. Tavoitteenamme on tarjota k\u00e4ytt\u00e4jillemme ja yrityksille ratkaisuja, jotka mahdollistavat saumattomat ja luotettavat digitaaliset toiminnot ilman salasanoja, aina korkeimmalla luottamustasolla.<\/strong><\/p>\n                    <\/div>\n\t\t\t\t\n\t\t\t\t\n\t\t\t\t                    <a class=\"btn-default\" href=\"https:\/\/hightrust.id\/sv\/hightrust-id\/\"\n                       target=\"_self\">Lue lis\u00e4\u00e4<\/a>\n\t\t\t\t\n            <\/div>\n        <\/div>\n    <\/div>\n<\/section>\n\n\n\n<section class=\"two-columns-enhanced\" style=\"background: #e8e8e8\">\n    <div class=\"two-columns-enhanced__container\">\n        <div class=\"two-columns-enhanced__col left-col\">\n\n\t\t\t                <div class=\"section-heading\"><h2>Hightrust.id<br \/>\nmobiilisovellus<br \/>\n(digilompakko)<\/h2>\n<\/div>\n\t\t\t\n\t\t\t                <div class=\"two-columns-enhanced__content\"><div class=\"page\" title=\"Page 1\">\n<div class=\"section\">\n<div class=\"layoutArea\">\n<div class=\"column\">\n<p>Vuonna 2023 Megical Oy lanseerasi Suomessa ja EU<br \/>\nalueella patentoidun hightrust.id-digilompakon. Yhtio\u0308 saavutti merkitta\u0308va\u0308n virstanpylva\u0308a\u0308n, kun KPMG IT Sertifointi Oy arvioi palvelun ta\u0308ytta\u0308va\u0308n eIDAS-asetuksen korkean varmuustason (LoA High) vaatimukset, ja Kyberturvallisuuskeskus hyva\u0308ksyi tunnistusva\u0308lityspalvelun rekisteriinsa\u0308. Ta\u0308lla\u0308 hetkella\u0308 yli 10 000 kotimaista terveydenhuollon ammattilaista hyo\u0308dynta\u0308a\u0308 hightrust.id-tunnistusva\u0308lityspalvelua.<\/p>\n<\/div>\n<\/div>\n<\/div>\n<\/div>\n<\/div>\n\t\t\t\n\t\t\t                <a class=\"btn-default\" href=\"https:\/\/hightrust.id\/sv\/hightrust-id-digilompakko\/\"\n                   target=\"_self\">Lue lis\u00e4\u00e4<\/a>\n\t\t\t\n        <\/div>\n\n        <div class=\"two-columns-enhanced__col right-col\">\n            <div class=\"two-columns-enhanced__imagewrap\">\n\t\t\t\t                    <img decoding=\"async\"\n                            src=\"https:\/\/hightrust.id\/wp-content\/uploads\/2024\/10\/mobilephone-scaled.webp\"\n                            srcset=\"https:\/\/hightrust.id\/wp-content\/uploads\/2024\/10\/mobilephone-1024x573.webp 1024w, https:\/\/hightrust.id\/wp-content\/uploads\/2024\/10\/mobilephone-300x168.webp 300w, https:\/\/hightrust.id\/wp-content\/uploads\/2024\/10\/mobilephone-768x430.webp 768w, https:\/\/hightrust.id\/wp-content\/uploads\/2024\/10\/mobilephone-1536x860.webp 1536w, https:\/\/hightrust.id\/wp-content\/uploads\/2024\/10\/mobilephone-2048x1147.webp 2048w, https:\/\/hightrust.id\/wp-content\/uploads\/2024\/10\/mobilephone-1200x672.webp 1200w, https:\/\/hightrust.id\/wp-content\/uploads\/2024\/10\/mobilephone-1400x784.webp 1400w\"\n                            alt=\"Hightrust.id-mobiilisovelluksen k\u00e4ytt\u00f6liittym\u00e4\"\n                            title=\"mobilephone\"\n                    \/>\n\t\t\t\t            <\/div>\n        <\/div>\n    <\/div>\n<\/section>\n\n\n\n<section class=\"two-columns-image-content\" style=\"background: #ffffff\">\n  <div class=\"two-columns-image-content__container\">\n    <div class=\"two-columns-image-content__col\">\n      <div class=\"two-columns-image-content__imagewrap\">\n                  <img decoding=\"async\"\n              src=\"https:\/\/hightrust.id\/wp-content\/uploads\/2024\/10\/mobilephone2.webp\"\n              srcset=\"https:\/\/hightrust.id\/wp-content\/uploads\/2024\/10\/mobilephone2-1024x964.webp 1024w, https:\/\/hightrust.id\/wp-content\/uploads\/2024\/10\/mobilephone2-300x282.webp 300w, https:\/\/hightrust.id\/wp-content\/uploads\/2024\/10\/mobilephone2-768x723.webp 768w, https:\/\/hightrust.id\/wp-content\/uploads\/2024\/10\/mobilephone2-1536x1446.webp 1536w, https:\/\/hightrust.id\/wp-content\/uploads\/2024\/10\/mobilephone2-2048x1928.webp 2048w, https:\/\/hightrust.id\/wp-content\/uploads\/2024\/10\/mobilephone2-1200x1130.webp 1200w, https:\/\/hightrust.id\/wp-content\/uploads\/2024\/10\/mobilephone2-1400x1318.webp 1400w\"\n              alt=\"Steps to activate Hightrust.id service for private individuals\"\n              title=\"mobilephone2\"\n          \/>\n              <\/div>\n    <\/div>\n\n    <div class=\"two-columns-image-content__col\">\n      \n              <div class=\"two-columns-image-content__title section-heading\"><h2>Palvelun k\u00e4ytt\u00f6\u00f6notto yksityishenkil\u00f6ille<\/h2>\n<\/div>\n      \n              <div class=\"two-columns-image-content__content\"><div class=\"page\" title=\"Page 1\">\n<div class=\"section\">\n<div class=\"layoutArea\">\n<div class=\"column\">\n<p>Hightrust.id-digilompakon ka\u0308ytto\u0308o\u0308notto on helppoa henkilo\u0308kortin kansalaisvarmenteella ja NFC-sirullisella mobiililaitteella. Lataa sovellus ja aktivoi varmenne vahvaa tunnistautumista ja sa\u0308hko\u0308isia\u0308 allekirjoituksia varten.<\/p>\n<\/div>\n<\/div>\n<\/div>\n<\/div>\n<\/div>\n      \n\t                <a class=\"btn-default\" href=\"https:\/\/hightrust.id\/sv\/hightrust-id-digilompakko-kansalaisten-kayttoon\/\"\n               target=\"_self\">Lue lis\u00e4\u00e4<\/a>\n\t        <\/div>\n  <\/div>\n<\/section>\n\n\n\n<section class=\"features-with-icons\" style=\"background-color: #e8e8e8\">\n    <div class=\"container\">\n        <div class=\"features-with-icons__intro\">\n\n\t\t\t                <div class=\"features-with-icons__title section-heading\">\n\t\t\t\t\t<h2>Hightrust.id digilompakon etuja<\/h2>\n                <\/div>\n\t\t\t\n\t\t\t        <\/div>\n\n\t\t            <div class=\"features-with-icons__flex\">\n\t\t\t\t\t\t\t\t\t                    <div class=\"features-with-icons__column\">\n                    <div class=\"features-with-icons__column-wrap\">\n                        <div class=\"features-with-icons__iconwrap\">\n                            <img decoding=\"async\" src=\"https:\/\/hightrust.id\/wp-content\/uploads\/2024\/10\/security_24dp_5F6368_FILL0_wght400_GRAD0_opsz24-1.svg\" alt=\"\"\/>\n                        <\/div>\n                        <div class=\"features-with-icons__content\">\n                            <h2 class=\"features-with-icons__coltitle\">Turvallinen<\/h2>\n                            <p>Hightrust.id on Suomessa ainoa mobiilissa eIDAS -asetuksen korkean (high) varmuustason vaatimuksenmukaisuuden t\u00e4ytt\u00e4v\u00e4 tunnistuspalvelu<\/p>\n                        <\/div>\n\t\t\t\t\t\t\t                                <a class=\"btn-default\" href=\"https:\/\/hightrust.id\/sv\/turvallinen\/\"\n                                   target=\"_self\">Lue lis\u00e4\u00e4<\/a>\n\t\t\t\t\t\t\t                        <\/div>\n                        <\/div>\n\t\t\t\t\t\t\t\t\t\t\t\t\t                    <div class=\"features-with-icons__column\">\n                    <div class=\"features-with-icons__column-wrap\">\n                        <div class=\"features-with-icons__iconwrap\">\n                            <img decoding=\"async\" src=\"https:\/\/hightrust.id\/wp-content\/uploads\/2024\/10\/touch_app_24dp_5F6368_FILL0_wght400_GRAD0_opsz24-1.svg\" alt=\"\"\/>\n                        <\/div>\n                        <div class=\"features-with-icons__content\">\n                            <h2 class=\"features-with-icons__coltitle\">Helppok\u00e4ytt\u00f6inen<\/h2>\n                            <p>Kansalaisvarmenne on helppo itse lis\u00e4t\u00e4 hightrust.id digilompakkoon. S\u00e4hk\u00f6inen tunnistaminen tapahtuu oman \u00e4lylaitteen salasanan, sormenj\u00e4ljen tai kasvojen tunnistamisen kautta.<\/p>\n                        <\/div>\n\t\t\t\t\t\t\t                                <a class=\"btn-default\" href=\"https:\/\/hightrust.id\/sv\/helppokayttoinen\/\"\n                                   target=\"_self\">Lue lis\u00e4\u00e4<\/a>\n\t\t\t\t\t\t\t                        <\/div>\n                        <\/div>\n\t\t\t\t\t\t\t\t\t\t\t\t\t                    <div class=\"features-with-icons__column\">\n                    <div class=\"features-with-icons__column-wrap\">\n                        <div class=\"features-with-icons__iconwrap\">\n                            <img decoding=\"async\" src=\"https:\/\/hightrust.id\/wp-content\/uploads\/2024\/10\/savings_24dp_5F6368_FILL0_wght400_GRAD0_opsz24-1.svg\" alt=\"\"\/>\n                        <\/div>\n                        <div class=\"features-with-icons__content\">\n                            <h2 class=\"features-with-icons__coltitle\">S\u00e4\u00e4st\u00f6j\u00e4 tarjoava<\/h2>\n                            <p>Hightrust.id mobiililompakkoon yhdistetty kansalaisvarmenne mahdollistaa yhteiskunnan s\u00e4\u00e4st\u00f6t ja parantaa julkisten palvelujen kustannustehokkuutta.<\/p>\n                        <\/div>\n\t\t\t\t\t\t\t                                <a class=\"btn-default\" href=\"https:\/\/hightrust.id\/sv\/suoria-saastoja\/\"\n                                   target=\"_self\">Lue lis\u00e4\u00e4<\/a>\n\t\t\t\t\t\t\t                        <\/div>\n                        <\/div>\n\t\t\t\t\t\t\t\t            <\/div>\n\t\t    <\/div>\n<\/section>\n\n\n\n<section class=\"news-two-columns\" style=\"background-color: #FFFFFF\">\n    <div class=\"container\">\n        <div class=\"news-two-columns__intro\">\n\n\t\t\t                <div class=\"news-two-columns__title section-heading\">\n\t\t\t\t\t<h2>Uutiset<\/h2>\n                <\/div>\n\t\t\t\n        <\/div>\n\n\t\t            <div class=\"news-two-columns__flex\">\n\t\t\t\t\t\t\t\t\t                    <div class=\"news-two-columns__column\">\n                        <div class=\"news-two-columns__column-wrap\">\n                            <div class=\"news-two-columns__content\">\n\t\t\t\t\t\t\t\t                                    <h3 class=\"news-two-columns__date\">22\/8\/2024<\/h3>\n\t\t\t\t\t\t\t\t                                <h2 class=\"news-two-columns__coltitle\"><\/h2>\n\t\t\t\t\t\t\t\t\t\t\t\t\t\t\t\t\t<div class=\"page\" title=\"Page 1\">\n<div class=\"section\">\n<div class=\"layoutArea\">\n<div class=\"column\">\n<p>Istekki Oy kilpailutti Google Workspace -tuottavuusratkaisun lisensseja\u0308 ja asiantuntijapalveluita. Hankintapa\u0308a\u0308to\u0308s tehtiin 5.8.2024 ja sen valitusaika oli 14 pa\u0308iva\u0308a\u0308. Valituksia ei saapunut ma\u0308a\u0308ra\u0308aikaan mennessa\u0308, joten hankintapa\u0308a\u0308to\u0308s on nyt lainvoi- mainen.<\/p>\n<\/div>\n<\/div>\n<\/div>\n<\/div>\n\t\t\t\t\t\t\t\t\t                                                                <a class=\"btn-default\" href=\"https:\/\/www.istekki.fi\/istekin-google-workspace-tuottavuusratkaisun-kilpailutukseen-jatettiin-lukuisia-tarjouksia\/\"\n                                       target=\"_blank\">Lue uutinen<\/a>\n\t                                                        <\/div>\n                        <\/div>\n                    <\/div>\n\t\t\t\t\t\t\t\t\t\t\t\t\t                    <div class=\"news-two-columns__column\">\n                        <div class=\"news-two-columns__column-wrap\">\n                            <div class=\"news-two-columns__content\">\n\t\t\t\t\t\t\t\t                                    <h3 class=\"news-two-columns__date\">13\/10\/2023<\/h3>\n\t\t\t\t\t\t\t\t                                <h2 class=\"news-two-columns__coltitle\"><\/h2>\n\t\t\t\t\t\t\t\t\t\t\t\t\t\t\t\t\t<div class=\"page\" title=\"Page 1\">\n<div class=\"section\">\n<div class=\"layoutArea\">\n<div class=\"column\">\n<p>Mehila\u0308inen on kehitta\u0308nyt digitaalisia terveyspalveluja toimialan etulinjassa jo vuosia. Oman kehitystyo\u0308n lisa\u0308ksi yhteistyo\u0308ta\u0308 on tehty kumppaneiden, Tietoevryn, hightrust.id:n ja Atostekin, kanssa.<\/p>\n<\/div>\n<\/div>\n<\/div>\n<\/div>\n\t\t\t\t\t\t\t\t\t                                                                <a class=\"btn-default\" href=\"https:\/\/www.mehilainen.fi\/lehdistotiedotteet\/mehilainen-lanseeraa-oman-potilastietojarjestelman-mehidoc-parantaa\"\n                                       target=\"_blank\">Lue uutinen<\/a>\n\t                                                        <\/div>\n                        <\/div>\n                    <\/div>\n\t\t\t\t\t\t\t\t\t\t\t\t\t                    <div class=\"news-two-columns__column\">\n                        <div class=\"news-two-columns__column-wrap\">\n                            <div class=\"news-two-columns__content\">\n\t\t\t\t\t\t\t\t                                    <h3 class=\"news-two-columns__date\">30\/09\/2022<\/h3>\n\t\t\t\t\t\t\t\t                                <h2 class=\"news-two-columns__coltitle\"><\/h2>\n\t\t\t\t\t\t\t\t\t\t\t\t\t\t\t\t\t<div class=\"page\" title=\"Page 1\">\n<div class=\"section\">\n<div class=\"layoutArea\">\n<div class=\"column\">\n<p>Pihlajalinna on ottanut ka\u0308ytto\u0308o\u0308n sovelluksen, jolla henkilo\u0308kunta pystyy tunnistautumaan sovelluksiin ilman salasanoja.<\/p>\n<\/div>\n<\/div>\n<\/div>\n<\/div>\n\t\t\t\t\t\t\t\t\t                                                                <a class=\"btn-default\" href=\"https:\/\/www.kauppalehti.fi\/uutiset\/kirjaudu-palveluihin-ilman-salasanaa-nain-se-onnistuu\/1aaef3b2-c30c-45e9-8a33-2bb862aed133\"\n                                       target=\"_blank\">Lue uutinen<\/a>\n\t                                                        <\/div>\n                        <\/div>\n                    <\/div>\n\t\t\t\t\t\t\t\t            <\/div>\n\t\t    <\/div>\n<\/section>\n","protected":false},"excerpt":{"rendered":"","protected":false},"author":1,"featured_media":0,"parent":0,"menu_order":0,"comment_status":"closed","ping_status":"open","template":"templates\/full-width.php","meta":{"_acf_changed":false,"inline_featured_image":false,"_ht_theme_hide_title":true,"footnotes":""},"class_list":["post-623","page","type-page","status-publish","hentry","post","without-featured-image"],"acf":[],"yoast_head":"<!-- This site is optimized with the Yoast SEO plugin v27.3 - https:\/\/yoast.com\/product\/yoast-seo-wordpress\/ -->\n<title>Startsida - hightrust.id<\/title>\n<meta name=\"robots\" content=\"index, follow, max-snippet:-1, max-image-preview:large, max-video-preview:-1\" \/>\n<link rel=\"canonical\" href=\"https:\/\/hightrust.id\/sv\/startsida\/\" \/>\n<meta property=\"og:locale\" content=\"sv_SE\" \/>\n<meta property=\"og:type\" content=\"article\" \/>\n<meta property=\"og:title\" content=\"Startsida - hightrust.id\" \/>\n<meta property=\"og:url\" content=\"https:\/\/hightrust.id\/sv\/startsida\/\" \/>\n<meta property=\"og:site_name\" content=\"hightrust.id\" \/>\n<meta property=\"article:modified_time\" content=\"2024-11-19T16:17:54+00:00\" \/>\n<meta name=\"twitter:card\" content=\"summary_large_image\" \/>\n<script type=\"application\/ld+json\" class=\"yoast-schema-graph\">{\"@context\":\"https:\\\/\\\/schema.org\",\"@graph\":[{\"@type\":\"WebPage\",\"@id\":\"https:\\\/\\\/hightrust.id\\\/sv\\\/startsida\\\/\",\"url\":\"https:\\\/\\\/hightrust.id\\\/sv\\\/startsida\\\/\",\"name\":\"Startsida - hightrust.id\",\"isPartOf\":{\"@id\":\"https:\\\/\\\/hightrust.id\\\/sv\\\/#website\"},\"datePublished\":\"2024-10-08T09:54:29+00:00\",\"dateModified\":\"2024-11-19T16:17:54+00:00\",\"breadcrumb\":{\"@id\":\"https:\\\/\\\/hightrust.id\\\/sv\\\/startsida\\\/#breadcrumb\"},\"inLanguage\":\"sv-SE\",\"potentialAction\":[{\"@type\":\"ReadAction\",\"target\":[\"https:\\\/\\\/hightrust.id\\\/sv\\\/startsida\\\/\"]}]},{\"@type\":\"BreadcrumbList\",\"@id\":\"https:\\\/\\\/hightrust.id\\\/sv\\\/startsida\\\/#breadcrumb\",\"itemListElement\":[{\"@type\":\"ListItem\",\"position\":1,\"name\":\"Hemsida\",\"item\":\"https:\\\/\\\/hightrust.id\\\/sv\\\/\"},{\"@type\":\"ListItem\",\"position\":2,\"name\":\"Startsida\"}]},{\"@type\":\"WebSite\",\"@id\":\"https:\\\/\\\/hightrust.id\\\/sv\\\/#website\",\"url\":\"https:\\\/\\\/hightrust.id\\\/sv\\\/\",\"name\":\"hightrust.id\",\"description\":\"\",\"publisher\":{\"@id\":\"https:\\\/\\\/hightrust.id\\\/sv\\\/#organization\"},\"potentialAction\":[{\"@type\":\"SearchAction\",\"target\":{\"@type\":\"EntryPoint\",\"urlTemplate\":\"https:\\\/\\\/hightrust.id\\\/sv\\\/?s={search_term_string}\"},\"query-input\":{\"@type\":\"PropertyValueSpecification\",\"valueRequired\":true,\"valueName\":\"search_term_string\"}}],\"inLanguage\":\"sv-SE\"},{\"@type\":\"Organization\",\"@id\":\"https:\\\/\\\/hightrust.id\\\/sv\\\/#organization\",\"name\":\"hightrust.id\",\"url\":\"https:\\\/\\\/hightrust.id\\\/sv\\\/\",\"logo\":{\"@type\":\"ImageObject\",\"inLanguage\":\"sv-SE\",\"@id\":\"https:\\\/\\\/hightrust.id\\\/sv\\\/#\\\/schema\\\/logo\\\/image\\\/\",\"url\":\"https:\\\/\\\/hightrust.id\\\/wp-content\\\/uploads\\\/2024\\\/10\\\/Hightrust-logo.svg\",\"contentUrl\":\"https:\\\/\\\/hightrust.id\\\/wp-content\\\/uploads\\\/2024\\\/10\\\/Hightrust-logo.svg\",\"width\":862,\"height\":197,\"caption\":\"hightrust.id\"},\"image\":{\"@id\":\"https:\\\/\\\/hightrust.id\\\/sv\\\/#\\\/schema\\\/logo\\\/image\\\/\"}}]}<\/script>\n<!-- \/ Yoast SEO plugin. -->","yoast_head_json":{"title":"Startsida - hightrust.id","robots":{"index":"index","follow":"follow","max-snippet":"max-snippet:-1","max-image-preview":"max-image-preview:large","max-video-preview":"max-video-preview:-1"},"canonical":"https:\/\/hightrust.id\/sv\/startsida\/","og_locale":"sv_SE","og_type":"article","og_title":"Startsida - hightrust.id","og_url":"https:\/\/hightrust.id\/sv\/startsida\/","og_site_name":"hightrust.id","article_modified_time":"2024-11-19T16:17:54+00:00","twitter_card":"summary_large_image","schema":{"@context":"https:\/\/schema.org","@graph":[{"@type":"WebPage","@id":"https:\/\/hightrust.id\/sv\/startsida\/","url":"https:\/\/hightrust.id\/sv\/startsida\/","name":"Startsida - hightrust.id","isPartOf":{"@id":"https:\/\/hightrust.id\/sv\/#website"},"datePublished":"2024-10-08T09:54:29+00:00","dateModified":"2024-11-19T16:17:54+00:00","breadcrumb":{"@id":"https:\/\/hightrust.id\/sv\/startsida\/#breadcrumb"},"inLanguage":"sv-SE","potentialAction":[{"@type":"ReadAction","target":["https:\/\/hightrust.id\/sv\/startsida\/"]}]},{"@type":"BreadcrumbList","@id":"https:\/\/hightrust.id\/sv\/startsida\/#breadcrumb","itemListElement":[{"@type":"ListItem","position":1,"name":"Hemsida","item":"https:\/\/hightrust.id\/sv\/"},{"@type":"ListItem","position":2,"name":"Startsida"}]},{"@type":"WebSite","@id":"https:\/\/hightrust.id\/sv\/#website","url":"https:\/\/hightrust.id\/sv\/","name":"hightrust.id","description":"","publisher":{"@id":"https:\/\/hightrust.id\/sv\/#organization"},"potentialAction":[{"@type":"SearchAction","target":{"@type":"EntryPoint","urlTemplate":"https:\/\/hightrust.id\/sv\/?s={search_term_string}"},"query-input":{"@type":"PropertyValueSpecification","valueRequired":true,"valueName":"search_term_string"}}],"inLanguage":"sv-SE"},{"@type":"Organization","@id":"https:\/\/hightrust.id\/sv\/#organization","name":"hightrust.id","url":"https:\/\/hightrust.id\/sv\/","logo":{"@type":"ImageObject","inLanguage":"sv-SE","@id":"https:\/\/hightrust.id\/sv\/#\/schema\/logo\/image\/","url":"https:\/\/hightrust.id\/wp-content\/uploads\/2024\/10\/Hightrust-logo.svg","contentUrl":"https:\/\/hightrust.id\/wp-content\/uploads\/2024\/10\/Hightrust-logo.svg","width":862,"height":197,"caption":"hightrust.id"},"image":{"@id":"https:\/\/hightrust.id\/sv\/#\/schema\/logo\/image\/"}}]}},"_links":{"self":[{"href":"https:\/\/hightrust.id\/sv\/wp-json\/wp\/v2\/pages\/623","targetHints":{"allow":["GET"]}}],"collection":[{"href":"https:\/\/hightrust.id\/sv\/wp-json\/wp\/v2\/pages"}],"about":[{"href":"https:\/\/hightrust.id\/sv\/wp-json\/wp\/v2\/types\/page"}],"author":[{"embeddable":true,"href":"https:\/\/hightrust.id\/sv\/wp-json\/wp\/v2\/users\/1"}],"replies":[{"embeddable":true,"href":"https:\/\/hightrust.id\/sv\/wp-json\/wp\/v2\/comments?post=623"}],"version-history":[{"count":0,"href":"https:\/\/hightrust.id\/sv\/wp-json\/wp\/v2\/pages\/623\/revisions"}],"wp:attachment":[{"href":"https:\/\/hightrust.id\/sv\/wp-json\/wp\/v2\/media?parent=623"}],"curies":[{"name":"wp","href":"https:\/\/api.w.org\/{rel}","templated":true}]}}