{"id":615,"date":"2024-10-10T19:02:02","date_gmt":"2024-10-10T19:02:02","guid":{"rendered":"https:\/\/hightrustid.wpenginepowered.com\/hightrust-id-digitaliserar-kansalaisten-kayttoon\/"},"modified":"2024-11-19T15:49:45","modified_gmt":"2024-11-19T15:49:45","slug":"hightrust-id-digilompakko-kansalaisten-kayttoon","status":"publish","type":"page","link":"https:\/\/hightrust.id\/sv\/hightrust-id-digilompakko-kansalaisten-kayttoon\/","title":{"rendered":"Hightrust.id digilompakko kansalaisten k\u00e4ytt\u00f6\u00f6n"},"content":{"rendered":"\n<section\n        class=\"title-text-bg\">\n    <div style=\"background: #ffffff\">\n        <div class=\"container-full title-text-bg__content\">\n            <div class=\"title-text-bg__content-wrap\">\n                <div class=\"title-text-bg__content-title\"><h3><strong>Digitaalisen identiteetin lompakkoa on mahdollista k\u00e4ytt\u00e4\u00e4 pankkitunnusten ja mobiilivarmenteen rinnalla uutena tunnistautumisvaihtoehtona 29.10.2024 alkaen.<\/strong><\/h3>\n<\/div><div class=\"title-text-bg__content-text\"><div class=\"page\" title=\"Page 1\">\n<div class=\"section\">\n<div class=\"layoutArea\">\n<div class=\"column\">\n<p><span style=\"font-weight: 400;\">Mika\u0308li kansalaisella on poliisin <\/span><b>31.8.2021 ja\u0308lkeen myo\u0308nnetty henkilo\u0308kortti<\/b><span style=\"font-weight: 400;\">, jossa integroituna kansalaisvarmenne, seka\u0308 <\/span>ka\u0308yto\u0308ssa\u0308a\u0308n matkapuhelin<span style=\"font-weight: 400;\"> (tai NFC sirun omaava tabletti), mobiililaitteeseen ladataan maksutta <\/span><span style=\"font-weight: 400;\">hightrust.id<\/span><span style=\"font-weight: 400;\"> mobiilisovellus joko App store tai Google play -kaupasta.<\/span><\/p>\n<\/div>\n<\/div>\n<\/div>\n<\/div>\n<div class=\"page\" title=\"Page 1\">\n<div class=\"section\">\n<div class=\"layoutArea\">\n<div class=\"column\">\n<p><span style=\"font-weight: 400;\">Henkilo\u0308kortin kansalaisvarmenne <\/span><b>tulee ensin aktivoida<\/b><span style=\"font-weight: 400;\"> sen myo\u0308nta\u0308misen yhteydessa\u0308 toimitetun <\/span>aktivointikoodin avulla ja ladata sen j\u00e4lkeen<span style=\"font-weight: 400;\"> henkilo\u0308kortti <\/span><span style=\"font-weight: 400;\">hightrust.id<\/span><span style=\"font-weight: 400;\"> mobiilisovellukseen (digilompakko) jolloin mobiililaitteen <\/span><span style=\"font-weight: 400;\">hightrust.id<\/span><span style=\"font-weight: 400;\"> digilompakosta tulee kansalaiselle laillinen sa\u0308hko\u0308inen tunnistusva\u0308line.<\/span><\/p>\n<\/div>\n<\/div>\n<\/div>\n<\/div>\n<div class=\"page\" title=\"Page 1\">\n<div class=\"section\">\n<div class=\"layoutArea\">\n<div class=\"column\">\n<p>Yhdista\u0308ma\u0308lla\u0308 kansalaisvarmenne hightrust.id digilompakkoon mahdollistuu kaksi asiaa valtion ja kuntien viranomaisten kanssa ka\u0308yta\u0308va\u0308ssa\u0308 asioinnissa ja viestinna\u0308ssa\u0308, kun se tapahtuu Suomi.fi asiointipalvelun kautta:<\/p>\n<\/div>\n<\/div>\n<\/div>\n<\/div>\n<p>1) Hightrust.id digilompakkoa voi k\u00e4ytt\u00e4\u00e4 vahvaan s\u00e4hk\u00f6iseen tunnistamiseen korkeimmalla mahdollisella luotettavuustasolla (LoA &#8211; High)<\/p>\n<p>2) <span style=\"font-size: 1.125rem; letter-spacing: -0.27px;\">Hightrust.id digilompakolla voi tehda\u0308 hyva\u0308ksytyn sa\u0308hko\u0308isen allekirjoituksen, koska varmenne on eIDAS-hyva\u0308ksytty, ja ka\u0308ytetty luontiva\u0308line (kansalaisvarmenne) on eIDAS-hyva\u0308ksytty sa\u0308hko\u0308isen allekirjoituksen luontiva\u0308line (QSCD). Allekirjoitus on ta\u0308llo\u0308in juridisesti sitova ja kiista\u0308ma\u0308to\u0308n koko Euroopan Unionin alueella, ja sen oikeusvaikutukset ovat yhta\u0308la\u0308iset kuin ka\u0308sin kirjoitetulla allekirjoituksella (EU 910\/2014, artikla 25).<\/span><\/p>\n<\/div>            <\/div>\n        <\/div>\n    <\/div>\n<\/section>\n","protected":false},"excerpt":{"rendered":"","protected":false},"author":1,"featured_media":0,"parent":0,"menu_order":0,"comment_status":"closed","ping_status":"closed","template":"","meta":{"_acf_changed":false,"inline_featured_image":false,"_ht_theme_hide_title":false,"footnotes":""},"class_list":["post-615","page","type-page","status-publish","hentry","post","without-featured-image"],"acf":[],"yoast_head":"<!-- This site is optimized with the Yoast SEO plugin v27.3 - https:\/\/yoast.com\/product\/yoast-seo-wordpress\/ -->\n<title>Hightrust.id digilompakko kansalaisten k\u00e4ytt\u00f6\u00f6n - hightrust.id<\/title>\n<meta name=\"robots\" content=\"index, follow, max-snippet:-1, max-image-preview:large, max-video-preview:-1\" \/>\n<link rel=\"canonical\" href=\"https:\/\/hightrust.id\/sv\/hightrust-id-digilompakko-kansalaisten-kayttoon\/\" \/>\n<meta property=\"og:locale\" content=\"sv_SE\" \/>\n<meta property=\"og:type\" content=\"article\" \/>\n<meta property=\"og:title\" content=\"Hightrust.id digilompakko kansalaisten k\u00e4ytt\u00f6\u00f6n - hightrust.id\" \/>\n<meta property=\"og:url\" content=\"https:\/\/hightrust.id\/sv\/hightrust-id-digilompakko-kansalaisten-kayttoon\/\" \/>\n<meta property=\"og:site_name\" content=\"hightrust.id\" \/>\n<meta property=\"article:modified_time\" content=\"2024-11-19T15:49:45+00:00\" \/>\n<meta name=\"twitter:card\" content=\"summary_large_image\" \/>\n<script type=\"application\/ld+json\" class=\"yoast-schema-graph\">{\"@context\":\"https:\\\/\\\/schema.org\",\"@graph\":[{\"@type\":\"WebPage\",\"@id\":\"https:\\\/\\\/hightrust.id\\\/sv\\\/hightrust-id-digilompakko-kansalaisten-kayttoon\\\/\",\"url\":\"https:\\\/\\\/hightrust.id\\\/sv\\\/hightrust-id-digilompakko-kansalaisten-kayttoon\\\/\",\"name\":\"Hightrust.id digilompakko kansalaisten k\u00e4ytt\u00f6\u00f6n - hightrust.id\",\"isPartOf\":{\"@id\":\"https:\\\/\\\/hightrust.id\\\/sv\\\/#website\"},\"datePublished\":\"2024-10-10T19:02:02+00:00\",\"dateModified\":\"2024-11-19T15:49:45+00:00\",\"breadcrumb\":{\"@id\":\"https:\\\/\\\/hightrust.id\\\/sv\\\/hightrust-id-digilompakko-kansalaisten-kayttoon\\\/#breadcrumb\"},\"inLanguage\":\"sv-SE\",\"potentialAction\":[{\"@type\":\"ReadAction\",\"target\":[\"https:\\\/\\\/hightrust.id\\\/sv\\\/hightrust-id-digilompakko-kansalaisten-kayttoon\\\/\"]}]},{\"@type\":\"BreadcrumbList\",\"@id\":\"https:\\\/\\\/hightrust.id\\\/sv\\\/hightrust-id-digilompakko-kansalaisten-kayttoon\\\/#breadcrumb\",\"itemListElement\":[{\"@type\":\"ListItem\",\"position\":1,\"name\":\"Hemsida\",\"item\":\"https:\\\/\\\/hightrust.id\\\/sv\\\/\"},{\"@type\":\"ListItem\",\"position\":2,\"name\":\"Hightrust.id digilompakko kansalaisten k\u00e4ytt\u00f6\u00f6n\"}]},{\"@type\":\"WebSite\",\"@id\":\"https:\\\/\\\/hightrust.id\\\/sv\\\/#website\",\"url\":\"https:\\\/\\\/hightrust.id\\\/sv\\\/\",\"name\":\"hightrust.id\",\"description\":\"\",\"publisher\":{\"@id\":\"https:\\\/\\\/hightrust.id\\\/sv\\\/#organization\"},\"potentialAction\":[{\"@type\":\"SearchAction\",\"target\":{\"@type\":\"EntryPoint\",\"urlTemplate\":\"https:\\\/\\\/hightrust.id\\\/sv\\\/?s={search_term_string}\"},\"query-input\":{\"@type\":\"PropertyValueSpecification\",\"valueRequired\":true,\"valueName\":\"search_term_string\"}}],\"inLanguage\":\"sv-SE\"},{\"@type\":\"Organization\",\"@id\":\"https:\\\/\\\/hightrust.id\\\/sv\\\/#organization\",\"name\":\"hightrust.id\",\"url\":\"https:\\\/\\\/hightrust.id\\\/sv\\\/\",\"logo\":{\"@type\":\"ImageObject\",\"inLanguage\":\"sv-SE\",\"@id\":\"https:\\\/\\\/hightrust.id\\\/sv\\\/#\\\/schema\\\/logo\\\/image\\\/\",\"url\":\"https:\\\/\\\/hightrust.id\\\/wp-content\\\/uploads\\\/2024\\\/10\\\/Hightrust-logo.svg\",\"contentUrl\":\"https:\\\/\\\/hightrust.id\\\/wp-content\\\/uploads\\\/2024\\\/10\\\/Hightrust-logo.svg\",\"width\":862,\"height\":197,\"caption\":\"hightrust.id\"},\"image\":{\"@id\":\"https:\\\/\\\/hightrust.id\\\/sv\\\/#\\\/schema\\\/logo\\\/image\\\/\"}}]}<\/script>\n<!-- \/ Yoast SEO plugin. -->","yoast_head_json":{"title":"Hightrust.id digilompakko kansalaisten k\u00e4ytt\u00f6\u00f6n - hightrust.id","robots":{"index":"index","follow":"follow","max-snippet":"max-snippet:-1","max-image-preview":"max-image-preview:large","max-video-preview":"max-video-preview:-1"},"canonical":"https:\/\/hightrust.id\/sv\/hightrust-id-digilompakko-kansalaisten-kayttoon\/","og_locale":"sv_SE","og_type":"article","og_title":"Hightrust.id digilompakko kansalaisten k\u00e4ytt\u00f6\u00f6n - hightrust.id","og_url":"https:\/\/hightrust.id\/sv\/hightrust-id-digilompakko-kansalaisten-kayttoon\/","og_site_name":"hightrust.id","article_modified_time":"2024-11-19T15:49:45+00:00","twitter_card":"summary_large_image","schema":{"@context":"https:\/\/schema.org","@graph":[{"@type":"WebPage","@id":"https:\/\/hightrust.id\/sv\/hightrust-id-digilompakko-kansalaisten-kayttoon\/","url":"https:\/\/hightrust.id\/sv\/hightrust-id-digilompakko-kansalaisten-kayttoon\/","name":"Hightrust.id digilompakko kansalaisten k\u00e4ytt\u00f6\u00f6n - hightrust.id","isPartOf":{"@id":"https:\/\/hightrust.id\/sv\/#website"},"datePublished":"2024-10-10T19:02:02+00:00","dateModified":"2024-11-19T15:49:45+00:00","breadcrumb":{"@id":"https:\/\/hightrust.id\/sv\/hightrust-id-digilompakko-kansalaisten-kayttoon\/#breadcrumb"},"inLanguage":"sv-SE","potentialAction":[{"@type":"ReadAction","target":["https:\/\/hightrust.id\/sv\/hightrust-id-digilompakko-kansalaisten-kayttoon\/"]}]},{"@type":"BreadcrumbList","@id":"https:\/\/hightrust.id\/sv\/hightrust-id-digilompakko-kansalaisten-kayttoon\/#breadcrumb","itemListElement":[{"@type":"ListItem","position":1,"name":"Hemsida","item":"https:\/\/hightrust.id\/sv\/"},{"@type":"ListItem","position":2,"name":"Hightrust.id digilompakko kansalaisten k\u00e4ytt\u00f6\u00f6n"}]},{"@type":"WebSite","@id":"https:\/\/hightrust.id\/sv\/#website","url":"https:\/\/hightrust.id\/sv\/","name":"hightrust.id","description":"","publisher":{"@id":"https:\/\/hightrust.id\/sv\/#organization"},"potentialAction":[{"@type":"SearchAction","target":{"@type":"EntryPoint","urlTemplate":"https:\/\/hightrust.id\/sv\/?s={search_term_string}"},"query-input":{"@type":"PropertyValueSpecification","valueRequired":true,"valueName":"search_term_string"}}],"inLanguage":"sv-SE"},{"@type":"Organization","@id":"https:\/\/hightrust.id\/sv\/#organization","name":"hightrust.id","url":"https:\/\/hightrust.id\/sv\/","logo":{"@type":"ImageObject","inLanguage":"sv-SE","@id":"https:\/\/hightrust.id\/sv\/#\/schema\/logo\/image\/","url":"https:\/\/hightrust.id\/wp-content\/uploads\/2024\/10\/Hightrust-logo.svg","contentUrl":"https:\/\/hightrust.id\/wp-content\/uploads\/2024\/10\/Hightrust-logo.svg","width":862,"height":197,"caption":"hightrust.id"},"image":{"@id":"https:\/\/hightrust.id\/sv\/#\/schema\/logo\/image\/"}}]}},"_links":{"self":[{"href":"https:\/\/hightrust.id\/sv\/wp-json\/wp\/v2\/pages\/615","targetHints":{"allow":["GET"]}}],"collection":[{"href":"https:\/\/hightrust.id\/sv\/wp-json\/wp\/v2\/pages"}],"about":[{"href":"https:\/\/hightrust.id\/sv\/wp-json\/wp\/v2\/types\/page"}],"author":[{"embeddable":true,"href":"https:\/\/hightrust.id\/sv\/wp-json\/wp\/v2\/users\/1"}],"replies":[{"embeddable":true,"href":"https:\/\/hightrust.id\/sv\/wp-json\/wp\/v2\/comments?post=615"}],"version-history":[{"count":0,"href":"https:\/\/hightrust.id\/sv\/wp-json\/wp\/v2\/pages\/615\/revisions"}],"wp:attachment":[{"href":"https:\/\/hightrust.id\/sv\/wp-json\/wp\/v2\/media?parent=615"}],"curies":[{"name":"wp","href":"https:\/\/api.w.org\/{rel}","templated":true}]}}