{"id":603,"date":"2024-10-08T14:53:49","date_gmt":"2024-10-08T14:53:49","guid":{"rendered":"https:\/\/hightrustid.wpenginepowered.com\/eid-sign\/"},"modified":"2024-11-19T16:06:53","modified_gmt":"2024-11-19T16:06:53","slug":"eid-sign","status":"publish","type":"page","link":"https:\/\/hightrust.id\/sv\/eid-sign\/","title":{"rendered":"eID &amp; Sign"},"content":{"rendered":"\n<section class=\"page-hero\"\n         style=\"background-color: #0505FF; background-image: url('https:\/\/hightrust.id\/wp-content\/uploads\/2024\/10\/ryoji-iwata-IBaVuZsJJTo-unsplash-1-scaled.webp');\">\n    <div class=\"container\">\n\t\t\n\t\t            <div class=\"page-hero__titlewrap\">\n\t\t\t\t<h1 style=\"text-align: left;\"><span style=\"color: #ffffff;\">Digitaalinen turvallisuus on uuden ajan perusoikeus. Vahva s\u00e4hk\u00f6inen tunnistaminen ja s\u00e4hk\u00f6inen allekirjoitus rakentavat luottamusta ja suojaavat meit\u00e4 kaikessa, mit\u00e4 teemme verkossa &#8211; aina arjen verkkoasioinnista t\u00e4rkeisiin sopimuksiin. <\/span><\/h1>\n            <\/div>\n\t\t\n\t\t\n\t\t    <\/div>\n<\/section>\n\n<section class=\"title-text-btn-images\" style=\"background: #ffffff\">\n    <div class=\"container\">\n        <div class=\"title-text-bg__content\">\n            <div class=\"title-text-btn-images__content-wrap\">\n\t\t\t\t                    <div class=\"title-text-btn-images__title section-heading\">\n\t\t\t\t\t\t<h2 style=\"text-align: left;\">Vahva tunnistaminen ja s\u00e4hk\u00f6inen allekirjoitus &#8211; Turvallisuutta ja luotettavuutta digitaalisessa asioinnissa<\/h2>\n                    <\/div>\n\t\t\t\t\n\t\t\t\t                    <div class=\"title-text-btn-images__subtitle font-medium\">\n\t\t\t\t\t\t<p><strong>Vahva s\u00e4hk\u00f6inen tunnistaminen ja s\u00e4hk\u00f6iset allekirjoitukset ovat jokap\u00e4iv\u00e4isen digitaalisen asioinnin kulmakivi\u00e4. Kun k\u00e4yt\u00e4t vahvaa tunnistautumista esimerkiksi pankkipalveluissa tai viranomaisasioinnissa, varmistat, ett\u00e4 henkil\u00f6llisyytesi todistetaan turvallisesti ja luotettavasti. T\u00e4m\u00e4 suojaa sinua v\u00e4\u00e4rink\u00e4yt\u00f6ksilt\u00e4 ja varmistaa, ett\u00e4 vain sin\u00e4 p\u00e4\u00e4set k\u00e4siksi tietoihisi.  <\/strong><\/p>\n                    <\/div>\n\t\t\t\t\n\t\t\t\t                    <div class=\"title-text-btn-images__text\">\n\t\t\t\t\t\t<p>S\u00e4hk\u00f6iset allekirjoitukset puolestaan mahdollistavat sopimusten ja asiakirjojen allekirjoittamisen digitaalisesti. Mit\u00e4 vahvempi allekirjoitustaso, sit\u00e4 paremmin varmistetaan sek\u00e4 asiakirjan sis\u00e4lt\u00f6 ett\u00e4 allekirjoittajan henkil\u00f6llisyys. Kehittynyt ja hyv\u00e4ksytty s\u00e4hk\u00f6inen allekirjoitus ovat juridisesti sitovia ja yht\u00e4 luotettavia kuin k\u00e4sin tehty allekirjoitus, ja niiden avulla asiointi EU alueella on entist\u00e4 helpompaa ja turvallisempaa.  <\/p>\n                    <\/div>\n\t\t\t\t\n\t\t\t\t\n            <\/div>\n        <\/div>\n    <\/div>\n<\/section>\n\n<section class=\"title-text-btn-images\" style=\"background: #e8e8e8\">\n    <div class=\"container\">\n        <div class=\"title-text-bg__content\">\n            <div class=\"title-text-btn-images__content-wrap\">\n\t\t\t\t                    <div class=\"title-text-btn-images__title section-heading\">\n\t\t\t\t\t\t<h2 style=\"text-align: left;\">Suomalaiset vahvat s\u00e4hk\u00f6iset<br \/>\ntunnistusv\u00e4lineet<\/h2>\n                    <\/div>\n\t\t\t\t\n\t\t\t\t                    <div class=\"title-text-btn-images__subtitle font-medium\">\n\t\t\t\t\t\t<p>Suomessa on tarjolla monipuolisia vahvan s\u00e4hk\u00f6isen tunnistamisen v\u00e4lineit\u00e4, jotka mahdollistavat turvallisen asioinnin sek\u00e4 yksityishenkil\u00f6ille ett\u00e4 organisaatioille. Tutustu eri tunnistusv\u00e4lineisiin, kuten pankkitunnuksiin, mobiilivarmenteisiin ja poliisin my\u00f6nt\u00e4miin henkil\u00f6kortteihin. Lue lis\u00e4\u00e4 my\u00f6s siit\u00e4, miten n\u00e4it\u00e4 tunnistusv\u00e4lineit\u00e4 k\u00e4ytet\u00e4\u00e4n s\u00e4hk\u00f6isess\u00e4 asioinnissa ja mitk\u00e4 vaatimukset koskevat niiden k\u00e4ytt\u00f6\u00f6nottoa.  <\/p>\n                    <\/div>\n\t\t\t\t\n\t\t\t\t\n\t\t\t\t                    <a class=\"btn-default\" href=\"https:\/\/hightrust.id\/en\/eid-sign\/vahva-sahkoinen-tunnistaminen\/\"\n                       target=\"_self\">Lue lis\u00e4\u00e4<\/a>\n\t\t\t\t\n            <\/div>\n        <\/div>\n    <\/div>\n<\/section>\n\n<section class=\"title-text-btn-images\" style=\"background: #ffffff\">\n    <div class=\"container\">\n        <div class=\"title-text-bg__content\">\n            <div class=\"title-text-btn-images__content-wrap\">\n\t\t\t\t                    <div class=\"title-text-btn-images__title section-heading\">\n\t\t\t\t\t\t<h2 style=\"text-align: left;\">S\u00e4hk\u00f6isen tunnistamisen<br \/>\nvarmuustasot (LoA)<\/h2>\n                    <\/div>\n\t\t\t\t\n\t\t\t\t                    <div class=\"title-text-btn-images__subtitle font-medium\">\n\t\t\t\t\t\t<p>Suomessa on tarjolla monipuolisia vahvan s\u00e4hk\u00f6isen tunnistamisen v\u00e4lineit\u00e4, jotka mahdollistavat turvallisen asioinnin sek\u00e4 yksityishenkil\u00f6ille ett\u00e4 organisaatioille. Tutustu eri tunnistusv\u00e4lineisiin, kuten pankkitunnuksiin, mobiilivarmenteisiin ja poliisin my\u00f6nt\u00e4miin henkil\u00f6kortteihin. Lue lis\u00e4\u00e4 my\u00f6s siit\u00e4, miten n\u00e4it\u00e4 tunnistusv\u00e4lineit\u00e4 k\u00e4ytet\u00e4\u00e4n s\u00e4hk\u00f6isess\u00e4 asioinnissa ja mitk\u00e4 vaatimukset koskevat niiden k\u00e4ytt\u00f6\u00f6nottoa.  <\/p>\n                    <\/div>\n\t\t\t\t\n\t\t\t\t\n\t\t\t\t                    <a class=\"btn-default\" href=\"https:\/\/hightrust.id\/en\/eid-sign\/eidas-jarjestelman-varmuustasot-levels-of-assurance-loa\/\"\n                       target=\"_self\">Lue lis\u00e4\u00e4<\/a>\n\t\t\t\t\n            <\/div>\n        <\/div>\n    <\/div>\n<\/section>\n\n<section class=\"title-text-btn-images\" style=\"background: #e8e8e8\">\n    <div class=\"container\">\n        <div class=\"title-text-bg__content\">\n            <div class=\"title-text-btn-images__content-wrap\">\n\t\t\t\t                    <div class=\"title-text-btn-images__title section-heading\">\n\t\t\t\t\t\t<h2 style=\"text-align: left;\">S\u00e4hk\u00f6iset allekirjoitukset<\/h2>\n                    <\/div>\n\t\t\t\t\n\t\t\t\t                    <div class=\"title-text-btn-images__subtitle font-medium\">\n\t\t\t\t\t\t<p>S\u00e4hk\u00f6iset allekirjoitukset jaotellaan kolmeen tasoon eIDAS-asetuksen mukaan: s\u00e4hk\u00f6inen allekirjoitus, kehittynyt s\u00e4hk\u00f6inen allekirjoitus ja hyv\u00e4ksytty s\u00e4hk\u00f6inen allekirjoitus. Mit\u00e4 korkeampi taso, sit\u00e4 vahvempi turva henkil\u00f6llisyyden varmistamisessa. Tutustu tarkemmin eri tasoihin ja niiden ominaisuuksiin sek\u00e4 siihen, miten ne vaikuttavat asiakirjojen luotettavuuteen.  <\/p>\n                    <\/div>\n\t\t\t\t\n\t\t\t\t\n\t\t\t\t                    <a class=\"btn-default\" href=\"https:\/\/hightrust.id\/en\/eid-sign\/sahkoiset-allekirjoitukset\/\"\n                       target=\"_self\">Lue lis\u00e4\u00e4<\/a>\n\t\t\t\t\n            <\/div>\n        <\/div>\n    <\/div>\n<\/section>\n","protected":false},"excerpt":{"rendered":"","protected":false},"author":1,"featured_media":0,"parent":0,"menu_order":0,"comment_status":"closed","ping_status":"closed","template":"templates\/full-width.php","meta":{"_acf_changed":false,"inline_featured_image":false,"_ht_theme_hide_title":true,"footnotes":""},"class_list":["post-603","page","type-page","status-publish","hentry","post","without-featured-image"],"acf":[],"yoast_head":"<!-- This site is optimized with the Yoast SEO plugin v27.3 - https:\/\/yoast.com\/product\/yoast-seo-wordpress\/ -->\n<title>eID &amp; Sign - hightrust.id<\/title>\n<meta name=\"robots\" content=\"index, follow, max-snippet:-1, max-image-preview:large, max-video-preview:-1\" \/>\n<link rel=\"canonical\" href=\"https:\/\/hightrust.id\/sv\/eid-sign\/\" \/>\n<meta property=\"og:locale\" content=\"sv_SE\" \/>\n<meta property=\"og:type\" content=\"article\" \/>\n<meta property=\"og:title\" content=\"eID &amp; Sign - hightrust.id\" \/>\n<meta property=\"og:url\" content=\"https:\/\/hightrust.id\/sv\/eid-sign\/\" \/>\n<meta property=\"og:site_name\" content=\"hightrust.id\" \/>\n<meta property=\"article:modified_time\" content=\"2024-11-19T16:06:53+00:00\" \/>\n<meta name=\"twitter:card\" content=\"summary_large_image\" \/>\n<script type=\"application\/ld+json\" class=\"yoast-schema-graph\">{\"@context\":\"https:\\\/\\\/schema.org\",\"@graph\":[{\"@type\":\"WebPage\",\"@id\":\"https:\\\/\\\/hightrust.id\\\/sv\\\/eid-sign\\\/\",\"url\":\"https:\\\/\\\/hightrust.id\\\/sv\\\/eid-sign\\\/\",\"name\":\"eID &amp; Sign - hightrust.id\",\"isPartOf\":{\"@id\":\"https:\\\/\\\/hightrust.id\\\/sv\\\/#website\"},\"datePublished\":\"2024-10-08T14:53:49+00:00\",\"dateModified\":\"2024-11-19T16:06:53+00:00\",\"breadcrumb\":{\"@id\":\"https:\\\/\\\/hightrust.id\\\/sv\\\/eid-sign\\\/#breadcrumb\"},\"inLanguage\":\"sv-SE\",\"potentialAction\":[{\"@type\":\"ReadAction\",\"target\":[\"https:\\\/\\\/hightrust.id\\\/sv\\\/eid-sign\\\/\"]}]},{\"@type\":\"BreadcrumbList\",\"@id\":\"https:\\\/\\\/hightrust.id\\\/sv\\\/eid-sign\\\/#breadcrumb\",\"itemListElement\":[{\"@type\":\"ListItem\",\"position\":1,\"name\":\"Hemsida\",\"item\":\"https:\\\/\\\/hightrust.id\\\/sv\\\/\"},{\"@type\":\"ListItem\",\"position\":2,\"name\":\"eID &amp; Sign\"}]},{\"@type\":\"WebSite\",\"@id\":\"https:\\\/\\\/hightrust.id\\\/sv\\\/#website\",\"url\":\"https:\\\/\\\/hightrust.id\\\/sv\\\/\",\"name\":\"hightrust.id\",\"description\":\"\",\"publisher\":{\"@id\":\"https:\\\/\\\/hightrust.id\\\/sv\\\/#organization\"},\"potentialAction\":[{\"@type\":\"SearchAction\",\"target\":{\"@type\":\"EntryPoint\",\"urlTemplate\":\"https:\\\/\\\/hightrust.id\\\/sv\\\/?s={search_term_string}\"},\"query-input\":{\"@type\":\"PropertyValueSpecification\",\"valueRequired\":true,\"valueName\":\"search_term_string\"}}],\"inLanguage\":\"sv-SE\"},{\"@type\":\"Organization\",\"@id\":\"https:\\\/\\\/hightrust.id\\\/sv\\\/#organization\",\"name\":\"hightrust.id\",\"url\":\"https:\\\/\\\/hightrust.id\\\/sv\\\/\",\"logo\":{\"@type\":\"ImageObject\",\"inLanguage\":\"sv-SE\",\"@id\":\"https:\\\/\\\/hightrust.id\\\/sv\\\/#\\\/schema\\\/logo\\\/image\\\/\",\"url\":\"https:\\\/\\\/hightrust.id\\\/wp-content\\\/uploads\\\/2024\\\/10\\\/Hightrust-logo.svg\",\"contentUrl\":\"https:\\\/\\\/hightrust.id\\\/wp-content\\\/uploads\\\/2024\\\/10\\\/Hightrust-logo.svg\",\"width\":862,\"height\":197,\"caption\":\"hightrust.id\"},\"image\":{\"@id\":\"https:\\\/\\\/hightrust.id\\\/sv\\\/#\\\/schema\\\/logo\\\/image\\\/\"}}]}<\/script>\n<!-- \/ Yoast SEO plugin. -->","yoast_head_json":{"title":"eID &amp; Sign - hightrust.id","robots":{"index":"index","follow":"follow","max-snippet":"max-snippet:-1","max-image-preview":"max-image-preview:large","max-video-preview":"max-video-preview:-1"},"canonical":"https:\/\/hightrust.id\/sv\/eid-sign\/","og_locale":"sv_SE","og_type":"article","og_title":"eID &amp; Sign - hightrust.id","og_url":"https:\/\/hightrust.id\/sv\/eid-sign\/","og_site_name":"hightrust.id","article_modified_time":"2024-11-19T16:06:53+00:00","twitter_card":"summary_large_image","schema":{"@context":"https:\/\/schema.org","@graph":[{"@type":"WebPage","@id":"https:\/\/hightrust.id\/sv\/eid-sign\/","url":"https:\/\/hightrust.id\/sv\/eid-sign\/","name":"eID &amp; Sign - hightrust.id","isPartOf":{"@id":"https:\/\/hightrust.id\/sv\/#website"},"datePublished":"2024-10-08T14:53:49+00:00","dateModified":"2024-11-19T16:06:53+00:00","breadcrumb":{"@id":"https:\/\/hightrust.id\/sv\/eid-sign\/#breadcrumb"},"inLanguage":"sv-SE","potentialAction":[{"@type":"ReadAction","target":["https:\/\/hightrust.id\/sv\/eid-sign\/"]}]},{"@type":"BreadcrumbList","@id":"https:\/\/hightrust.id\/sv\/eid-sign\/#breadcrumb","itemListElement":[{"@type":"ListItem","position":1,"name":"Hemsida","item":"https:\/\/hightrust.id\/sv\/"},{"@type":"ListItem","position":2,"name":"eID &amp; Sign"}]},{"@type":"WebSite","@id":"https:\/\/hightrust.id\/sv\/#website","url":"https:\/\/hightrust.id\/sv\/","name":"hightrust.id","description":"","publisher":{"@id":"https:\/\/hightrust.id\/sv\/#organization"},"potentialAction":[{"@type":"SearchAction","target":{"@type":"EntryPoint","urlTemplate":"https:\/\/hightrust.id\/sv\/?s={search_term_string}"},"query-input":{"@type":"PropertyValueSpecification","valueRequired":true,"valueName":"search_term_string"}}],"inLanguage":"sv-SE"},{"@type":"Organization","@id":"https:\/\/hightrust.id\/sv\/#organization","name":"hightrust.id","url":"https:\/\/hightrust.id\/sv\/","logo":{"@type":"ImageObject","inLanguage":"sv-SE","@id":"https:\/\/hightrust.id\/sv\/#\/schema\/logo\/image\/","url":"https:\/\/hightrust.id\/wp-content\/uploads\/2024\/10\/Hightrust-logo.svg","contentUrl":"https:\/\/hightrust.id\/wp-content\/uploads\/2024\/10\/Hightrust-logo.svg","width":862,"height":197,"caption":"hightrust.id"},"image":{"@id":"https:\/\/hightrust.id\/sv\/#\/schema\/logo\/image\/"}}]}},"_links":{"self":[{"href":"https:\/\/hightrust.id\/sv\/wp-json\/wp\/v2\/pages\/603","targetHints":{"allow":["GET"]}}],"collection":[{"href":"https:\/\/hightrust.id\/sv\/wp-json\/wp\/v2\/pages"}],"about":[{"href":"https:\/\/hightrust.id\/sv\/wp-json\/wp\/v2\/types\/page"}],"author":[{"embeddable":true,"href":"https:\/\/hightrust.id\/sv\/wp-json\/wp\/v2\/users\/1"}],"replies":[{"embeddable":true,"href":"https:\/\/hightrust.id\/sv\/wp-json\/wp\/v2\/comments?post=603"}],"version-history":[{"count":0,"href":"https:\/\/hightrust.id\/sv\/wp-json\/wp\/v2\/pages\/603\/revisions"}],"wp:attachment":[{"href":"https:\/\/hightrust.id\/sv\/wp-json\/wp\/v2\/media?parent=603"}],"curies":[{"name":"wp","href":"https:\/\/api.w.org\/{rel}","templated":true}]}}