{"id":589,"date":"2024-10-08T14:54:14","date_gmt":"2024-10-08T14:54:14","guid":{"rendered":"https:\/\/hightrustid.wpenginepowered.com\/ajankohtaista\/"},"modified":"2024-11-19T16:04:35","modified_gmt":"2024-11-19T16:04:35","slug":"ajankohtaista","status":"publish","type":"page","link":"https:\/\/hightrust.id\/sv\/ajankohtaista\/","title":{"rendered":"Ajankohtaista"},"content":{"rendered":"\n<section class=\"page-hero\"\n         style=\"background-color: #0505FF; background-image: url('https:\/\/hightrust.id\/wp-content\/uploads\/2024\/10\/ryoji-iwata-IBaVuZsJJTo-unsplash-1-scaled.webp');\">\n    <div class=\"container\">\n\t\t\n\t\t            <div class=\"page-hero__titlewrap\">\n\t\t\t\t<h1 style=\"text-align: left;\">Verkkorikollisuus kasvaa \u2013 nykyaikaiset pankkitunnisteet eiv\u00e4t en\u00e4\u00e4 riit\u00e4 takaamaan turvallisuuttasi. Hightrust.id tarjoaa luotettavan suojan digitaaliseen tunnistautumiseen.<\/h1>\n            <\/div>\n\t\t\n\t\t\n\t\t    <\/div>\n<\/section>\n\n\n\n<section class=\"title-text-btn-images\" style=\"background: #ffffff\">\n    <div class=\"container\">\n        <div class=\"title-text-bg__content\">\n            <div class=\"title-text-btn-images__content-wrap\">\n\t\t\t\t                    <div class=\"title-text-btn-images__title section-heading\">\n\t\t\t\t\t\t<h2 style=\"text-align: left;\">S\u00e4hk\u00f6inen tunnistamisen<br \/>\nhistoria Suomessa<\/h2>\n                    <\/div>\n\t\t\t\t\n\t\t\t\t                    <div class=\"title-text-btn-images__subtitle font-medium\">\n\t\t\t\t\t\t<div class=\"page\" title=\"Page 1\">\n<div class=\"section\">\n<div class=\"layoutArea\">\n<div class=\"column\">\n<p>Pankkitunnisteet ovat olleet ka\u0308yto\u0308ssa\u0308 Suomessa sa\u0308hko\u0308isessa\u0308 tunnistautumisessa 1990-luvun lopulta la\u0308htien ja ne hyva\u0308ksyttiin virallisesti sa\u0308hko\u0308iseksi tunnistusva\u0308lineeksi vuodesta 1999. Mobiilivarmenne, joka toimii matkapuhelimen SIM-kortilla, otettiin ka\u0308ytto\u0308o\u0308n vuonna 2011, tarjoten uuden tavan tunnistautua ilman erillisia\u0308 sovelluksia tai laitteita. Molemmat edella\u0308 mainitut tunnistamistavat ovat ta\u0308rkeita\u0308 tyo\u0308kaluja sa\u0308hko\u0308isessa\u0308 asioinnissa Suomessa.<\/p>\n<div class=\"page\" title=\"Page 1\">\n<div class=\"section\">\n<div class=\"layoutArea\">\n<div class=\"column\">\n<p>Liikenne- ja viestinta\u0308virasto Traficomin Kyberturvallisuuskeskusksen tunnistuspalvelurekisteriin ei na\u0308in ollen ole 2011 ja\u0308lkeen lisa\u0308tty palveluntarjoajaa, kunnes hightrust.id hyva\u0308ksyttiin siihen liitetta\u0308va\u0308ksi joulukuussa 2023.<\/p>\n<\/div>\n<\/div>\n<\/div>\n<\/div>\n<\/div>\n<\/div>\n<\/div>\n<\/div>\n                    <\/div>\n\t\t\t\t\n\t\t\t\t\n\t\t\t\t\n            <\/div>\n        <\/div>\n    <\/div>\n<\/section>\n\n\n\n<section class=\"title-text-btn-images\" style=\"background: #e8e8e8\">\n    <div class=\"container\">\n        <div class=\"title-text-bg__content\">\n            <div class=\"title-text-btn-images__content-wrap\">\n\t\t\t\t                    <div class=\"title-text-btn-images__title section-heading\">\n\t\t\t\t\t\t<h2 style=\"text-align: left;\">Regulaation kehittyminen<\/h2>\n                    <\/div>\n\t\t\t\t\n\t\t\t\t                    <div class=\"title-text-btn-images__subtitle font-medium\">\n\t\t\t\t\t\t<div class=\"page\" title=\"Page 1\">\n<div class=\"section\">\n<div class=\"layoutArea\">\n<div class=\"column\">\n<div class=\"page\" title=\"Page 1\">\n<div class=\"section\">\n<div class=\"layoutArea\">\n<div class=\"column\">\n<p>EY:n sa\u0308hko\u0308inen allekirjoitusdirektiivi (1999\/93\/EY) loi oikeudellisen kehyksen sa\u0308hko\u0308isille allekirjoituksille, mutta se keskittyi ensisijaisesti niiden oikeudelliseen asemaan eika\u0308 kattanut laajemmin sa\u0308hko\u0308ista\u0308 tunnistamista.<\/p>\n<\/div>\n<\/div>\n<\/div>\n<\/div>\n<\/div>\n<\/div>\n<\/div>\n<\/div>\n                    <\/div>\n\t\t\t\t\n\t\t\t\t\n\t\t\t\t                    <a class=\"btn-default\" href=\"https:\/\/hightrust.id\/sv\/ajankohtaista\/regulaation-kehittyminen\/\"\n                       target=\"_self\">Lue lis\u00e4\u00e4<\/a>\n\t\t\t\t\n            <\/div>\n        <\/div>\n    <\/div>\n<\/section>\n\n\n\n<section class=\"title-text-btn-images\" style=\"background: #ffffff\">\n    <div class=\"container\">\n        <div class=\"title-text-bg__content\">\n            <div class=\"title-text-btn-images__content-wrap\">\n\t\t\t\t                    <div class=\"title-text-btn-images__title section-heading\">\n\t\t\t\t\t\t<h2 style=\"text-align: left;\">S\u00e4hk\u00f6isen tunnistautumisen<br \/>\ntilanne nyt<\/h2>\n                    <\/div>\n\t\t\t\t\n\t\t\t\t                    <div class=\"title-text-btn-images__subtitle font-medium\">\n\t\t\t\t\t\t<div class=\"page\" title=\"Page 1\">\n<div class=\"section\">\n<div class=\"layoutArea\">\n<div class=\"column\">\n<p>Suomessa pankkitunnusten ka\u0308ytta\u0308minen vahvana tunnistusmenetelma\u0308na\u0308 on poikkeuksellisen yleista\u0308, noin 90% kaikista tunnistautumisista tehda\u0308a\u0308n pankkitunnisteilla. Niilla\u0308 kirjaudutaan pankkien lisa\u0308ksi vakuutusyhtio\u0308ihin ja Kelan, Verohallinnon seka\u0308 Omakannan kaltaisiin viranomaispalveluihin.<\/p>\n<\/div>\n<\/div>\n<\/div>\n<\/div>\n                    <\/div>\n\t\t\t\t\n\t\t\t\t\n\t\t\t\t                    <a class=\"btn-default\" href=\"https:\/\/hightrust.id\/sv\/ajankohtaista\/sahkoisen-tunnistautumisen-tilanne-nyt\/\"\n                       target=\"_self\">Lue lis\u00e4\u00e4<\/a>\n\t\t\t\t\n            <\/div>\n        <\/div>\n    <\/div>\n<\/section>\n\n\n\n<section class=\"title-text-btn-images\" style=\"background: #e8e8e8\">\n    <div class=\"container\">\n        <div class=\"title-text-bg__content\">\n            <div class=\"title-text-btn-images__content-wrap\">\n\t\t\t\t                    <div class=\"title-text-btn-images__title section-heading\">\n\t\t\t\t\t\t<h2 style=\"text-align: left;\">S\u00e4hk\u00f6isen tunnistautumisen<br \/>\ntulevaisuus \u2013 korkean<br \/>\nluottamustason digilompakot<\/h2>\n                    <\/div>\n\t\t\t\t\n\t\t\t\t                    <div class=\"title-text-btn-images__subtitle font-medium\">\n\t\t\t\t\t\t<div class=\"page\" title=\"Page 1\">\n<div class=\"section\">\n<div class=\"layoutArea\">\n<div class=\"column\">\n<p>Digilompakoiden rooli sa\u0308hko\u0308isessa\u0308 tunnistautumisessa kasvaa jatkuvasti. Ne tarjoavat joustavan, nopean ja ka\u0308ytta\u0308ja\u0308ysta\u0308va\u0308llisen tavan todentaa henkilo\u0308llisyys. Erityisesti <strong>korkean luottamustason digilompakot<\/strong> ovat tulevaisuudessa keskeisessa\u0308 asemassa, kun sa\u0308hko\u0308inen tunnistautuminen vaatii entista\u0308 vahvempia turvallisuustekijo\u0308ita\u0308, yksityisyydensuojan huomioimista seka\u0308 lainsa\u0308a\u0308da\u0308nno\u0308llisia\u0308 uudistuksia.<\/p>\n<\/div>\n<\/div>\n<\/div>\n<\/div>\n                    <\/div>\n\t\t\t\t\n\t\t\t\t\n\t\t\t\t                    <a class=\"btn-default\" href=\"https:\/\/hightrust.id\/sv\/ajankohtaista\/sahkoisen-tunnistautumisen-tulevaisuus-korkean-luottamuksen-digilompakot\/\"\n                       target=\"_self\">Lue lis\u00e4\u00e4<\/a>\n\t\t\t\t\n            <\/div>\n        <\/div>\n    <\/div>\n<\/section>\n\n\n\n<section class=\"title-text-btn-images\" style=\"background: #ffffff\">\n    <div class=\"container\">\n        <div class=\"title-text-bg__content\">\n            <div class=\"title-text-btn-images__content-wrap\">\n\t\t\t\t                    <div class=\"title-text-btn-images__title section-heading\">\n\t\t\t\t\t\t<h2 style=\"text-align: left;\">Digilompakoiden potentiaaliset k\u00e4ytt\u00f6tapaukset<\/h2>\n                    <\/div>\n\t\t\t\t\n\t\t\t\t                    <div class=\"title-text-btn-images__subtitle font-medium\">\n\t\t\t\t\t\t<div class=\"page\" title=\"Page 1\">\n<div class=\"section\">\n<div class=\"layoutArea\">\n<div class=\"column\">\n<p>Jokainen kansalainen, jolla on 31.8.2021 ja\u0308lkeen myo\u0308nnetty kansalaisvarmenteella varustettu henkilo\u0308kortti, voi ottaa ka\u0308ytto\u0308o\u0308nsa\u0308 valtiolliseen ydinidentiteettiin perustuvan sa\u0308hko\u0308isen tunnistusva\u0308lineen omassa a\u0308lypuhelimessa toimivaan ilmaiseen digiwallettiin ja toteuttaa vahvan sa\u0308hko\u0308isen tunnistamisen mobiilissa korkeimmalla mahdollisella luottamustasolla (LoA &#8211; High).<\/p>\n<\/div>\n<\/div>\n<\/div>\n<\/div>\n                    <\/div>\n\t\t\t\t\n\t\t\t\t\n\t\t\t\t                    <a class=\"btn-default\" href=\"https:\/\/hightrust.id\/sv\/ajankohtaista\/digilompakoiden-potentiaaliset-kayttotapaukset\/\"\n                       target=\"_self\">Lue lis\u00e4\u00e4<\/a>\n\t\t\t\t\n            <\/div>\n        <\/div>\n    <\/div>\n<\/section>\n\n\n\n<section class=\"title-text-btn-images\" style=\"background: #e8e8e8\">\n    <div class=\"container\">\n        <div class=\"title-text-bg__content\">\n            <div class=\"title-text-btn-images__content-wrap\">\n\t\t\t\t                    <div class=\"title-text-btn-images__title section-heading\">\n\t\t\t\t\t\t<h2 style=\"text-align: left;\">Ajankohtaiset artikelit<\/h2>\n                    <\/div>\n\t\t\t\t\n\t\t\t\t                    <div class=\"title-text-btn-images__subtitle font-medium\">\n\t\t\t\t\t\t<div class=\"page\" title=\"Page 1\">\n<div class=\"section\">\n<div class=\"layoutArea\">\n<div class=\"column\">\n<p>Suomalaisten luottamus digipalveluiden ja -laitteiden turvallisuuteen on heikentynyt huomattavasti, ja tietomurrot, huijaukset seka\u0308 tekoa\u0308lyn kehittyminen ovat nostaneet esiin uusia haasteita. Finanssialan huijausyritykset ovat lisa\u0308a\u0308ntyneet, ja verkkorikolliset kalastelevat entista\u0308 enemma\u0308n pankkitietoja. Olemme koonneet yhteen viimeaikaisia julkaisuja ja artikkeleita suomesta ja maailmalta, jotka valottavat na\u0308ita\u0308 ajankohtaisia ilmio\u0308ita\u0308 ja tarjoavat na\u0308ko\u0308kulmia siihen, miten suojaudut ja varaudut na\u0308ihin kasvaviin uhkiin.<\/p>\n<\/div>\n<\/div>\n<\/div>\n<\/div>\n                    <\/div>\n\t\t\t\t\n\t\t\t\t\n\t\t\t\t                    <a class=\"btn-default\" href=\"#\"\n                       target=\"_self\">Lue lis\u00e4\u00e4<\/a>\n\t\t\t\t\n            <\/div>\n        <\/div>\n    <\/div>\n<\/section>\n","protected":false},"excerpt":{"rendered":"","protected":false},"author":1,"featured_media":0,"parent":0,"menu_order":0,"comment_status":"closed","ping_status":"closed","template":"templates\/full-width.php","meta":{"_acf_changed":false,"inline_featured_image":false,"_ht_theme_hide_title":true,"footnotes":""},"class_list":["post-589","page","type-page","status-publish","hentry","post","without-featured-image"],"acf":[],"yoast_head":"<!-- This site is optimized with the Yoast SEO plugin v27.3 - https:\/\/yoast.com\/product\/yoast-seo-wordpress\/ -->\n<title>Ajankohtaista - hightrust.id<\/title>\n<meta name=\"robots\" content=\"index, follow, max-snippet:-1, max-image-preview:large, max-video-preview:-1\" \/>\n<link rel=\"canonical\" href=\"https:\/\/hightrust.id\/sv\/ajankohtaista\/\" \/>\n<meta property=\"og:locale\" content=\"sv_SE\" \/>\n<meta property=\"og:type\" content=\"article\" \/>\n<meta property=\"og:title\" content=\"Ajankohtaista - hightrust.id\" \/>\n<meta property=\"og:url\" content=\"https:\/\/hightrust.id\/sv\/ajankohtaista\/\" \/>\n<meta property=\"og:site_name\" content=\"hightrust.id\" \/>\n<meta property=\"article:modified_time\" content=\"2024-11-19T16:04:35+00:00\" \/>\n<meta name=\"twitter:card\" content=\"summary_large_image\" \/>\n<script type=\"application\/ld+json\" class=\"yoast-schema-graph\">{\"@context\":\"https:\\\/\\\/schema.org\",\"@graph\":[{\"@type\":\"WebPage\",\"@id\":\"https:\\\/\\\/hightrust.id\\\/sv\\\/ajankohtaista\\\/\",\"url\":\"https:\\\/\\\/hightrust.id\\\/sv\\\/ajankohtaista\\\/\",\"name\":\"Ajankohtaista - hightrust.id\",\"isPartOf\":{\"@id\":\"https:\\\/\\\/hightrust.id\\\/sv\\\/#website\"},\"datePublished\":\"2024-10-08T14:54:14+00:00\",\"dateModified\":\"2024-11-19T16:04:35+00:00\",\"breadcrumb\":{\"@id\":\"https:\\\/\\\/hightrust.id\\\/sv\\\/ajankohtaista\\\/#breadcrumb\"},\"inLanguage\":\"sv-SE\",\"potentialAction\":[{\"@type\":\"ReadAction\",\"target\":[\"https:\\\/\\\/hightrust.id\\\/sv\\\/ajankohtaista\\\/\"]}]},{\"@type\":\"BreadcrumbList\",\"@id\":\"https:\\\/\\\/hightrust.id\\\/sv\\\/ajankohtaista\\\/#breadcrumb\",\"itemListElement\":[{\"@type\":\"ListItem\",\"position\":1,\"name\":\"Hemsida\",\"item\":\"https:\\\/\\\/hightrust.id\\\/sv\\\/\"},{\"@type\":\"ListItem\",\"position\":2,\"name\":\"Ajankohtaista\"}]},{\"@type\":\"WebSite\",\"@id\":\"https:\\\/\\\/hightrust.id\\\/sv\\\/#website\",\"url\":\"https:\\\/\\\/hightrust.id\\\/sv\\\/\",\"name\":\"hightrust.id\",\"description\":\"\",\"publisher\":{\"@id\":\"https:\\\/\\\/hightrust.id\\\/sv\\\/#organization\"},\"potentialAction\":[{\"@type\":\"SearchAction\",\"target\":{\"@type\":\"EntryPoint\",\"urlTemplate\":\"https:\\\/\\\/hightrust.id\\\/sv\\\/?s={search_term_string}\"},\"query-input\":{\"@type\":\"PropertyValueSpecification\",\"valueRequired\":true,\"valueName\":\"search_term_string\"}}],\"inLanguage\":\"sv-SE\"},{\"@type\":\"Organization\",\"@id\":\"https:\\\/\\\/hightrust.id\\\/sv\\\/#organization\",\"name\":\"hightrust.id\",\"url\":\"https:\\\/\\\/hightrust.id\\\/sv\\\/\",\"logo\":{\"@type\":\"ImageObject\",\"inLanguage\":\"sv-SE\",\"@id\":\"https:\\\/\\\/hightrust.id\\\/sv\\\/#\\\/schema\\\/logo\\\/image\\\/\",\"url\":\"https:\\\/\\\/hightrust.id\\\/wp-content\\\/uploads\\\/2024\\\/10\\\/Hightrust-logo.svg\",\"contentUrl\":\"https:\\\/\\\/hightrust.id\\\/wp-content\\\/uploads\\\/2024\\\/10\\\/Hightrust-logo.svg\",\"width\":862,\"height\":197,\"caption\":\"hightrust.id\"},\"image\":{\"@id\":\"https:\\\/\\\/hightrust.id\\\/sv\\\/#\\\/schema\\\/logo\\\/image\\\/\"}}]}<\/script>\n<!-- \/ Yoast SEO plugin. -->","yoast_head_json":{"title":"Ajankohtaista - hightrust.id","robots":{"index":"index","follow":"follow","max-snippet":"max-snippet:-1","max-image-preview":"max-image-preview:large","max-video-preview":"max-video-preview:-1"},"canonical":"https:\/\/hightrust.id\/sv\/ajankohtaista\/","og_locale":"sv_SE","og_type":"article","og_title":"Ajankohtaista - hightrust.id","og_url":"https:\/\/hightrust.id\/sv\/ajankohtaista\/","og_site_name":"hightrust.id","article_modified_time":"2024-11-19T16:04:35+00:00","twitter_card":"summary_large_image","schema":{"@context":"https:\/\/schema.org","@graph":[{"@type":"WebPage","@id":"https:\/\/hightrust.id\/sv\/ajankohtaista\/","url":"https:\/\/hightrust.id\/sv\/ajankohtaista\/","name":"Ajankohtaista - hightrust.id","isPartOf":{"@id":"https:\/\/hightrust.id\/sv\/#website"},"datePublished":"2024-10-08T14:54:14+00:00","dateModified":"2024-11-19T16:04:35+00:00","breadcrumb":{"@id":"https:\/\/hightrust.id\/sv\/ajankohtaista\/#breadcrumb"},"inLanguage":"sv-SE","potentialAction":[{"@type":"ReadAction","target":["https:\/\/hightrust.id\/sv\/ajankohtaista\/"]}]},{"@type":"BreadcrumbList","@id":"https:\/\/hightrust.id\/sv\/ajankohtaista\/#breadcrumb","itemListElement":[{"@type":"ListItem","position":1,"name":"Hemsida","item":"https:\/\/hightrust.id\/sv\/"},{"@type":"ListItem","position":2,"name":"Ajankohtaista"}]},{"@type":"WebSite","@id":"https:\/\/hightrust.id\/sv\/#website","url":"https:\/\/hightrust.id\/sv\/","name":"hightrust.id","description":"","publisher":{"@id":"https:\/\/hightrust.id\/sv\/#organization"},"potentialAction":[{"@type":"SearchAction","target":{"@type":"EntryPoint","urlTemplate":"https:\/\/hightrust.id\/sv\/?s={search_term_string}"},"query-input":{"@type":"PropertyValueSpecification","valueRequired":true,"valueName":"search_term_string"}}],"inLanguage":"sv-SE"},{"@type":"Organization","@id":"https:\/\/hightrust.id\/sv\/#organization","name":"hightrust.id","url":"https:\/\/hightrust.id\/sv\/","logo":{"@type":"ImageObject","inLanguage":"sv-SE","@id":"https:\/\/hightrust.id\/sv\/#\/schema\/logo\/image\/","url":"https:\/\/hightrust.id\/wp-content\/uploads\/2024\/10\/Hightrust-logo.svg","contentUrl":"https:\/\/hightrust.id\/wp-content\/uploads\/2024\/10\/Hightrust-logo.svg","width":862,"height":197,"caption":"hightrust.id"},"image":{"@id":"https:\/\/hightrust.id\/sv\/#\/schema\/logo\/image\/"}}]}},"_links":{"self":[{"href":"https:\/\/hightrust.id\/sv\/wp-json\/wp\/v2\/pages\/589","targetHints":{"allow":["GET"]}}],"collection":[{"href":"https:\/\/hightrust.id\/sv\/wp-json\/wp\/v2\/pages"}],"about":[{"href":"https:\/\/hightrust.id\/sv\/wp-json\/wp\/v2\/types\/page"}],"author":[{"embeddable":true,"href":"https:\/\/hightrust.id\/sv\/wp-json\/wp\/v2\/users\/1"}],"replies":[{"embeddable":true,"href":"https:\/\/hightrust.id\/sv\/wp-json\/wp\/v2\/comments?post=589"}],"version-history":[{"count":0,"href":"https:\/\/hightrust.id\/sv\/wp-json\/wp\/v2\/pages\/589\/revisions"}],"wp:attachment":[{"href":"https:\/\/hightrust.id\/sv\/wp-json\/wp\/v2\/media?parent=589"}],"curies":[{"name":"wp","href":"https:\/\/api.w.org\/{rel}","templated":true}]}}