{"id":1769,"date":"2024-10-25T13:22:57","date_gmt":"2024-10-25T13:22:57","guid":{"rendered":"https:\/\/hightrustid.wpenginepowered.com\/hyodylliset-linkit\/"},"modified":"2024-10-25T13:22:57","modified_gmt":"2024-10-25T13:22:57","slug":"hyodylliset-linkit","status":"publish","type":"page","link":"https:\/\/hightrust.id\/sv\/hyodylliset-linkit\/","title":{"rendered":"Hy\u00f6dylliset linkit"},"content":{"rendered":"\n<p>Olemme ker\u00e4nneet alle joitain linkkej\u00e4 sivustoille, joista on hy\u00f6ty\u00e4 s\u00e4hk\u00f6iseen asiointiin liittyen.<\/p>\n\n\n\n<p><a href=\"https:\/\/www.suomi.fi\/etusivu\">https:\/\/www.suomi.fi\/etusivu<\/a><\/p>\n\n\n\n<p><a href=\"https:\/\/dvv.fi\/henkiloasiakkaat\">https:\/\/dvv.fi\/henkiloasiakkaat<\/a><\/p>\n\n\n\n<p><a href=\"https:\/\/poliisi.fi\/henkilokortti\">https:\/\/poliisi.fi\/henkilokortti<\/a><\/p>\n","protected":false},"excerpt":{"rendered":"<p>Olemme ker\u00e4nneet alle joitain linkkej\u00e4 sivustoille, joista on hy\u00f6ty\u00e4 s\u00e4hk\u00f6iseen asiointiin liittyen. https:\/\/www.suomi.fi\/etusivu https:\/\/dvv.fi\/henkiloasiakkaat https:\/\/poliisi.fi\/henkilokortti<\/p>\n","protected":false},"author":1,"featured_media":0,"parent":0,"menu_order":0,"comment_status":"closed","ping_status":"closed","template":"","meta":{"_acf_changed":false,"inline_featured_image":false,"_ht_theme_hide_title":false,"footnotes":""},"class_list":["post-1769","page","type-page","status-publish","hentry","post","without-featured-image"],"acf":[],"yoast_head":"<!-- This site is optimized with the Yoast SEO plugin v27.3 - https:\/\/yoast.com\/product\/yoast-seo-wordpress\/ -->\n<title>Hy\u00f6dylliset linkit - hightrust.id<\/title>\n<meta name=\"robots\" content=\"index, follow, max-snippet:-1, max-image-preview:large, max-video-preview:-1\" \/>\n<link rel=\"canonical\" href=\"https:\/\/hightrust.id\/sv\/hyodylliset-linkit\/\" \/>\n<meta property=\"og:locale\" content=\"sv_SE\" \/>\n<meta property=\"og:type\" content=\"article\" \/>\n<meta property=\"og:title\" content=\"Hy\u00f6dylliset linkit - hightrust.id\" \/>\n<meta property=\"og:description\" content=\"Olemme ker\u00e4nneet alle joitain linkkej\u00e4 sivustoille, joista on hy\u00f6ty\u00e4 s\u00e4hk\u00f6iseen asiointiin liittyen. https:\/\/www.suomi.fi\/etusivu https:\/\/dvv.fi\/henkiloasiakkaat https:\/\/poliisi.fi\/henkilokortti\" \/>\n<meta property=\"og:url\" content=\"https:\/\/hightrust.id\/sv\/hyodylliset-linkit\/\" \/>\n<meta property=\"og:site_name\" content=\"hightrust.id\" \/>\n<meta name=\"twitter:card\" content=\"summary_large_image\" \/>\n<script type=\"application\/ld+json\" class=\"yoast-schema-graph\">{\"@context\":\"https:\\\/\\\/schema.org\",\"@graph\":[{\"@type\":\"WebPage\",\"@id\":\"https:\\\/\\\/hightrust.id\\\/sv\\\/hyodylliset-linkit\\\/\",\"url\":\"https:\\\/\\\/hightrust.id\\\/sv\\\/hyodylliset-linkit\\\/\",\"name\":\"Hy\u00f6dylliset linkit - hightrust.id\",\"isPartOf\":{\"@id\":\"https:\\\/\\\/hightrust.id\\\/sv\\\/#website\"},\"datePublished\":\"2024-10-25T13:22:57+00:00\",\"breadcrumb\":{\"@id\":\"https:\\\/\\\/hightrust.id\\\/sv\\\/hyodylliset-linkit\\\/#breadcrumb\"},\"inLanguage\":\"sv-SE\",\"potentialAction\":[{\"@type\":\"ReadAction\",\"target\":[\"https:\\\/\\\/hightrust.id\\\/sv\\\/hyodylliset-linkit\\\/\"]}]},{\"@type\":\"BreadcrumbList\",\"@id\":\"https:\\\/\\\/hightrust.id\\\/sv\\\/hyodylliset-linkit\\\/#breadcrumb\",\"itemListElement\":[{\"@type\":\"ListItem\",\"position\":1,\"name\":\"Hemsida\",\"item\":\"https:\\\/\\\/hightrust.id\\\/sv\\\/\"},{\"@type\":\"ListItem\",\"position\":2,\"name\":\"Hy\u00f6dylliset linkit\"}]},{\"@type\":\"WebSite\",\"@id\":\"https:\\\/\\\/hightrust.id\\\/sv\\\/#website\",\"url\":\"https:\\\/\\\/hightrust.id\\\/sv\\\/\",\"name\":\"hightrust.id\",\"description\":\"\",\"publisher\":{\"@id\":\"https:\\\/\\\/hightrust.id\\\/sv\\\/#organization\"},\"potentialAction\":[{\"@type\":\"SearchAction\",\"target\":{\"@type\":\"EntryPoint\",\"urlTemplate\":\"https:\\\/\\\/hightrust.id\\\/sv\\\/?s={search_term_string}\"},\"query-input\":{\"@type\":\"PropertyValueSpecification\",\"valueRequired\":true,\"valueName\":\"search_term_string\"}}],\"inLanguage\":\"sv-SE\"},{\"@type\":\"Organization\",\"@id\":\"https:\\\/\\\/hightrust.id\\\/sv\\\/#organization\",\"name\":\"hightrust.id\",\"url\":\"https:\\\/\\\/hightrust.id\\\/sv\\\/\",\"logo\":{\"@type\":\"ImageObject\",\"inLanguage\":\"sv-SE\",\"@id\":\"https:\\\/\\\/hightrust.id\\\/sv\\\/#\\\/schema\\\/logo\\\/image\\\/\",\"url\":\"https:\\\/\\\/hightrust.id\\\/wp-content\\\/uploads\\\/2024\\\/10\\\/Hightrust-logo.svg\",\"contentUrl\":\"https:\\\/\\\/hightrust.id\\\/wp-content\\\/uploads\\\/2024\\\/10\\\/Hightrust-logo.svg\",\"width\":862,\"height\":197,\"caption\":\"hightrust.id\"},\"image\":{\"@id\":\"https:\\\/\\\/hightrust.id\\\/sv\\\/#\\\/schema\\\/logo\\\/image\\\/\"}}]}<\/script>\n<!-- \/ Yoast SEO plugin. -->","yoast_head_json":{"title":"Hy\u00f6dylliset linkit - hightrust.id","robots":{"index":"index","follow":"follow","max-snippet":"max-snippet:-1","max-image-preview":"max-image-preview:large","max-video-preview":"max-video-preview:-1"},"canonical":"https:\/\/hightrust.id\/sv\/hyodylliset-linkit\/","og_locale":"sv_SE","og_type":"article","og_title":"Hy\u00f6dylliset linkit - hightrust.id","og_description":"Olemme ker\u00e4nneet alle joitain linkkej\u00e4 sivustoille, joista on hy\u00f6ty\u00e4 s\u00e4hk\u00f6iseen asiointiin liittyen. https:\/\/www.suomi.fi\/etusivu https:\/\/dvv.fi\/henkiloasiakkaat https:\/\/poliisi.fi\/henkilokortti","og_url":"https:\/\/hightrust.id\/sv\/hyodylliset-linkit\/","og_site_name":"hightrust.id","twitter_card":"summary_large_image","schema":{"@context":"https:\/\/schema.org","@graph":[{"@type":"WebPage","@id":"https:\/\/hightrust.id\/sv\/hyodylliset-linkit\/","url":"https:\/\/hightrust.id\/sv\/hyodylliset-linkit\/","name":"Hy\u00f6dylliset linkit - hightrust.id","isPartOf":{"@id":"https:\/\/hightrust.id\/sv\/#website"},"datePublished":"2024-10-25T13:22:57+00:00","breadcrumb":{"@id":"https:\/\/hightrust.id\/sv\/hyodylliset-linkit\/#breadcrumb"},"inLanguage":"sv-SE","potentialAction":[{"@type":"ReadAction","target":["https:\/\/hightrust.id\/sv\/hyodylliset-linkit\/"]}]},{"@type":"BreadcrumbList","@id":"https:\/\/hightrust.id\/sv\/hyodylliset-linkit\/#breadcrumb","itemListElement":[{"@type":"ListItem","position":1,"name":"Hemsida","item":"https:\/\/hightrust.id\/sv\/"},{"@type":"ListItem","position":2,"name":"Hy\u00f6dylliset linkit"}]},{"@type":"WebSite","@id":"https:\/\/hightrust.id\/sv\/#website","url":"https:\/\/hightrust.id\/sv\/","name":"hightrust.id","description":"","publisher":{"@id":"https:\/\/hightrust.id\/sv\/#organization"},"potentialAction":[{"@type":"SearchAction","target":{"@type":"EntryPoint","urlTemplate":"https:\/\/hightrust.id\/sv\/?s={search_term_string}"},"query-input":{"@type":"PropertyValueSpecification","valueRequired":true,"valueName":"search_term_string"}}],"inLanguage":"sv-SE"},{"@type":"Organization","@id":"https:\/\/hightrust.id\/sv\/#organization","name":"hightrust.id","url":"https:\/\/hightrust.id\/sv\/","logo":{"@type":"ImageObject","inLanguage":"sv-SE","@id":"https:\/\/hightrust.id\/sv\/#\/schema\/logo\/image\/","url":"https:\/\/hightrust.id\/wp-content\/uploads\/2024\/10\/Hightrust-logo.svg","contentUrl":"https:\/\/hightrust.id\/wp-content\/uploads\/2024\/10\/Hightrust-logo.svg","width":862,"height":197,"caption":"hightrust.id"},"image":{"@id":"https:\/\/hightrust.id\/sv\/#\/schema\/logo\/image\/"}}]}},"_links":{"self":[{"href":"https:\/\/hightrust.id\/sv\/wp-json\/wp\/v2\/pages\/1769","targetHints":{"allow":["GET"]}}],"collection":[{"href":"https:\/\/hightrust.id\/sv\/wp-json\/wp\/v2\/pages"}],"about":[{"href":"https:\/\/hightrust.id\/sv\/wp-json\/wp\/v2\/types\/page"}],"author":[{"embeddable":true,"href":"https:\/\/hightrust.id\/sv\/wp-json\/wp\/v2\/users\/1"}],"replies":[{"embeddable":true,"href":"https:\/\/hightrust.id\/sv\/wp-json\/wp\/v2\/comments?post=1769"}],"version-history":[{"count":0,"href":"https:\/\/hightrust.id\/sv\/wp-json\/wp\/v2\/pages\/1769\/revisions"}],"wp:attachment":[{"href":"https:\/\/hightrust.id\/sv\/wp-json\/wp\/v2\/media?parent=1769"}],"curies":[{"name":"wp","href":"https:\/\/api.w.org\/{rel}","templated":true}]}}