{"id":1742,"date":"2024-10-25T13:14:55","date_gmt":"2024-10-25T13:14:55","guid":{"rendered":"https:\/\/hightrustid.wpenginepowered.com\/ajankohtaista\/digilompakoiden-potentiaaliset-kayttotapaukset\/"},"modified":"2024-10-25T13:14:55","modified_gmt":"2024-10-25T13:14:55","slug":"digilompakoiden-potentiaaliset-kayttotapaukset","status":"publish","type":"page","link":"https:\/\/hightrust.id\/sv\/digilompakoiden-potentiaaliset-kayttotapaukset\/","title":{"rendered":"Digilompakoiden potentiaaliset k\u00e4ytt\u00f6tapaukset"},"content":{"rendered":"\n<section\n        class=\"title-text-bg\">\n    <div style=\"background: #ffffff\">\n        <div class=\"container-full title-text-bg__content\">\n            <div class=\"title-text-bg__content-wrap\">\n                <div class=\"title-text-bg__content-title\"><h3>Koska HTID mobiilisovellus toimii <a href=\"http:\/\/suomi.fi\">suomi.fi<\/a> palvelussa, niin seuraavat asiat mahdollistuvat:<\/h3>\n<ol>\n<li>Suomi.fi portaaliin voidaan koota kaikki viranomaisasiat ja niit\u00e4 voidaan helposti hoitaa mobiililaitteella HTID avulla.<\/li>\n<li>HTID digilompakko on s\u00e4hk\u00f6inen tunnistusv\u00e4line, joka ei vaadi mink\u00e4\u00e4n kaupallisen toimijan asiakkuutta, kuten esim. mobiilivarmenne tai pankkitunnus.\n<ol type=\"a\">\n<li>Tunnistusv\u00e4line on voimassa my\u00f6nnetyn henkil\u00f6kortin tai ulkomaalaiskortin voimassaoloajan.<\/li>\n<li>HTID k\u00e4ytt\u00e4minen on ehdottoman luotettavaa, eik\u00e4 mahdollista pankkihuijauksia, koska yhteytt\u00e4 pankkeihin ei ole.<\/li>\n<li>Poliisin my\u00f6nt\u00e4m\u00e4n ulkomaalaiskortin omistajan on my\u00f6s mahdollista saada s\u00e4hk\u00f6isen tunnistusv\u00e4lineen oman \u00e4lypuhelimen HTID digilompakkoon.<\/li>\n<li>Hightrust.id s\u00e4hk\u00f6isen tunnistusv\u00e4lineen ja digilompakon saavat siis my\u00f6s alaik\u00e4iset ja muut, joiden ei ole mahdollista saada pankkitili\u00e4 avattua.<\/li>\n<\/ol>\n<\/li>\n<li>S\u00e4hk\u00f6inen asiointi mahdollistuu yksinkertaisella ja turvallisella tavalla Suomen kansalaisille ja maassa laillisesti oleskeleville ulkomaalaisille helposti mobiililaitteella.<\/li>\n<\/ol>\n<h3>Esimerkiksi seuraavat olisivat mahdollisia, mik\u00e4li toteutetaan integraatio HTID palveluun:<\/h3>\n<ol>\n<li>HTID digilompakon kyvykkyys hyv\u00e4ksyttyyn s\u00e4hk\u00f6iseen allekirjoitukseen (QES)\n<ol type=\"a\">\n<li>Juridisesti sitova ja kiist\u00e4m\u00e4t\u00f6n koko Euroopan Unionin alueella, ja sen oikeusvaikutukset ovat yht\u00e4l\u00e4iset kuin k\u00e4sin kirjoitetulla allekirjoituksella. T\u00e4st\u00e4 hy\u00f6tyv\u00e4t erityisesti yritykset.<\/li>\n<li>T\u00e4m\u00e4 mahdollistaisi vaikkapa kiinteist\u00f6kaupan mobiilissa (<a href=\"https:\/\/maanmittauslaitos.fi\">maanmittauslaitos.fi<\/a>).<\/li>\n<\/ol>\n<\/li>\n<li>Digilompakko mahdollistaa <strong>tietosuojaedun<\/strong> valtiollisen varmenteen lis\u00e4\u00e4misen j\u00e4lkeen.\n<ol type=\"a\">\n<li>Digitaalisen identiteetin lompakkoon olisi mahdollista hakea itse\u00e4\u00e4n koskeva digitaalinen dokumentaatio; todistukset, sertifikaatit ja kelpuutukset.<\/li>\n<li>Kun todistuksia my\u00f6nt\u00e4v\u00e4t tahot eiv\u00e4t suoraan jaa todistuksia, vaan kansalainen itse jakaisi omia todistuksiaan, ei syntyisi tietosuojaongelmaa, koska<strong> tietojen omistaja, kansalainen, hallitsee ja jakaa itsen\u00e4isesti omia tietojaan.<\/strong><\/li>\n<\/ol>\n<\/li>\n<li><strong>Korkean<\/strong> varmuustason s\u00e4hk\u00f6inen tunnistaminen ja <strong>hyv\u00e4ksytty<\/strong> s\u00e4hk\u00f6inen allekirjoitus mahdollistaisivat k\u00e4ytt\u00e4j\u00e4n tunnistamisen <strong>kansalaisen oman s\u00e4hk\u00f6postin<\/strong> kautta helposti ja laillisesti. Viranomaisten ja yritysten ei tarvitsisi yll\u00e4pit\u00e4\u00e4 omia viestint\u00e4kanavia.<\/li>\n<li>Vahva tunnistautuminen ja hyv\u00e4ksytty s\u00e4hk\u00f6inen allekirjoitus mahdollistaisivat my\u00f6s s\u00e4hk\u00f6isen \u00e4\u00e4nest\u00e4misen mobiilissa.<\/li>\n<\/ol>\n<\/div>            <\/div>\n        <\/div>\n    <\/div>\n<\/section>\n","protected":false},"excerpt":{"rendered":"","protected":false},"author":1,"featured_media":0,"parent":0,"menu_order":0,"comment_status":"closed","ping_status":"closed","template":"","meta":{"_acf_changed":false,"inline_featured_image":false,"_ht_theme_hide_title":false,"footnotes":""},"class_list":["post-1742","page","type-page","status-publish","hentry","post","without-featured-image"],"acf":[],"yoast_head":"<!-- This site is optimized with the Yoast SEO plugin v27.3 - https:\/\/yoast.com\/product\/yoast-seo-wordpress\/ -->\n<title>Digilompakoiden potentiaaliset k\u00e4ytt\u00f6tapaukset - hightrust.id<\/title>\n<meta name=\"robots\" content=\"index, follow, max-snippet:-1, max-image-preview:large, max-video-preview:-1\" \/>\n<link rel=\"canonical\" href=\"https:\/\/hightrust.id\/sv\/digilompakoiden-potentiaaliset-kayttotapaukset\/\" \/>\n<meta property=\"og:locale\" content=\"sv_SE\" \/>\n<meta property=\"og:type\" content=\"article\" \/>\n<meta property=\"og:title\" content=\"Digilompakoiden potentiaaliset k\u00e4ytt\u00f6tapaukset - hightrust.id\" \/>\n<meta property=\"og:url\" content=\"https:\/\/hightrust.id\/sv\/digilompakoiden-potentiaaliset-kayttotapaukset\/\" \/>\n<meta property=\"og:site_name\" content=\"hightrust.id\" \/>\n<meta name=\"twitter:card\" content=\"summary_large_image\" \/>\n<script type=\"application\/ld+json\" class=\"yoast-schema-graph\">{\"@context\":\"https:\\\/\\\/schema.org\",\"@graph\":[{\"@type\":\"WebPage\",\"@id\":\"https:\\\/\\\/hightrust.id\\\/sv\\\/digilompakoiden-potentiaaliset-kayttotapaukset\\\/\",\"url\":\"https:\\\/\\\/hightrust.id\\\/sv\\\/digilompakoiden-potentiaaliset-kayttotapaukset\\\/\",\"name\":\"Digilompakoiden potentiaaliset k\u00e4ytt\u00f6tapaukset - hightrust.id\",\"isPartOf\":{\"@id\":\"https:\\\/\\\/hightrust.id\\\/sv\\\/#website\"},\"datePublished\":\"2024-10-25T13:14:55+00:00\",\"breadcrumb\":{\"@id\":\"https:\\\/\\\/hightrust.id\\\/sv\\\/digilompakoiden-potentiaaliset-kayttotapaukset\\\/#breadcrumb\"},\"inLanguage\":\"sv-SE\",\"potentialAction\":[{\"@type\":\"ReadAction\",\"target\":[\"https:\\\/\\\/hightrust.id\\\/sv\\\/digilompakoiden-potentiaaliset-kayttotapaukset\\\/\"]}]},{\"@type\":\"BreadcrumbList\",\"@id\":\"https:\\\/\\\/hightrust.id\\\/sv\\\/digilompakoiden-potentiaaliset-kayttotapaukset\\\/#breadcrumb\",\"itemListElement\":[{\"@type\":\"ListItem\",\"position\":1,\"name\":\"Hemsida\",\"item\":\"https:\\\/\\\/hightrust.id\\\/sv\\\/\"},{\"@type\":\"ListItem\",\"position\":2,\"name\":\"Digilompakoiden potentiaaliset k\u00e4ytt\u00f6tapaukset\"}]},{\"@type\":\"WebSite\",\"@id\":\"https:\\\/\\\/hightrust.id\\\/sv\\\/#website\",\"url\":\"https:\\\/\\\/hightrust.id\\\/sv\\\/\",\"name\":\"hightrust.id\",\"description\":\"\",\"publisher\":{\"@id\":\"https:\\\/\\\/hightrust.id\\\/sv\\\/#organization\"},\"potentialAction\":[{\"@type\":\"SearchAction\",\"target\":{\"@type\":\"EntryPoint\",\"urlTemplate\":\"https:\\\/\\\/hightrust.id\\\/sv\\\/?s={search_term_string}\"},\"query-input\":{\"@type\":\"PropertyValueSpecification\",\"valueRequired\":true,\"valueName\":\"search_term_string\"}}],\"inLanguage\":\"sv-SE\"},{\"@type\":\"Organization\",\"@id\":\"https:\\\/\\\/hightrust.id\\\/sv\\\/#organization\",\"name\":\"hightrust.id\",\"url\":\"https:\\\/\\\/hightrust.id\\\/sv\\\/\",\"logo\":{\"@type\":\"ImageObject\",\"inLanguage\":\"sv-SE\",\"@id\":\"https:\\\/\\\/hightrust.id\\\/sv\\\/#\\\/schema\\\/logo\\\/image\\\/\",\"url\":\"https:\\\/\\\/hightrust.id\\\/wp-content\\\/uploads\\\/2024\\\/10\\\/Hightrust-logo.svg\",\"contentUrl\":\"https:\\\/\\\/hightrust.id\\\/wp-content\\\/uploads\\\/2024\\\/10\\\/Hightrust-logo.svg\",\"width\":862,\"height\":197,\"caption\":\"hightrust.id\"},\"image\":{\"@id\":\"https:\\\/\\\/hightrust.id\\\/sv\\\/#\\\/schema\\\/logo\\\/image\\\/\"}}]}<\/script>\n<!-- \/ Yoast SEO plugin. -->","yoast_head_json":{"title":"Digilompakoiden potentiaaliset k\u00e4ytt\u00f6tapaukset - hightrust.id","robots":{"index":"index","follow":"follow","max-snippet":"max-snippet:-1","max-image-preview":"max-image-preview:large","max-video-preview":"max-video-preview:-1"},"canonical":"https:\/\/hightrust.id\/sv\/digilompakoiden-potentiaaliset-kayttotapaukset\/","og_locale":"sv_SE","og_type":"article","og_title":"Digilompakoiden potentiaaliset k\u00e4ytt\u00f6tapaukset - hightrust.id","og_url":"https:\/\/hightrust.id\/sv\/digilompakoiden-potentiaaliset-kayttotapaukset\/","og_site_name":"hightrust.id","twitter_card":"summary_large_image","schema":{"@context":"https:\/\/schema.org","@graph":[{"@type":"WebPage","@id":"https:\/\/hightrust.id\/sv\/digilompakoiden-potentiaaliset-kayttotapaukset\/","url":"https:\/\/hightrust.id\/sv\/digilompakoiden-potentiaaliset-kayttotapaukset\/","name":"Digilompakoiden potentiaaliset k\u00e4ytt\u00f6tapaukset - hightrust.id","isPartOf":{"@id":"https:\/\/hightrust.id\/sv\/#website"},"datePublished":"2024-10-25T13:14:55+00:00","breadcrumb":{"@id":"https:\/\/hightrust.id\/sv\/digilompakoiden-potentiaaliset-kayttotapaukset\/#breadcrumb"},"inLanguage":"sv-SE","potentialAction":[{"@type":"ReadAction","target":["https:\/\/hightrust.id\/sv\/digilompakoiden-potentiaaliset-kayttotapaukset\/"]}]},{"@type":"BreadcrumbList","@id":"https:\/\/hightrust.id\/sv\/digilompakoiden-potentiaaliset-kayttotapaukset\/#breadcrumb","itemListElement":[{"@type":"ListItem","position":1,"name":"Hemsida","item":"https:\/\/hightrust.id\/sv\/"},{"@type":"ListItem","position":2,"name":"Digilompakoiden potentiaaliset k\u00e4ytt\u00f6tapaukset"}]},{"@type":"WebSite","@id":"https:\/\/hightrust.id\/sv\/#website","url":"https:\/\/hightrust.id\/sv\/","name":"hightrust.id","description":"","publisher":{"@id":"https:\/\/hightrust.id\/sv\/#organization"},"potentialAction":[{"@type":"SearchAction","target":{"@type":"EntryPoint","urlTemplate":"https:\/\/hightrust.id\/sv\/?s={search_term_string}"},"query-input":{"@type":"PropertyValueSpecification","valueRequired":true,"valueName":"search_term_string"}}],"inLanguage":"sv-SE"},{"@type":"Organization","@id":"https:\/\/hightrust.id\/sv\/#organization","name":"hightrust.id","url":"https:\/\/hightrust.id\/sv\/","logo":{"@type":"ImageObject","inLanguage":"sv-SE","@id":"https:\/\/hightrust.id\/sv\/#\/schema\/logo\/image\/","url":"https:\/\/hightrust.id\/wp-content\/uploads\/2024\/10\/Hightrust-logo.svg","contentUrl":"https:\/\/hightrust.id\/wp-content\/uploads\/2024\/10\/Hightrust-logo.svg","width":862,"height":197,"caption":"hightrust.id"},"image":{"@id":"https:\/\/hightrust.id\/sv\/#\/schema\/logo\/image\/"}}]}},"_links":{"self":[{"href":"https:\/\/hightrust.id\/sv\/wp-json\/wp\/v2\/pages\/1742","targetHints":{"allow":["GET"]}}],"collection":[{"href":"https:\/\/hightrust.id\/sv\/wp-json\/wp\/v2\/pages"}],"about":[{"href":"https:\/\/hightrust.id\/sv\/wp-json\/wp\/v2\/types\/page"}],"author":[{"embeddable":true,"href":"https:\/\/hightrust.id\/sv\/wp-json\/wp\/v2\/users\/1"}],"replies":[{"embeddable":true,"href":"https:\/\/hightrust.id\/sv\/wp-json\/wp\/v2\/comments?post=1742"}],"version-history":[{"count":0,"href":"https:\/\/hightrust.id\/sv\/wp-json\/wp\/v2\/pages\/1742\/revisions"}],"wp:attachment":[{"href":"https:\/\/hightrust.id\/sv\/wp-json\/wp\/v2\/media?parent=1742"}],"curies":[{"name":"wp","href":"https:\/\/api.w.org\/{rel}","templated":true}]}}