{"id":1138,"date":"2024-10-18T08:06:37","date_gmt":"2024-10-18T08:06:37","guid":{"rendered":"https:\/\/hightrustid.wpenginepowered.com\/ajankohtaista\/framtiden-for-elektronisk-autentisering-digitala-planbocker-med-hog-tillforlitlighet\/"},"modified":"2024-11-13T10:20:07","modified_gmt":"2024-11-13T10:20:07","slug":"sahkoisen-tunnistautumisen-tulevaisuus-korkean-luottamuksen-digilompakot","status":"publish","type":"page","link":"https:\/\/hightrust.id\/sv\/sahkoisen-tunnistautumisen-tulevaisuus-korkean-luottamuksen-digilompakot\/","title":{"rendered":"S\u00e4hk\u00f6isen tunnistautumisen tulevaisuus \u2013 korkean luottamuksen digilompakot"},"content":{"rendered":"\n<section\n        class=\"title-text-bg\">\n    <div style=\"background: #ffffff\">\n        <div class=\"container-full title-text-bg__content\">\n            <div class=\"title-text-bg__content-wrap\">\n                <div class=\"title-text-bg__content-title\"><h3><strong>Digilompakoiden rooli s\u00e4hk\u00f6isess\u00e4 tunnistautumisessa kasvaa jatkuvasti. Ne tarjoavat joustavan, nopean ja k\u00e4ytt\u00e4j\u00e4yst\u00e4v\u00e4llisen tavan todentaa henkil\u00f6llisyys. Erityisesti korkean luottamuksen digilompakot ovat tulevaisuudessa keskeisess\u00e4 asemassa, kun s\u00e4hk\u00f6inen tunnistautuminen vaatii entist\u00e4 vahvempia turvallisuustekij\u00f6it\u00e4, yksityisyydensuojan huomioimista sek\u00e4 lains\u00e4\u00e4d\u00e4nn\u00f6llisi\u00e4 uudistuksia.<\/strong><\/h3>\n<p>&nbsp;<\/p>\n<\/div><div class=\"title-text-bg__content-text\"><h3><strong>K\u00e4yt\u00e4nt\u00f6 \u2013 Kohti vakiintunutta tunnistautumista <\/strong><\/h3>\n<p>Digilompakot toimivat jo nyt laajasti esimerkiksi maksujen ja digitaalisten palvelujen yhteydess\u00e4. Tulevaisuudessa niiden merkitys tunnistautumisessa kasvaa, kun valtiolliset digitaaliset henkil\u00f6kortit integroidaan digilompakoihin.<\/p>\n<p>Uudet EU-s\u00e4\u00e4d\u00f6kset, kuten eIDAS 2.0 (electronic IDentification, Authentication and trust Services), ohjaavat kehityst\u00e4 kohti yhteist\u00e4 eurooppalaista tunnistautumisratkaisua. eIDAS 2.0 tavoitteena on mahdollistaa turvallinen ja yhten\u00e4inen tunnistautuminen koko EU- alueella, samalla kun se tukee valtiollisten digitaalisten henkil\u00f6korttien k\u00e4ytt\u00f6\u00f6nottoa digilompakoissa. T\u00e4m\u00e4 tarjoaa k\u00e4ytt\u00e4jille yhden luotettavan ty\u00f6kalun, jolla p\u00e4\u00e4see k\u00e4siksi julkisiin ja yksityisiin palveluihin kaikissa EU-maissa.<\/p>\n<h3><strong>Regulaatio \u2013 eIDAS 2.0 ja yksityisyyden suoja<\/strong><\/h3>\n<p>eIDAS 2.0 -asetuksen my\u00f6t\u00e4 s\u00e4hk\u00f6isten tunnistautumispalvelujen tarjoajille asetetaan tiukempia vaatimuksia tietoturvan ja luotettavuuden osalta. Asetus sis\u00e4lt\u00e4\u00e4 vaatimuksia siit\u00e4, miten palvelujen on taattava korkea tietoturva ja suojattava k\u00e4ytt\u00e4j\u00e4n yksityisyytt\u00e4.<\/p>\n<p>Esimerkiksi valtiolliset digitaaliset henkil\u00f6kortit ovat tiukasti s\u00e4\u00e4deltyj\u00e4, ja niiden pit\u00e4\u00e4 vastata korkeita tietoturvavaatimuksia. Samalla ne on suunniteltu siten, ett\u00e4 ne kunnioittavat k\u00e4ytt\u00e4jien yksityisyytt\u00e4. K\u00e4ytt\u00e4j\u00e4 voi valita, mit\u00e4 tietoja jaetaan eri palveluiden v\u00e4lill\u00e4 ja vain tarvittavat tiedot luovutetaan. T\u00e4m\u00e4 \u201cprivacy-preserving\u201d -periaate on tulevaisuuden digitunnistautumisen keskeinen vaatimus.<\/p>\n<h3><strong>Tekniikka \u2013 Uudet kryptografiset ratkaisut<\/strong><\/h3>\n<p>Tietoturvan osalta digilompakoiden kehitys nojaa pitk\u00e4lti kehittyneisiin kryptografisiin menetelmiin. Kvanttitietokoneiden uhka heikent\u00e4\u00e4 perinteist\u00e4 kryptografiaa, mutta kvanttikest\u00e4v\u00e4t kryptografiset menetelm\u00e4t ovat tulevaisuuden avainratkaisuja, joilla voidaan vastata uusiin uhkiin ja hy\u00f6kk\u00e4yksiin.<\/p>\n<p>Homomorfinen kryptografia mahdollistaa lis\u00e4ksi tietojen k\u00e4sittelyn ja analysoinnin salatussa muodossa. T\u00e4m\u00e4 on erityisen hy\u00f6dyllist\u00e4 digilompakoiden ja valtiollisten digitaalisten henkil\u00f6korttien kohdalla, kun tietoja k\u00e4sitell\u00e4\u00e4n useiden eri toimijoiden v\u00e4lill\u00e4, mutta k\u00e4ytt\u00e4j\u00e4n yksityisyys halutaan s\u00e4ilytt\u00e4\u00e4. Homomorfisella kryptografialla voidaan varmistaa, ett\u00e4 k\u00e4ytt\u00e4j\u00e4n henkil\u00f6tiedot ovat suojassa jopa silloin, kun ne k\u00e4sitell\u00e4\u00e4n ulkoisissa j\u00e4rjestelmiss\u00e4.<\/p>\n<h3><strong>Tulevaisuuden haasteet \u2013 Yksityisyys, turvallisuus ja skaalautuvuus<\/strong><\/h3>\n<p>Tulevaisuuden digilompakoiden suurimmat haasteet liittyv\u00e4t tietoturvaan, yksityisyyden suojaan ja j\u00e4rjestelmien skaalautuvuuteen. Kvanttikryptografian yleistyminen ja k\u00e4ytt\u00f6\u00f6nottaminen vaativat merkitt\u00e4vi\u00e4 teknologisia investointeja. N\u00e4iden teknologioiden k\u00e4ytt\u00f6\u00f6notto ei ole yksinkertaista, ja ne voivat tuoda mukanaan haasteita suorituskyvyn ja kustannusten osalta.<br \/>\nLis\u00e4ksi valtiollisten digitaalisten henkil\u00f6korttien k\u00e4ytt\u00f6 laajemmassa mittakaavassa edellytt\u00e4\u00e4 vahvaa poliittista tahtoa ja laajaa yhteisty\u00f6t\u00e4 eri maiden ja toimijoiden v\u00e4lill\u00e4. T\u00e4m\u00e4 voi hidastaa kehityst\u00e4, kun eri maiden lains\u00e4\u00e4d\u00e4nn\u00f6t ja tietoturvavaatimukset eroavat toisistaan.<\/p>\n<h3><strong>Yhteenveto s\u00e4hk\u00f6isen tunnistautumisen tulevaisuudesta<\/strong><\/h3>\n<p>Korkean luottamuksen digilompakot tulevat olemaan keskeisess\u00e4 asemassa tulevaisuuden s\u00e4hk\u00f6isess\u00e4 tunnistautumisessa, erityisesti eIDAS 2.0 -asetuksen ja valtiollisten digitaalisten henkil\u00f6korttien my\u00f6t\u00e4. Vaikka uudet teknologiat, kuten kvantti- ja homomorfinen kryptografia, tarjoavat uusia ratkaisuja tietoturvaan, haasteina s\u00e4ilyv\u00e4t yksityisyyden suojan varmistaminen ja j\u00e4rjestelmien skaalautuvuus.<\/p>\n<\/div>            <\/div>\n        <\/div>\n    <\/div>\n<\/section>\n","protected":false},"excerpt":{"rendered":"","protected":false},"author":1,"featured_media":0,"parent":0,"menu_order":0,"comment_status":"closed","ping_status":"closed","template":"","meta":{"_acf_changed":false,"inline_featured_image":false,"_ht_theme_hide_title":false,"footnotes":""},"class_list":["post-1138","page","type-page","status-publish","hentry","post","without-featured-image"],"acf":[],"yoast_head":"<!-- This site is optimized with the Yoast SEO plugin v27.3 - https:\/\/yoast.com\/product\/yoast-seo-wordpress\/ -->\n<title>S\u00e4hk\u00f6isen tunnistautumisen tulevaisuus \u2013 korkean luottamuksen digilompakot - hightrust.id<\/title>\n<meta name=\"robots\" content=\"index, follow, max-snippet:-1, max-image-preview:large, max-video-preview:-1\" \/>\n<link rel=\"canonical\" href=\"https:\/\/hightrust.id\/sv\/sahkoisen-tunnistautumisen-tulevaisuus-korkean-luottamuksen-digilompakot\/\" \/>\n<meta property=\"og:locale\" content=\"sv_SE\" \/>\n<meta property=\"og:type\" content=\"article\" \/>\n<meta property=\"og:title\" content=\"S\u00e4hk\u00f6isen tunnistautumisen tulevaisuus \u2013 korkean luottamuksen digilompakot - hightrust.id\" \/>\n<meta property=\"og:url\" content=\"https:\/\/hightrust.id\/sv\/sahkoisen-tunnistautumisen-tulevaisuus-korkean-luottamuksen-digilompakot\/\" \/>\n<meta property=\"og:site_name\" content=\"hightrust.id\" \/>\n<meta property=\"article:modified_time\" content=\"2024-11-13T10:20:07+00:00\" \/>\n<meta name=\"twitter:card\" content=\"summary_large_image\" \/>\n<script type=\"application\/ld+json\" class=\"yoast-schema-graph\">{\"@context\":\"https:\\\/\\\/schema.org\",\"@graph\":[{\"@type\":\"WebPage\",\"@id\":\"https:\\\/\\\/hightrust.id\\\/sv\\\/sahkoisen-tunnistautumisen-tulevaisuus-korkean-luottamuksen-digilompakot\\\/\",\"url\":\"https:\\\/\\\/hightrust.id\\\/sv\\\/sahkoisen-tunnistautumisen-tulevaisuus-korkean-luottamuksen-digilompakot\\\/\",\"name\":\"S\u00e4hk\u00f6isen tunnistautumisen tulevaisuus \u2013 korkean luottamuksen digilompakot - hightrust.id\",\"isPartOf\":{\"@id\":\"https:\\\/\\\/hightrust.id\\\/sv\\\/#website\"},\"datePublished\":\"2024-10-18T08:06:37+00:00\",\"dateModified\":\"2024-11-13T10:20:07+00:00\",\"breadcrumb\":{\"@id\":\"https:\\\/\\\/hightrust.id\\\/sv\\\/sahkoisen-tunnistautumisen-tulevaisuus-korkean-luottamuksen-digilompakot\\\/#breadcrumb\"},\"inLanguage\":\"sv-SE\",\"potentialAction\":[{\"@type\":\"ReadAction\",\"target\":[\"https:\\\/\\\/hightrust.id\\\/sv\\\/sahkoisen-tunnistautumisen-tulevaisuus-korkean-luottamuksen-digilompakot\\\/\"]}]},{\"@type\":\"BreadcrumbList\",\"@id\":\"https:\\\/\\\/hightrust.id\\\/sv\\\/sahkoisen-tunnistautumisen-tulevaisuus-korkean-luottamuksen-digilompakot\\\/#breadcrumb\",\"itemListElement\":[{\"@type\":\"ListItem\",\"position\":1,\"name\":\"Hemsida\",\"item\":\"https:\\\/\\\/hightrust.id\\\/sv\\\/\"},{\"@type\":\"ListItem\",\"position\":2,\"name\":\"S\u00e4hk\u00f6isen tunnistautumisen tulevaisuus \u2013 korkean luottamuksen digilompakot\"}]},{\"@type\":\"WebSite\",\"@id\":\"https:\\\/\\\/hightrust.id\\\/sv\\\/#website\",\"url\":\"https:\\\/\\\/hightrust.id\\\/sv\\\/\",\"name\":\"hightrust.id\",\"description\":\"\",\"publisher\":{\"@id\":\"https:\\\/\\\/hightrust.id\\\/sv\\\/#organization\"},\"potentialAction\":[{\"@type\":\"SearchAction\",\"target\":{\"@type\":\"EntryPoint\",\"urlTemplate\":\"https:\\\/\\\/hightrust.id\\\/sv\\\/?s={search_term_string}\"},\"query-input\":{\"@type\":\"PropertyValueSpecification\",\"valueRequired\":true,\"valueName\":\"search_term_string\"}}],\"inLanguage\":\"sv-SE\"},{\"@type\":\"Organization\",\"@id\":\"https:\\\/\\\/hightrust.id\\\/sv\\\/#organization\",\"name\":\"hightrust.id\",\"url\":\"https:\\\/\\\/hightrust.id\\\/sv\\\/\",\"logo\":{\"@type\":\"ImageObject\",\"inLanguage\":\"sv-SE\",\"@id\":\"https:\\\/\\\/hightrust.id\\\/sv\\\/#\\\/schema\\\/logo\\\/image\\\/\",\"url\":\"https:\\\/\\\/hightrust.id\\\/wp-content\\\/uploads\\\/2024\\\/10\\\/Hightrust-logo.svg\",\"contentUrl\":\"https:\\\/\\\/hightrust.id\\\/wp-content\\\/uploads\\\/2024\\\/10\\\/Hightrust-logo.svg\",\"width\":862,\"height\":197,\"caption\":\"hightrust.id\"},\"image\":{\"@id\":\"https:\\\/\\\/hightrust.id\\\/sv\\\/#\\\/schema\\\/logo\\\/image\\\/\"}}]}<\/script>\n<!-- \/ Yoast SEO plugin. -->","yoast_head_json":{"title":"S\u00e4hk\u00f6isen tunnistautumisen tulevaisuus \u2013 korkean luottamuksen digilompakot - hightrust.id","robots":{"index":"index","follow":"follow","max-snippet":"max-snippet:-1","max-image-preview":"max-image-preview:large","max-video-preview":"max-video-preview:-1"},"canonical":"https:\/\/hightrust.id\/sv\/sahkoisen-tunnistautumisen-tulevaisuus-korkean-luottamuksen-digilompakot\/","og_locale":"sv_SE","og_type":"article","og_title":"S\u00e4hk\u00f6isen tunnistautumisen tulevaisuus \u2013 korkean luottamuksen digilompakot - hightrust.id","og_url":"https:\/\/hightrust.id\/sv\/sahkoisen-tunnistautumisen-tulevaisuus-korkean-luottamuksen-digilompakot\/","og_site_name":"hightrust.id","article_modified_time":"2024-11-13T10:20:07+00:00","twitter_card":"summary_large_image","schema":{"@context":"https:\/\/schema.org","@graph":[{"@type":"WebPage","@id":"https:\/\/hightrust.id\/sv\/sahkoisen-tunnistautumisen-tulevaisuus-korkean-luottamuksen-digilompakot\/","url":"https:\/\/hightrust.id\/sv\/sahkoisen-tunnistautumisen-tulevaisuus-korkean-luottamuksen-digilompakot\/","name":"S\u00e4hk\u00f6isen tunnistautumisen tulevaisuus \u2013 korkean luottamuksen digilompakot - hightrust.id","isPartOf":{"@id":"https:\/\/hightrust.id\/sv\/#website"},"datePublished":"2024-10-18T08:06:37+00:00","dateModified":"2024-11-13T10:20:07+00:00","breadcrumb":{"@id":"https:\/\/hightrust.id\/sv\/sahkoisen-tunnistautumisen-tulevaisuus-korkean-luottamuksen-digilompakot\/#breadcrumb"},"inLanguage":"sv-SE","potentialAction":[{"@type":"ReadAction","target":["https:\/\/hightrust.id\/sv\/sahkoisen-tunnistautumisen-tulevaisuus-korkean-luottamuksen-digilompakot\/"]}]},{"@type":"BreadcrumbList","@id":"https:\/\/hightrust.id\/sv\/sahkoisen-tunnistautumisen-tulevaisuus-korkean-luottamuksen-digilompakot\/#breadcrumb","itemListElement":[{"@type":"ListItem","position":1,"name":"Hemsida","item":"https:\/\/hightrust.id\/sv\/"},{"@type":"ListItem","position":2,"name":"S\u00e4hk\u00f6isen tunnistautumisen tulevaisuus \u2013 korkean luottamuksen digilompakot"}]},{"@type":"WebSite","@id":"https:\/\/hightrust.id\/sv\/#website","url":"https:\/\/hightrust.id\/sv\/","name":"hightrust.id","description":"","publisher":{"@id":"https:\/\/hightrust.id\/sv\/#organization"},"potentialAction":[{"@type":"SearchAction","target":{"@type":"EntryPoint","urlTemplate":"https:\/\/hightrust.id\/sv\/?s={search_term_string}"},"query-input":{"@type":"PropertyValueSpecification","valueRequired":true,"valueName":"search_term_string"}}],"inLanguage":"sv-SE"},{"@type":"Organization","@id":"https:\/\/hightrust.id\/sv\/#organization","name":"hightrust.id","url":"https:\/\/hightrust.id\/sv\/","logo":{"@type":"ImageObject","inLanguage":"sv-SE","@id":"https:\/\/hightrust.id\/sv\/#\/schema\/logo\/image\/","url":"https:\/\/hightrust.id\/wp-content\/uploads\/2024\/10\/Hightrust-logo.svg","contentUrl":"https:\/\/hightrust.id\/wp-content\/uploads\/2024\/10\/Hightrust-logo.svg","width":862,"height":197,"caption":"hightrust.id"},"image":{"@id":"https:\/\/hightrust.id\/sv\/#\/schema\/logo\/image\/"}}]}},"_links":{"self":[{"href":"https:\/\/hightrust.id\/sv\/wp-json\/wp\/v2\/pages\/1138","targetHints":{"allow":["GET"]}}],"collection":[{"href":"https:\/\/hightrust.id\/sv\/wp-json\/wp\/v2\/pages"}],"about":[{"href":"https:\/\/hightrust.id\/sv\/wp-json\/wp\/v2\/types\/page"}],"author":[{"embeddable":true,"href":"https:\/\/hightrust.id\/sv\/wp-json\/wp\/v2\/users\/1"}],"replies":[{"embeddable":true,"href":"https:\/\/hightrust.id\/sv\/wp-json\/wp\/v2\/comments?post=1138"}],"version-history":[{"count":0,"href":"https:\/\/hightrust.id\/sv\/wp-json\/wp\/v2\/pages\/1138\/revisions"}],"wp:attachment":[{"href":"https:\/\/hightrust.id\/sv\/wp-json\/wp\/v2\/media?parent=1138"}],"curies":[{"name":"wp","href":"https:\/\/api.w.org\/{rel}","templated":true}]}}