{"id":1119,"date":"2024-10-18T07:54:44","date_gmt":"2024-10-18T07:54:44","guid":{"rendered":"https:\/\/hightrustid.wpenginepowered.com\/eid-sign\/eidas-forsakringsnivaer-loa\/"},"modified":"2024-11-13T10:24:23","modified_gmt":"2024-11-13T10:24:23","slug":"eidas-jarjestelman-varmuustasot-levels-of-assurance-loa","status":"publish","type":"page","link":"https:\/\/hightrust.id\/sv\/eidas-jarjestelman-varmuustasot-levels-of-assurance-loa\/","title":{"rendered":"eIDAS-j\u00e4rjestelm\u00e4n varmuustasot (Levels of Assurance &#8211; LoA)"},"content":{"rendered":"\n<section\n        class=\"title-text-bg\">\n    <div style=\"background: #ffffff\">\n        <div class=\"container-full title-text-bg__content\">\n            <div class=\"title-text-bg__content-wrap\">\n                <div class=\"title-text-bg__content-text\"><p><strong>EU:n eIDAS-asetuksen 910\/2014 mukaan s\u00e4hk\u00f6isen tunnistamisen j\u00e4rjestelm\u00e4t luokitellaan kolmeen varmuustasoon.<br \/>\n<\/strong><span style=\"font-size: 1.125rem; letter-spacing: -0.27px;\">Termi \u201cvarmuustaso\u201d viittaa siihen, kuinka paljon henkilo\u0308n va\u0308itettyyn henkilo\u0308llisyyteen voidaan luottaa &#8211; kuinka varma palveluntarjoaja voi olla siita\u0308, etta\u0308 juuri sina\u0308 olet se, joka ka\u0308ytta\u0308a\u0308 sa\u0308hko\u0308ista\u0308 tunnistusva\u0308linetta\u0308 tunnistautuakseen palveluun, eika\u0308 joku muu, joka teeskentelee olevansa sina\u0308. Toisin sanoen silla\u0308 tarkoitetaan sita\u0308, kuinka vaikeaa olisi yritta\u0308a\u0308 ka\u0308ytta\u0308a\u0308 jonkun toisen henkilo\u0308n sa\u0308hko\u0308ista\u0308 tunnistetta verkkopalvelun ka\u0308ytta\u0308miseen.<\/span><\/p>\n<p><strong>S\u00e4hk\u00f6isen tunnistamisen (eID \u2013 electronic identification) j\u00e4rjestelm\u00e4n varmuustaso m\u00e4\u00e4ritet\u00e4\u00e4n ottamalla huomioon useita tekij\u00f6it\u00e4, kuten seuraavat:<\/strong><\/p>\n<ul>\n<li>eID-j\u00e4rjestelm\u00e4n saamiseen liittyv\u00e4 prosessi, joka tunnetaan nimell\u00e4 \u201crekister\u00f6inti\u201d: onko henkil\u00f6n esimerkiksi esitett\u00e4v\u00e4 biometrinen passi saadakseen eID-tunnisteen? Vai riitt\u00e4\u00e4k\u00f6 pelkk\u00e4 paperinen henkil\u00f6llisyystodistus?<\/li>\n<li>Miten eID-keinoa hallinnoidaan, miten se on suunniteltu: esimerkiksi kuinka monta todentamistekij\u00e4\u00e4 tarvitaan tunnistautumiseen (riitt\u00e4\u00e4k\u00f6 salasana, vai tarvitaanko my\u00f6s jotain fyysist\u00e4, jonka henkil\u00f6 omistaa?).<\/li>\n<li>Miten todentaminen suoritetaan: esimerkiksi mit\u00e4 turvavalvontatoimenpiteit\u00e4 on k\u00e4yt\u00f6ss\u00e4 s\u00e4hk\u00f6isen tunnistusv\u00e4lineen todentamiseksi?<\/li>\n<\/ul>\n<h3><strong>Kolme varmuustasoa ovat seuraavat:<\/strong><\/h3>\n<p><strong><br \/>\nMatala (Low): <\/strong><br \/>\nRekister\u00f6inti tapahtuu esimerkiksi rekister\u00f6itym\u00e4ll\u00e4 itse verkkosivulla ilman henkil\u00f6llisyyden todentamista;<\/p>\n<p><strong>Korotettu (Substantial): <\/strong><br \/>\nRekister\u00f6ityminen tapahtuu esimerkiksi antamalla ja tarkistamalla henkil\u00f6llisyystiedot ja todennus k\u00e4ytt\u00e4m\u00e4ll\u00e4 k\u00e4ytt\u00e4j\u00e4tunnusta ja salasanaa sek\u00e4 matkapuhelimeen l\u00e4hetett\u00e4v\u00e4\u00e4 kertak\u00e4ytt\u00f6salasanaa;<\/p>\n<p><strong>Korkea (High): <\/strong><br \/>\nIlmoittautuminen tapahtuu esimerkiksi rekister\u00f6itym\u00e4ll\u00e4 henkil\u00f6kohtaisesti toimistossa ja todentaminen k\u00e4ytt\u00e4m\u00e4ll\u00e4 \u00e4lykorttia, kuten kansallista henkil\u00f6korttia.<\/p>\n<p><a href=\"https:\/\/ec.europa.eu\/digital-building-blocks\/sites\/display\/DIGITAL\/eIDAS+Levels+of+Assurance\">https:\/\/ec.europa.eu\/digital-building-blocks\/sites\/display\/DIGITAL\/eIDAS+Levels+of+Assurance<\/a><\/p>\n<\/div>            <\/div>\n        <\/div>\n    <\/div>\n<\/section>\n","protected":false},"excerpt":{"rendered":"","protected":false},"author":1,"featured_media":0,"parent":0,"menu_order":0,"comment_status":"closed","ping_status":"closed","template":"","meta":{"_acf_changed":false,"inline_featured_image":false,"_ht_theme_hide_title":false,"footnotes":""},"class_list":["post-1119","page","type-page","status-publish","hentry","post","without-featured-image"],"acf":[],"yoast_head":"<!-- This site is optimized with the Yoast SEO plugin v27.4 - https:\/\/yoast.com\/product\/yoast-seo-wordpress\/ -->\n<title>eIDAS-j\u00e4rjestelm\u00e4n varmuustasot (Levels of Assurance - LoA) - hightrust.id<\/title>\n<meta name=\"robots\" content=\"index, follow, max-snippet:-1, max-image-preview:large, max-video-preview:-1\" \/>\n<link rel=\"canonical\" href=\"https:\/\/hightrust.id\/sv\/eidas-jarjestelman-varmuustasot-levels-of-assurance-loa\/\" \/>\n<meta property=\"og:locale\" content=\"sv_SE\" \/>\n<meta property=\"og:type\" content=\"article\" \/>\n<meta property=\"og:title\" content=\"eIDAS-j\u00e4rjestelm\u00e4n varmuustasot (Levels of Assurance - LoA) - hightrust.id\" \/>\n<meta property=\"og:url\" content=\"https:\/\/hightrust.id\/sv\/eidas-jarjestelman-varmuustasot-levels-of-assurance-loa\/\" \/>\n<meta property=\"og:site_name\" content=\"hightrust.id\" \/>\n<meta property=\"article:modified_time\" content=\"2024-11-13T10:24:23+00:00\" \/>\n<meta name=\"twitter:card\" content=\"summary_large_image\" \/>\n<script type=\"application\/ld+json\" class=\"yoast-schema-graph\">{\"@context\":\"https:\\\/\\\/schema.org\",\"@graph\":[{\"@type\":\"WebPage\",\"@id\":\"https:\\\/\\\/hightrust.id\\\/sv\\\/eidas-jarjestelman-varmuustasot-levels-of-assurance-loa\\\/\",\"url\":\"https:\\\/\\\/hightrust.id\\\/sv\\\/eidas-jarjestelman-varmuustasot-levels-of-assurance-loa\\\/\",\"name\":\"eIDAS-j\u00e4rjestelm\u00e4n varmuustasot (Levels of Assurance - LoA) - hightrust.id\",\"isPartOf\":{\"@id\":\"https:\\\/\\\/hightrust.id\\\/sv\\\/#website\"},\"datePublished\":\"2024-10-18T07:54:44+00:00\",\"dateModified\":\"2024-11-13T10:24:23+00:00\",\"breadcrumb\":{\"@id\":\"https:\\\/\\\/hightrust.id\\\/sv\\\/eidas-jarjestelman-varmuustasot-levels-of-assurance-loa\\\/#breadcrumb\"},\"inLanguage\":\"sv-SE\",\"potentialAction\":[{\"@type\":\"ReadAction\",\"target\":[\"https:\\\/\\\/hightrust.id\\\/sv\\\/eidas-jarjestelman-varmuustasot-levels-of-assurance-loa\\\/\"]}]},{\"@type\":\"BreadcrumbList\",\"@id\":\"https:\\\/\\\/hightrust.id\\\/sv\\\/eidas-jarjestelman-varmuustasot-levels-of-assurance-loa\\\/#breadcrumb\",\"itemListElement\":[{\"@type\":\"ListItem\",\"position\":1,\"name\":\"Hemsida\",\"item\":\"https:\\\/\\\/hightrust.id\\\/sv\\\/\"},{\"@type\":\"ListItem\",\"position\":2,\"name\":\"eIDAS-j\u00e4rjestelm\u00e4n varmuustasot (Levels of Assurance &#8211; LoA)\"}]},{\"@type\":\"WebSite\",\"@id\":\"https:\\\/\\\/hightrust.id\\\/sv\\\/#website\",\"url\":\"https:\\\/\\\/hightrust.id\\\/sv\\\/\",\"name\":\"hightrust.id\",\"description\":\"\",\"publisher\":{\"@id\":\"https:\\\/\\\/hightrust.id\\\/sv\\\/#organization\"},\"potentialAction\":[{\"@type\":\"SearchAction\",\"target\":{\"@type\":\"EntryPoint\",\"urlTemplate\":\"https:\\\/\\\/hightrust.id\\\/sv\\\/?s={search_term_string}\"},\"query-input\":{\"@type\":\"PropertyValueSpecification\",\"valueRequired\":true,\"valueName\":\"search_term_string\"}}],\"inLanguage\":\"sv-SE\"},{\"@type\":\"Organization\",\"@id\":\"https:\\\/\\\/hightrust.id\\\/sv\\\/#organization\",\"name\":\"hightrust.id\",\"url\":\"https:\\\/\\\/hightrust.id\\\/sv\\\/\",\"logo\":{\"@type\":\"ImageObject\",\"inLanguage\":\"sv-SE\",\"@id\":\"https:\\\/\\\/hightrust.id\\\/sv\\\/#\\\/schema\\\/logo\\\/image\\\/\",\"url\":\"https:\\\/\\\/hightrust.id\\\/wp-content\\\/uploads\\\/2024\\\/10\\\/Hightrust-logo.svg\",\"contentUrl\":\"https:\\\/\\\/hightrust.id\\\/wp-content\\\/uploads\\\/2024\\\/10\\\/Hightrust-logo.svg\",\"width\":862,\"height\":197,\"caption\":\"hightrust.id\"},\"image\":{\"@id\":\"https:\\\/\\\/hightrust.id\\\/sv\\\/#\\\/schema\\\/logo\\\/image\\\/\"}}]}<\/script>\n<!-- \/ Yoast SEO plugin. -->","yoast_head_json":{"title":"eIDAS-j\u00e4rjestelm\u00e4n varmuustasot (Levels of Assurance - LoA) - hightrust.id","robots":{"index":"index","follow":"follow","max-snippet":"max-snippet:-1","max-image-preview":"max-image-preview:large","max-video-preview":"max-video-preview:-1"},"canonical":"https:\/\/hightrust.id\/sv\/eidas-jarjestelman-varmuustasot-levels-of-assurance-loa\/","og_locale":"sv_SE","og_type":"article","og_title":"eIDAS-j\u00e4rjestelm\u00e4n varmuustasot (Levels of Assurance - LoA) - hightrust.id","og_url":"https:\/\/hightrust.id\/sv\/eidas-jarjestelman-varmuustasot-levels-of-assurance-loa\/","og_site_name":"hightrust.id","article_modified_time":"2024-11-13T10:24:23+00:00","twitter_card":"summary_large_image","schema":{"@context":"https:\/\/schema.org","@graph":[{"@type":"WebPage","@id":"https:\/\/hightrust.id\/sv\/eidas-jarjestelman-varmuustasot-levels-of-assurance-loa\/","url":"https:\/\/hightrust.id\/sv\/eidas-jarjestelman-varmuustasot-levels-of-assurance-loa\/","name":"eIDAS-j\u00e4rjestelm\u00e4n varmuustasot (Levels of Assurance - LoA) - hightrust.id","isPartOf":{"@id":"https:\/\/hightrust.id\/sv\/#website"},"datePublished":"2024-10-18T07:54:44+00:00","dateModified":"2024-11-13T10:24:23+00:00","breadcrumb":{"@id":"https:\/\/hightrust.id\/sv\/eidas-jarjestelman-varmuustasot-levels-of-assurance-loa\/#breadcrumb"},"inLanguage":"sv-SE","potentialAction":[{"@type":"ReadAction","target":["https:\/\/hightrust.id\/sv\/eidas-jarjestelman-varmuustasot-levels-of-assurance-loa\/"]}]},{"@type":"BreadcrumbList","@id":"https:\/\/hightrust.id\/sv\/eidas-jarjestelman-varmuustasot-levels-of-assurance-loa\/#breadcrumb","itemListElement":[{"@type":"ListItem","position":1,"name":"Hemsida","item":"https:\/\/hightrust.id\/sv\/"},{"@type":"ListItem","position":2,"name":"eIDAS-j\u00e4rjestelm\u00e4n varmuustasot (Levels of Assurance &#8211; LoA)"}]},{"@type":"WebSite","@id":"https:\/\/hightrust.id\/sv\/#website","url":"https:\/\/hightrust.id\/sv\/","name":"hightrust.id","description":"","publisher":{"@id":"https:\/\/hightrust.id\/sv\/#organization"},"potentialAction":[{"@type":"SearchAction","target":{"@type":"EntryPoint","urlTemplate":"https:\/\/hightrust.id\/sv\/?s={search_term_string}"},"query-input":{"@type":"PropertyValueSpecification","valueRequired":true,"valueName":"search_term_string"}}],"inLanguage":"sv-SE"},{"@type":"Organization","@id":"https:\/\/hightrust.id\/sv\/#organization","name":"hightrust.id","url":"https:\/\/hightrust.id\/sv\/","logo":{"@type":"ImageObject","inLanguage":"sv-SE","@id":"https:\/\/hightrust.id\/sv\/#\/schema\/logo\/image\/","url":"https:\/\/hightrust.id\/wp-content\/uploads\/2024\/10\/Hightrust-logo.svg","contentUrl":"https:\/\/hightrust.id\/wp-content\/uploads\/2024\/10\/Hightrust-logo.svg","width":862,"height":197,"caption":"hightrust.id"},"image":{"@id":"https:\/\/hightrust.id\/sv\/#\/schema\/logo\/image\/"}}]}},"_links":{"self":[{"href":"https:\/\/hightrust.id\/sv\/wp-json\/wp\/v2\/pages\/1119","targetHints":{"allow":["GET"]}}],"collection":[{"href":"https:\/\/hightrust.id\/sv\/wp-json\/wp\/v2\/pages"}],"about":[{"href":"https:\/\/hightrust.id\/sv\/wp-json\/wp\/v2\/types\/page"}],"author":[{"embeddable":true,"href":"https:\/\/hightrust.id\/sv\/wp-json\/wp\/v2\/users\/1"}],"replies":[{"embeddable":true,"href":"https:\/\/hightrust.id\/sv\/wp-json\/wp\/v2\/comments?post=1119"}],"version-history":[{"count":0,"href":"https:\/\/hightrust.id\/sv\/wp-json\/wp\/v2\/pages\/1119\/revisions"}],"wp:attachment":[{"href":"https:\/\/hightrust.id\/sv\/wp-json\/wp\/v2\/media?parent=1119"}],"curies":[{"name":"wp","href":"https:\/\/api.w.org\/{rel}","templated":true}]}}