{"id":1099,"date":"2024-10-17T18:22:40","date_gmt":"2024-10-17T18:22:40","guid":{"rendered":"https:\/\/hightrustid.wpenginepowered.com\/ratkaisut\/hightrust-id-foretag\/"},"modified":"2024-11-13T11:01:15","modified_gmt":"2024-11-13T11:01:15","slug":"hightrust-id-yrityksille","status":"publish","type":"page","link":"https:\/\/hightrust.id\/sv\/hightrust-id-yrityksille\/","title":{"rendered":"Hightrust.id yrityksille"},"content":{"rendered":"\n<section\n        class=\"title-text-bg\">\n    <div style=\"background: #ffffff\">\n        <div class=\"container-full title-text-bg__content\">\n            <div class=\"title-text-bg__content-wrap\">\n                <div class=\"title-text-bg__content-title\"><h3><strong>Yritykset voivat hy\u00f6dynt\u00e4\u00e4 digilompakkoa aktivoimalla poliisin my\u00f6nt\u00e4m\u00e4n henkil\u00f6kortin digilompakkoon. Ty\u00f6ntekij\u00e4t voivat k\u00e4ytt\u00e4\u00e4 riskitt\u00e4 samaa digilompakkoa my\u00f6s henkil\u00f6kohtaiseen viranomaisasiointiin.<\/strong><\/h3>\n<\/div><div class=\"title-text-bg__content-text\"><div class=\"page\" title=\"Page 1\">\n<div class=\"section\">\n<div class=\"layoutArea\">\n<div class=\"column\">\n<p>Digilompakossa ka\u0308ytta\u0308ja\u0308n identiteetti on vahvin mahdollinen koska tuotetaan Digi- ja Va\u0308esto\u0308viraston kansalaisrekisterista\u0308. Hightrust.id digilompakon ka\u0308ytto\u0308 va\u0308henta\u0308a\u0308 merkitta\u0308va\u0308sti yrityksen kyberriskeja\u0308 sen va\u0308henta\u0308essa\u0308 merkitta\u0308va\u0308sti riskeja\u0308 erilaisia kalasteluhyo\u0308kka\u0308yksia\u0308 kohtaan.<\/p>\n<p>EU:n NIS2 direktiivi astuu voimaan 2024. Direktiivin mukaan na\u0308illa\u0308 toimialoilla on oltava ka\u0308yto\u0308ssa\u0308 monivaiheinen vahva tunnistautuminen yrityksen tietoja\u0308rjestelmia\u0308 ka\u0308ytetta\u0308essa\u0308. Hightrust.id on ehdottoman turvallinen vaihtoehto seka\u0308 helppoka\u0308ytto\u0308inen.<\/p>\n<\/div>\n<\/div>\n<\/div>\n<\/div>\n<p><strong>K\u00e4ytt\u00f6kohteita ja esimerkkej\u00e4<br \/>\n<\/strong><span style=\"font-size: 1.125rem; letter-spacing: -0.27px;\">Hightrust.id ratkaisun liitta\u0308minen yrityksen toimistosovelluksiin ja ka\u0308ytta\u0308ja\u0308rekisteriin yhdeksi tunnistautumismenetelma\u0308ksi mahdollistaa salasanattoman tunnistautumismenetelma\u0308n ja tunnusten va\u0308a\u0308rinka\u0308yto\u0308n tai varastamisen.<\/span><\/p>\n<div class=\"page\" title=\"Page 1\">\n<div class=\"section\">\n<div class=\"layoutArea\">\n<div class=\"column\">\n<p>Ja\u0308rjestelma\u0308n ylla\u0308pita\u0308jien ka\u0308yto\u0308ssa\u0308 digilompakko suojaa kriittisiin ja\u0308rjestelmiin kirjautumisia. Hightrust.id takaa korkean turvallisuuden poistaen riskit kriittisten tunnusten pa\u0308a\u0308tymisesta\u0308 va\u0308a\u0308rin ka\u0308siin. Hightrust.id digilompakon ka\u0308ytto\u0308 ei riskeeraa tyo\u0308ntekijo\u0308iden henkilo\u0308kohtaisia pankkitunnuksia esim. kirjauduttaessa viranomaisja\u0308rjestelmiin yrityksen asioita hoidettaessa.<\/p>\n<p>Hightrust.id soveltuu erinomaisesti yrityksille, jotka tekeva\u0308t juridisia sopimuksia asiakkaidensa kanssa, kuten esimerkiksi vuokrasopimukset, kauppakirjat, palvelusopimukset jne. Hightrust.id menetelma\u0308 on edullinen ja mahdollistaa hyva\u0308ksytyt sa\u0308hko\u0308iset allekirjoitukset (QES) sopijaosapuolten va\u0308lilla\u0308.<\/p>\n<\/div>\n<\/div>\n<\/div>\n<\/div>\n<\/div>            <\/div>\n        <\/div>\n    <\/div>\n<\/section>\n","protected":false},"excerpt":{"rendered":"","protected":false},"author":1,"featured_media":0,"parent":0,"menu_order":0,"comment_status":"closed","ping_status":"closed","template":"","meta":{"_acf_changed":false,"inline_featured_image":false,"_ht_theme_hide_title":false,"footnotes":""},"class_list":["post-1099","page","type-page","status-publish","hentry","post","without-featured-image"],"acf":[],"yoast_head":"<!-- This site is optimized with the Yoast SEO plugin v27.3 - https:\/\/yoast.com\/product\/yoast-seo-wordpress\/ -->\n<title>Hightrust.id yrityksille - hightrust.id<\/title>\n<meta name=\"robots\" content=\"index, follow, max-snippet:-1, max-image-preview:large, max-video-preview:-1\" \/>\n<link rel=\"canonical\" href=\"https:\/\/hightrust.id\/sv\/hightrust-id-yrityksille\/\" \/>\n<meta property=\"og:locale\" content=\"sv_SE\" \/>\n<meta property=\"og:type\" content=\"article\" \/>\n<meta property=\"og:title\" content=\"Hightrust.id yrityksille - hightrust.id\" \/>\n<meta property=\"og:url\" content=\"https:\/\/hightrust.id\/sv\/hightrust-id-yrityksille\/\" \/>\n<meta property=\"og:site_name\" content=\"hightrust.id\" \/>\n<meta property=\"article:modified_time\" content=\"2024-11-13T11:01:15+00:00\" \/>\n<meta name=\"twitter:card\" content=\"summary_large_image\" \/>\n<script type=\"application\/ld+json\" class=\"yoast-schema-graph\">{\"@context\":\"https:\\\/\\\/schema.org\",\"@graph\":[{\"@type\":\"WebPage\",\"@id\":\"https:\\\/\\\/hightrust.id\\\/sv\\\/hightrust-id-yrityksille\\\/\",\"url\":\"https:\\\/\\\/hightrust.id\\\/sv\\\/hightrust-id-yrityksille\\\/\",\"name\":\"Hightrust.id yrityksille - hightrust.id\",\"isPartOf\":{\"@id\":\"https:\\\/\\\/hightrust.id\\\/sv\\\/#website\"},\"datePublished\":\"2024-10-17T18:22:40+00:00\",\"dateModified\":\"2024-11-13T11:01:15+00:00\",\"breadcrumb\":{\"@id\":\"https:\\\/\\\/hightrust.id\\\/sv\\\/hightrust-id-yrityksille\\\/#breadcrumb\"},\"inLanguage\":\"sv-SE\",\"potentialAction\":[{\"@type\":\"ReadAction\",\"target\":[\"https:\\\/\\\/hightrust.id\\\/sv\\\/hightrust-id-yrityksille\\\/\"]}]},{\"@type\":\"BreadcrumbList\",\"@id\":\"https:\\\/\\\/hightrust.id\\\/sv\\\/hightrust-id-yrityksille\\\/#breadcrumb\",\"itemListElement\":[{\"@type\":\"ListItem\",\"position\":1,\"name\":\"Hemsida\",\"item\":\"https:\\\/\\\/hightrust.id\\\/sv\\\/\"},{\"@type\":\"ListItem\",\"position\":2,\"name\":\"Hightrust.id yrityksille\"}]},{\"@type\":\"WebSite\",\"@id\":\"https:\\\/\\\/hightrust.id\\\/sv\\\/#website\",\"url\":\"https:\\\/\\\/hightrust.id\\\/sv\\\/\",\"name\":\"hightrust.id\",\"description\":\"\",\"publisher\":{\"@id\":\"https:\\\/\\\/hightrust.id\\\/sv\\\/#organization\"},\"potentialAction\":[{\"@type\":\"SearchAction\",\"target\":{\"@type\":\"EntryPoint\",\"urlTemplate\":\"https:\\\/\\\/hightrust.id\\\/sv\\\/?s={search_term_string}\"},\"query-input\":{\"@type\":\"PropertyValueSpecification\",\"valueRequired\":true,\"valueName\":\"search_term_string\"}}],\"inLanguage\":\"sv-SE\"},{\"@type\":\"Organization\",\"@id\":\"https:\\\/\\\/hightrust.id\\\/sv\\\/#organization\",\"name\":\"hightrust.id\",\"url\":\"https:\\\/\\\/hightrust.id\\\/sv\\\/\",\"logo\":{\"@type\":\"ImageObject\",\"inLanguage\":\"sv-SE\",\"@id\":\"https:\\\/\\\/hightrust.id\\\/sv\\\/#\\\/schema\\\/logo\\\/image\\\/\",\"url\":\"https:\\\/\\\/hightrust.id\\\/wp-content\\\/uploads\\\/2024\\\/10\\\/Hightrust-logo.svg\",\"contentUrl\":\"https:\\\/\\\/hightrust.id\\\/wp-content\\\/uploads\\\/2024\\\/10\\\/Hightrust-logo.svg\",\"width\":862,\"height\":197,\"caption\":\"hightrust.id\"},\"image\":{\"@id\":\"https:\\\/\\\/hightrust.id\\\/sv\\\/#\\\/schema\\\/logo\\\/image\\\/\"}}]}<\/script>\n<!-- \/ Yoast SEO plugin. -->","yoast_head_json":{"title":"Hightrust.id yrityksille - hightrust.id","robots":{"index":"index","follow":"follow","max-snippet":"max-snippet:-1","max-image-preview":"max-image-preview:large","max-video-preview":"max-video-preview:-1"},"canonical":"https:\/\/hightrust.id\/sv\/hightrust-id-yrityksille\/","og_locale":"sv_SE","og_type":"article","og_title":"Hightrust.id yrityksille - hightrust.id","og_url":"https:\/\/hightrust.id\/sv\/hightrust-id-yrityksille\/","og_site_name":"hightrust.id","article_modified_time":"2024-11-13T11:01:15+00:00","twitter_card":"summary_large_image","schema":{"@context":"https:\/\/schema.org","@graph":[{"@type":"WebPage","@id":"https:\/\/hightrust.id\/sv\/hightrust-id-yrityksille\/","url":"https:\/\/hightrust.id\/sv\/hightrust-id-yrityksille\/","name":"Hightrust.id yrityksille - hightrust.id","isPartOf":{"@id":"https:\/\/hightrust.id\/sv\/#website"},"datePublished":"2024-10-17T18:22:40+00:00","dateModified":"2024-11-13T11:01:15+00:00","breadcrumb":{"@id":"https:\/\/hightrust.id\/sv\/hightrust-id-yrityksille\/#breadcrumb"},"inLanguage":"sv-SE","potentialAction":[{"@type":"ReadAction","target":["https:\/\/hightrust.id\/sv\/hightrust-id-yrityksille\/"]}]},{"@type":"BreadcrumbList","@id":"https:\/\/hightrust.id\/sv\/hightrust-id-yrityksille\/#breadcrumb","itemListElement":[{"@type":"ListItem","position":1,"name":"Hemsida","item":"https:\/\/hightrust.id\/sv\/"},{"@type":"ListItem","position":2,"name":"Hightrust.id yrityksille"}]},{"@type":"WebSite","@id":"https:\/\/hightrust.id\/sv\/#website","url":"https:\/\/hightrust.id\/sv\/","name":"hightrust.id","description":"","publisher":{"@id":"https:\/\/hightrust.id\/sv\/#organization"},"potentialAction":[{"@type":"SearchAction","target":{"@type":"EntryPoint","urlTemplate":"https:\/\/hightrust.id\/sv\/?s={search_term_string}"},"query-input":{"@type":"PropertyValueSpecification","valueRequired":true,"valueName":"search_term_string"}}],"inLanguage":"sv-SE"},{"@type":"Organization","@id":"https:\/\/hightrust.id\/sv\/#organization","name":"hightrust.id","url":"https:\/\/hightrust.id\/sv\/","logo":{"@type":"ImageObject","inLanguage":"sv-SE","@id":"https:\/\/hightrust.id\/sv\/#\/schema\/logo\/image\/","url":"https:\/\/hightrust.id\/wp-content\/uploads\/2024\/10\/Hightrust-logo.svg","contentUrl":"https:\/\/hightrust.id\/wp-content\/uploads\/2024\/10\/Hightrust-logo.svg","width":862,"height":197,"caption":"hightrust.id"},"image":{"@id":"https:\/\/hightrust.id\/sv\/#\/schema\/logo\/image\/"}}]}},"_links":{"self":[{"href":"https:\/\/hightrust.id\/sv\/wp-json\/wp\/v2\/pages\/1099","targetHints":{"allow":["GET"]}}],"collection":[{"href":"https:\/\/hightrust.id\/sv\/wp-json\/wp\/v2\/pages"}],"about":[{"href":"https:\/\/hightrust.id\/sv\/wp-json\/wp\/v2\/types\/page"}],"author":[{"embeddable":true,"href":"https:\/\/hightrust.id\/sv\/wp-json\/wp\/v2\/users\/1"}],"replies":[{"embeddable":true,"href":"https:\/\/hightrust.id\/sv\/wp-json\/wp\/v2\/comments?post=1099"}],"version-history":[{"count":0,"href":"https:\/\/hightrust.id\/sv\/wp-json\/wp\/v2\/pages\/1099\/revisions"}],"wp:attachment":[{"href":"https:\/\/hightrust.id\/sv\/wp-json\/wp\/v2\/media?parent=1099"}],"curies":[{"name":"wp","href":"https:\/\/api.w.org\/{rel}","templated":true}]}}