{"id":1082,"date":"2024-10-17T18:06:30","date_gmt":"2024-10-17T18:06:30","guid":{"rendered":"https:\/\/hightrustid.wpenginepowered.com\/potentiella-anvandningsomraden-for-mobila-planbocker-digiwallets\/"},"modified":"2024-11-13T10:10:30","modified_gmt":"2024-11-13T10:10:30","slug":"digilompakon-valittomat-ja-potentiaaliset-kayttotapaukset","status":"publish","type":"page","link":"https:\/\/hightrust.id\/sv\/digilompakon-valittomat-ja-potentiaaliset-kayttotapaukset\/","title":{"rendered":"Digilompakon v\u00e4litt\u00f6m\u00e4t ja potentiaaliset k\u00e4ytt\u00f6tapaukset"},"content":{"rendered":"\n<section\n        class=\"title-text-bg\">\n    <div style=\"background: #ffffff\">\n        <div class=\"container-full title-text-bg__content\">\n            <div class=\"title-text-bg__content-wrap\">\n                <div class=\"title-text-bg__content-title\"><h3><strong>Jokainen kansalainen, jolla on 1.9.2021 j\u00e4lkeen my\u00f6nnetty kansalaisvarmenteella varustettu henkil\u00f6kortti, voi ottaa k\u00e4ytt\u00f6\u00f6ns\u00e4 valtiolliseen ydinidentiteettiin perustuvan s\u00e4hk\u00f6isen tunnistusv\u00e4lineen omassa \u00e4lypuhelimessa toimivaan ilmaiseen digiwallettiin ja toteuttaa vahvan s\u00e4hk\u00f6isen tunnistamisen mobiilissa korkeimmalla mahdollisella luotettavuustasolla (LoA &#8211; High).<\/strong><\/h3>\n<\/div><div class=\"title-text-bg__content-text\"><p>&nbsp;<\/p>\n<ol class=\"list-normal-fw\">\n<li>Hightrust.id k\u00e4ytt\u00e4minen on ehdottoman luotettavaa,eik\u00e4 mahdollista pankkihuijauksia,koska yhteytt\u00e4 pankkeihin ei ole.<\/li>\n<li>Suomi.fi portaaliin voidaan koota kaikki viranomaisasiat ja niit\u00e4 voidaan helposti hoitaa mobiililaitteella.<br \/>\nEn\u00e4\u00e4 ei tarvita PC-laitetta, erillist\u00e4 kortinlukijaa ja siihen tarkoitettua ohjelmistoa.<\/li>\n<li>Hightrust.id digiwalletin s\u00e4hk\u00f6inen tunnistusv\u00e4line ei vaadi mink\u00e4\u00e4n kaupallisen toimijan asiakkuutta,<br \/>\nkuten esim. mobiilivarmenne tai pankkitunnus. Tunnistusv\u00e4line on voimassa my\u00f6nnetyn henkil\u00f6kortin tai ulkomaalaiskortin voimassaoloajan.<\/li>\n<li>Poliisin my\u00f6nt\u00e4m\u00e4n ulkomaalaiskortin omistajan on my\u00f6s mahdollista saada s\u00e4hk\u00f6isen tunnistusv\u00e4lineen oman\u00a0 \u00e4lypuhelimen ilmaiseen digiwallettiin.<\/li>\n<li>Hightrust.id s\u00e4hk\u00f6isen tunnistusv\u00e4lineen ja digiwalletin saavat siis my\u00f6s alaik\u00e4iset jamuut,joiden ei ole mahdollista saada pankkitili\u00e4 avattua. T\u00e4m\u00e4 mahdollistaa aidosti digitaalisen asioinnin kaikille Suomen kansalaisille ja maassa laillisesti oleskeleville ulkomaalaisille helposti mobiililaitteen digiwalletilla ja siin\u00e4 olevalla s\u00e4hk\u00f6isell\u00e4 tunnistusv\u00e4lineell\u00e4.<\/li>\n<\/ol>\n<p><strong>Kun asiointipalvelu tekee haluttua ominaisuutta koskevan integraation hightrust.id palveluun, niin esimerkiksi seuraavat asiat olisivat mahdollisia:<\/strong><\/p>\n<ol class=\"list-normal-fw\">\n<li>Hightrust.id digilompakossa on valmiiksi kyvykkyys hyv\u00e4ksyttyyn s\u00e4hk\u00f6iseen allekirjoitukseen (QES),mik\u00e4 on juridisesti sitova ja kiist\u00e4m\u00e4t\u00f6n koko Euroopan Unionin alueella, ja sen oikeusvaikutukset ovat yht\u00e4l\u00e4iset kuin k\u00e4sin kirjoitetulla allekirjoituksella. T\u00e4ll\u00e4 voitaisiin tehd\u00e4 esim. kiinteist\u00f6kauppa mobiilissa (maanmittauslaitos.fi).<\/li>\n<li>Digiwallet mahdollistaa tietosuojaedun.Kun on k\u00e4yt\u00f6ss\u00e4 digiwallet,voisi kansalainen hakea kaiken itse\u00e4\u00e4n koskevan digitaalisen dokumentaation, todistukset ja kelpuutukset omaan digiwallettiinsa.<br \/>\nT\u00e4m\u00e4n j\u00e4lkeen kansalainen voi itse jakaa n\u00e4it\u00e4 todistuksia haluamilleen tahoille. Kun todistuksia my\u00f6nt\u00e4v\u00e4t tahot eiv\u00e4t suoraan jaa todistuksia kolmansille osapuolille, vaan kansalainen itse jakaa omia todistuksiaan, ei synny tietosuojaongelmaa,<br \/>\nkoska tietojen omistaja, kansalainen, itse hallitsee ja jakaa omia tietojaan.<\/li>\n<li>Digitaalisen identiteetin lompakko mahdollistaa erilaisten todistusten ja sertifikaattien k\u00e4yt\u00f6n sek\u00e4 esitt\u00e4misen digitaalisesti. Esimerkiksi tieto suoritetusta tutkinnosta, hankitusta ammattip\u00e4tevyydest\u00e4 tai ajo-oikeudesta olisi mahdollista jakaa edelleen.<\/li>\n<li>Vahva s\u00e4hk\u00f6inen tunnistaminen ja hyv\u00e4ksytty s\u00e4hk\u00f6inen allekirjoitus mahdollistaisivat k\u00e4ytt\u00e4j\u00e4n tunnistamisen viranomaisasioinnissa oman s\u00e4hk\u00f6postin kautta helposti ja laillisesti.<\/li>\n<li>Vahva tunnistautuminen ja hyv\u00e4ksytty s\u00e4hk\u00f6inen allekirjoitus mahdollistaisivat my\u00f6s s\u00e4hk\u00f6isen \u00e4\u00e4nest\u00e4misen mobiilissa.<\/li>\n<\/ol>\n<\/div>            <\/div>\n        <\/div>\n    <\/div>\n<\/section>\n","protected":false},"excerpt":{"rendered":"","protected":false},"author":1,"featured_media":0,"parent":0,"menu_order":0,"comment_status":"closed","ping_status":"closed","template":"","meta":{"_acf_changed":false,"inline_featured_image":false,"_ht_theme_hide_title":false,"footnotes":""},"class_list":["post-1082","page","type-page","status-publish","hentry","post","without-featured-image"],"acf":[],"yoast_head":"<!-- This site is optimized with the Yoast SEO plugin v27.4 - https:\/\/yoast.com\/product\/yoast-seo-wordpress\/ -->\n<title>Digilompakon v\u00e4litt\u00f6m\u00e4t ja potentiaaliset k\u00e4ytt\u00f6tapaukset - hightrust.id<\/title>\n<meta name=\"robots\" content=\"index, follow, max-snippet:-1, max-image-preview:large, max-video-preview:-1\" \/>\n<link rel=\"canonical\" href=\"https:\/\/hightrust.id\/sv\/digilompakon-valittomat-ja-potentiaaliset-kayttotapaukset\/\" \/>\n<meta property=\"og:locale\" content=\"sv_SE\" \/>\n<meta property=\"og:type\" content=\"article\" \/>\n<meta property=\"og:title\" content=\"Digilompakon v\u00e4litt\u00f6m\u00e4t ja potentiaaliset k\u00e4ytt\u00f6tapaukset - hightrust.id\" \/>\n<meta property=\"og:url\" content=\"https:\/\/hightrust.id\/sv\/digilompakon-valittomat-ja-potentiaaliset-kayttotapaukset\/\" \/>\n<meta property=\"og:site_name\" content=\"hightrust.id\" \/>\n<meta property=\"article:modified_time\" content=\"2024-11-13T10:10:30+00:00\" \/>\n<meta name=\"twitter:card\" content=\"summary_large_image\" \/>\n<script type=\"application\/ld+json\" class=\"yoast-schema-graph\">{\"@context\":\"https:\\\/\\\/schema.org\",\"@graph\":[{\"@type\":\"WebPage\",\"@id\":\"https:\\\/\\\/hightrust.id\\\/sv\\\/digilompakon-valittomat-ja-potentiaaliset-kayttotapaukset\\\/\",\"url\":\"https:\\\/\\\/hightrust.id\\\/sv\\\/digilompakon-valittomat-ja-potentiaaliset-kayttotapaukset\\\/\",\"name\":\"Digilompakon v\u00e4litt\u00f6m\u00e4t ja potentiaaliset k\u00e4ytt\u00f6tapaukset - hightrust.id\",\"isPartOf\":{\"@id\":\"https:\\\/\\\/hightrust.id\\\/sv\\\/#website\"},\"datePublished\":\"2024-10-17T18:06:30+00:00\",\"dateModified\":\"2024-11-13T10:10:30+00:00\",\"breadcrumb\":{\"@id\":\"https:\\\/\\\/hightrust.id\\\/sv\\\/digilompakon-valittomat-ja-potentiaaliset-kayttotapaukset\\\/#breadcrumb\"},\"inLanguage\":\"sv-SE\",\"potentialAction\":[{\"@type\":\"ReadAction\",\"target\":[\"https:\\\/\\\/hightrust.id\\\/sv\\\/digilompakon-valittomat-ja-potentiaaliset-kayttotapaukset\\\/\"]}]},{\"@type\":\"BreadcrumbList\",\"@id\":\"https:\\\/\\\/hightrust.id\\\/sv\\\/digilompakon-valittomat-ja-potentiaaliset-kayttotapaukset\\\/#breadcrumb\",\"itemListElement\":[{\"@type\":\"ListItem\",\"position\":1,\"name\":\"Hemsida\",\"item\":\"https:\\\/\\\/hightrust.id\\\/sv\\\/\"},{\"@type\":\"ListItem\",\"position\":2,\"name\":\"Digilompakon v\u00e4litt\u00f6m\u00e4t ja potentiaaliset k\u00e4ytt\u00f6tapaukset\"}]},{\"@type\":\"WebSite\",\"@id\":\"https:\\\/\\\/hightrust.id\\\/sv\\\/#website\",\"url\":\"https:\\\/\\\/hightrust.id\\\/sv\\\/\",\"name\":\"hightrust.id\",\"description\":\"\",\"publisher\":{\"@id\":\"https:\\\/\\\/hightrust.id\\\/sv\\\/#organization\"},\"potentialAction\":[{\"@type\":\"SearchAction\",\"target\":{\"@type\":\"EntryPoint\",\"urlTemplate\":\"https:\\\/\\\/hightrust.id\\\/sv\\\/?s={search_term_string}\"},\"query-input\":{\"@type\":\"PropertyValueSpecification\",\"valueRequired\":true,\"valueName\":\"search_term_string\"}}],\"inLanguage\":\"sv-SE\"},{\"@type\":\"Organization\",\"@id\":\"https:\\\/\\\/hightrust.id\\\/sv\\\/#organization\",\"name\":\"hightrust.id\",\"url\":\"https:\\\/\\\/hightrust.id\\\/sv\\\/\",\"logo\":{\"@type\":\"ImageObject\",\"inLanguage\":\"sv-SE\",\"@id\":\"https:\\\/\\\/hightrust.id\\\/sv\\\/#\\\/schema\\\/logo\\\/image\\\/\",\"url\":\"https:\\\/\\\/hightrust.id\\\/wp-content\\\/uploads\\\/2024\\\/10\\\/Hightrust-logo.svg\",\"contentUrl\":\"https:\\\/\\\/hightrust.id\\\/wp-content\\\/uploads\\\/2024\\\/10\\\/Hightrust-logo.svg\",\"width\":862,\"height\":197,\"caption\":\"hightrust.id\"},\"image\":{\"@id\":\"https:\\\/\\\/hightrust.id\\\/sv\\\/#\\\/schema\\\/logo\\\/image\\\/\"}}]}<\/script>\n<!-- \/ Yoast SEO plugin. -->","yoast_head_json":{"title":"Digilompakon v\u00e4litt\u00f6m\u00e4t ja potentiaaliset k\u00e4ytt\u00f6tapaukset - hightrust.id","robots":{"index":"index","follow":"follow","max-snippet":"max-snippet:-1","max-image-preview":"max-image-preview:large","max-video-preview":"max-video-preview:-1"},"canonical":"https:\/\/hightrust.id\/sv\/digilompakon-valittomat-ja-potentiaaliset-kayttotapaukset\/","og_locale":"sv_SE","og_type":"article","og_title":"Digilompakon v\u00e4litt\u00f6m\u00e4t ja potentiaaliset k\u00e4ytt\u00f6tapaukset - hightrust.id","og_url":"https:\/\/hightrust.id\/sv\/digilompakon-valittomat-ja-potentiaaliset-kayttotapaukset\/","og_site_name":"hightrust.id","article_modified_time":"2024-11-13T10:10:30+00:00","twitter_card":"summary_large_image","schema":{"@context":"https:\/\/schema.org","@graph":[{"@type":"WebPage","@id":"https:\/\/hightrust.id\/sv\/digilompakon-valittomat-ja-potentiaaliset-kayttotapaukset\/","url":"https:\/\/hightrust.id\/sv\/digilompakon-valittomat-ja-potentiaaliset-kayttotapaukset\/","name":"Digilompakon v\u00e4litt\u00f6m\u00e4t ja potentiaaliset k\u00e4ytt\u00f6tapaukset - hightrust.id","isPartOf":{"@id":"https:\/\/hightrust.id\/sv\/#website"},"datePublished":"2024-10-17T18:06:30+00:00","dateModified":"2024-11-13T10:10:30+00:00","breadcrumb":{"@id":"https:\/\/hightrust.id\/sv\/digilompakon-valittomat-ja-potentiaaliset-kayttotapaukset\/#breadcrumb"},"inLanguage":"sv-SE","potentialAction":[{"@type":"ReadAction","target":["https:\/\/hightrust.id\/sv\/digilompakon-valittomat-ja-potentiaaliset-kayttotapaukset\/"]}]},{"@type":"BreadcrumbList","@id":"https:\/\/hightrust.id\/sv\/digilompakon-valittomat-ja-potentiaaliset-kayttotapaukset\/#breadcrumb","itemListElement":[{"@type":"ListItem","position":1,"name":"Hemsida","item":"https:\/\/hightrust.id\/sv\/"},{"@type":"ListItem","position":2,"name":"Digilompakon v\u00e4litt\u00f6m\u00e4t ja potentiaaliset k\u00e4ytt\u00f6tapaukset"}]},{"@type":"WebSite","@id":"https:\/\/hightrust.id\/sv\/#website","url":"https:\/\/hightrust.id\/sv\/","name":"hightrust.id","description":"","publisher":{"@id":"https:\/\/hightrust.id\/sv\/#organization"},"potentialAction":[{"@type":"SearchAction","target":{"@type":"EntryPoint","urlTemplate":"https:\/\/hightrust.id\/sv\/?s={search_term_string}"},"query-input":{"@type":"PropertyValueSpecification","valueRequired":true,"valueName":"search_term_string"}}],"inLanguage":"sv-SE"},{"@type":"Organization","@id":"https:\/\/hightrust.id\/sv\/#organization","name":"hightrust.id","url":"https:\/\/hightrust.id\/sv\/","logo":{"@type":"ImageObject","inLanguage":"sv-SE","@id":"https:\/\/hightrust.id\/sv\/#\/schema\/logo\/image\/","url":"https:\/\/hightrust.id\/wp-content\/uploads\/2024\/10\/Hightrust-logo.svg","contentUrl":"https:\/\/hightrust.id\/wp-content\/uploads\/2024\/10\/Hightrust-logo.svg","width":862,"height":197,"caption":"hightrust.id"},"image":{"@id":"https:\/\/hightrust.id\/sv\/#\/schema\/logo\/image\/"}}]}},"_links":{"self":[{"href":"https:\/\/hightrust.id\/sv\/wp-json\/wp\/v2\/pages\/1082","targetHints":{"allow":["GET"]}}],"collection":[{"href":"https:\/\/hightrust.id\/sv\/wp-json\/wp\/v2\/pages"}],"about":[{"href":"https:\/\/hightrust.id\/sv\/wp-json\/wp\/v2\/types\/page"}],"author":[{"embeddable":true,"href":"https:\/\/hightrust.id\/sv\/wp-json\/wp\/v2\/users\/1"}],"replies":[{"embeddable":true,"href":"https:\/\/hightrust.id\/sv\/wp-json\/wp\/v2\/comments?post=1082"}],"version-history":[{"count":0,"href":"https:\/\/hightrust.id\/sv\/wp-json\/wp\/v2\/pages\/1082\/revisions"}],"wp:attachment":[{"href":"https:\/\/hightrust.id\/sv\/wp-json\/wp\/v2\/media?parent=1082"}],"curies":[{"name":"wp","href":"https:\/\/api.w.org\/{rel}","templated":true}]}}