{"id":1065,"date":"2024-10-17T17:47:46","date_gmt":"2024-10-17T17:47:46","guid":{"rendered":"https:\/\/hightrustid.wpenginepowered.com\/eid-sign\/elektroniska-signaturer\/"},"modified":"2024-11-13T10:25:05","modified_gmt":"2024-11-13T10:25:05","slug":"sahkoiset-allekirjoitukset","status":"publish","type":"page","link":"https:\/\/hightrust.id\/sv\/sahkoiset-allekirjoitukset\/","title":{"rendered":"S\u00e4hk\u00f6iset allekirjoitukset"},"content":{"rendered":"\n<section\n        class=\"title-text-bg\">\n    <div style=\"background: #ffffff\">\n        <div class=\"container-full title-text-bg__content\">\n            <div class=\"title-text-bg__content-wrap\">\n                <div class=\"title-text-bg__content-text\"><div class=\"page\" title=\"Page 1\">\n<div class=\"section\">\n<div class=\"layoutArea\">\n<div class=\"column\">\n<p>Sa\u0308hko\u0308iset allekirjoitukset on ma\u0308a\u0308ritelty eIDAS-asetuksessa (EU 910\/2014).<br \/>\nAllekirjoitukset jaotellaan kolmeen eri tasoon, jotka matalimmasta korkeimpaan ovat<\/p>\n<\/div>\n<\/div>\n<\/div>\n<\/div>\n<ul>\n<li>s\u00e4hk\u00f6inen allekirjoitus<\/li>\n<li><strong>kehittynyt<\/strong> s\u00e4hk\u00f6inen allekirjoitus<\/li>\n<li><strong>hyv\u00e4ksytty<\/strong> s\u00e4hk\u00f6inen allekirjoitus<\/li>\n<\/ul>\n<p>Mit\u00e4 korkeampi taso on kyseess\u00e4, sit\u00e4 turvallisemmat ovat taustalla olevat toteutukset ja sit\u00e4 paremmin pystyt\u00e4\u00e4n varmistumaan allekirjoittajan henkil\u00f6llisyydest\u00e4.<\/p>\n<h3><strong>S\u00e4hk\u00f6inen allekirjoitus<\/strong><\/h3>\n<p>S\u00e4hk\u00f6inen allekirjoitus on s\u00e4hk\u00f6isess\u00e4 muodossa oleva tieto, jota allekirjoittaja k\u00e4ytt\u00e4\u00e4 allekirjoittamiseen.<br \/>\nS\u00e4hk\u00f6iseksi allekirjoitukseksi voidaan kutsua esimerkiksi s\u00e4hk\u00f6postin loppuun kirjoitettua nime\u00e4. T\u00e4llaisessa tapauksessa allekirjoitusta ei kuitenkaan voi kiist\u00e4m\u00e4tt\u00f6m\u00e4sti yhdist\u00e4\u00e4 oikean henkil\u00f6\u00f6n ja osoittaa aidoksi.<\/p>\n<h3><strong>Kehittynyt s\u00e4hk\u00f6inen allekirjoitus<\/strong><\/h3>\n<p>Kehittynyt s\u00e4hk\u00f6inen allekirjoitus on s\u00e4hk\u00f6inen allekirjoitus, joka liittyy yksil\u00f6iv\u00e4sti allekirjoittajaan.<br \/>\nKehittynyt s\u00e4hk\u00f6inen allekirjoitus varmentaa<\/p>\n<ul>\n<li>s\u00e4hk\u00f6isen asiakirjan tietosis\u00e4ll\u00f6n<\/li>\n<li>allekirjoittajan henkil\u00f6llisyyden.<\/li>\n<\/ul>\n<p>Jos s\u00e4hk\u00f6isen asiakirjan tietosis\u00e4lt\u00f6\u00e4 muutetaan allekirjoittamisen j\u00e4lkeen, ei allekirjoitus en\u00e4\u00e4 t\u00e4sm\u00e4\u00e4 asiakirjan sis\u00e4ll\u00f6n kanssa.<br \/>\nT\u00e4m\u00e4 tarkoittaa, ett\u00e4 tiedon muuttaminen tai v\u00e4\u00e4rent\u00e4minen j\u00e4lkik\u00e4teen voidaan havaita.<br \/>\nEsimerkiksi mobiilivarmenteella tai pankkitunnuksilla tehty allekirjoitus on kehittynyt s\u00e4hk\u00f6inen allekirjoitus.<\/p>\n<h3><strong>Hyv\u00e4ksytty s\u00e4hk\u00f6inen allekirjoitus<\/strong><\/h3>\n<p>Hyv\u00e4ksytty s\u00e4hk\u00f6inen allekirjoitus on kehittynyt s\u00e4hk\u00f6inen allekirjoitus, jonka tekemiseen k\u00e4ytetty<\/p>\n<ul>\n<li>varmenne on eIDAS-hyv\u00e4ksytty<\/li>\n<li>luontiv\u00e4line (esimerkiksi kortin siru) on eIDAS-hyv\u00e4ksytty s\u00e4hk\u00f6isen allekirjoituksen luontiv\u00e4line (QSCD)<\/li>\n<\/ul>\n<p>Hyv\u00e4ksytty s\u00e4hk\u00f6inen allekirjoitus varmentaa asiakirjan tietosis\u00e4ll\u00f6n sek\u00e4 allekirjoittajan henkil\u00f6llisyyden, kuten edell\u00e4 kuvattu kehittynyt s\u00e4hk\u00f6inen allekirjoituskin. T\u00e4m\u00e4n lis\u00e4ksi hyv\u00e4ksytyn s\u00e4hk\u00f6isen allekirjoituksen tekoon k\u00e4ytett\u00e4vi\u00e4 v\u00e4lineit\u00e4 s\u00e4\u00e4dell\u00e4\u00e4n, valvotaan ja arvioidaan tarkemmin. Niit\u00e4 saavat my\u00f6nt\u00e4\u00e4 vain sellaiset palveluntarjoajat, jotka EU-akkreditoitu arviointilaitos on etuk\u00e4teen arvioinut ja hyv\u00e4ksynyt.<\/p>\n<p>Seuraavien Digi- ja v\u00e4est\u00f6tietoviraston varmennekorttien allekirjoitusvarmenteilla tehty allekirjoitus on hyv\u00e4ksytty s\u00e4hk\u00f6inen allekirjoitus:<\/p>\n<ul>\n<li>organisaatiokortti (19.12.2019 alkaen my\u00f6nnetyt)<\/li>\n<li>henkil\u00f6kortti (11.1.2021 alkaen my\u00f6nnetyt)<\/li>\n<\/ul>\n<p>Hyv\u00e4ksytty s\u00e4hk\u00f6inen allekirjoitus on juridisesti sitova ja kiist\u00e4m\u00e4t\u00f6n koko Euroopan Unionin alueella. eIDAS-asetuksen mukaan hyv\u00e4ksytyll\u00e4 s\u00e4hk\u00f6isell\u00e4 allekirjoituksella on oltava samanlaiset oikeusvaikutukset kuin k\u00e4sin kirjoitetulla allekirjoituksella. Hyv\u00e4ksytty s\u00e4hk\u00f6isen allekirjoituksen luontiv\u00e4line (QSCD) on teknisesti hyvin turvallinen, sill\u00e4 se on suojattu ulkopuolisilta hy\u00f6kk\u00e4yksilt\u00e4.<\/p>\n<p><a href=\"https:\/\/ec.europa.eu\/digital-building-blocks\/sites\/display\/DIGITAL\/What+is+eSignature\">https:\/\/ec.europa.eu\/digital-building-blocks\/sites\/display\/DIGITAL\/What+is+eSignature<\/a><br \/>\n<a href=\"https:\/\/dvv.fi\/eritasoiset-sahkoiset-allekirjoitukset\">https:\/\/dvv.fi\/eritasoiset-sahkoiset-allekirjoitukset<\/a><\/p>\n<\/div>            <\/div>\n        <\/div>\n    <\/div>\n<\/section>\n","protected":false},"excerpt":{"rendered":"","protected":false},"author":1,"featured_media":0,"parent":0,"menu_order":0,"comment_status":"closed","ping_status":"closed","template":"","meta":{"_acf_changed":false,"inline_featured_image":false,"_ht_theme_hide_title":false,"footnotes":""},"class_list":["post-1065","page","type-page","status-publish","hentry","post","without-featured-image"],"acf":[],"yoast_head":"<!-- This site is optimized with the Yoast SEO plugin v27.4 - https:\/\/yoast.com\/product\/yoast-seo-wordpress\/ -->\n<title>S\u00e4hk\u00f6iset allekirjoitukset - hightrust.id<\/title>\n<meta name=\"robots\" content=\"index, follow, max-snippet:-1, max-image-preview:large, max-video-preview:-1\" \/>\n<link rel=\"canonical\" href=\"https:\/\/hightrust.id\/sv\/sahkoiset-allekirjoitukset\/\" \/>\n<meta property=\"og:locale\" content=\"sv_SE\" \/>\n<meta property=\"og:type\" content=\"article\" \/>\n<meta property=\"og:title\" content=\"S\u00e4hk\u00f6iset allekirjoitukset - hightrust.id\" \/>\n<meta property=\"og:url\" content=\"https:\/\/hightrust.id\/sv\/sahkoiset-allekirjoitukset\/\" \/>\n<meta property=\"og:site_name\" content=\"hightrust.id\" \/>\n<meta property=\"article:modified_time\" content=\"2024-11-13T10:25:05+00:00\" \/>\n<meta name=\"twitter:card\" content=\"summary_large_image\" \/>\n<script type=\"application\/ld+json\" class=\"yoast-schema-graph\">{\"@context\":\"https:\\\/\\\/schema.org\",\"@graph\":[{\"@type\":\"WebPage\",\"@id\":\"https:\\\/\\\/hightrust.id\\\/sv\\\/sahkoiset-allekirjoitukset\\\/\",\"url\":\"https:\\\/\\\/hightrust.id\\\/sv\\\/sahkoiset-allekirjoitukset\\\/\",\"name\":\"S\u00e4hk\u00f6iset allekirjoitukset - hightrust.id\",\"isPartOf\":{\"@id\":\"https:\\\/\\\/hightrust.id\\\/sv\\\/#website\"},\"datePublished\":\"2024-10-17T17:47:46+00:00\",\"dateModified\":\"2024-11-13T10:25:05+00:00\",\"breadcrumb\":{\"@id\":\"https:\\\/\\\/hightrust.id\\\/sv\\\/sahkoiset-allekirjoitukset\\\/#breadcrumb\"},\"inLanguage\":\"sv-SE\",\"potentialAction\":[{\"@type\":\"ReadAction\",\"target\":[\"https:\\\/\\\/hightrust.id\\\/sv\\\/sahkoiset-allekirjoitukset\\\/\"]}]},{\"@type\":\"BreadcrumbList\",\"@id\":\"https:\\\/\\\/hightrust.id\\\/sv\\\/sahkoiset-allekirjoitukset\\\/#breadcrumb\",\"itemListElement\":[{\"@type\":\"ListItem\",\"position\":1,\"name\":\"Hemsida\",\"item\":\"https:\\\/\\\/hightrust.id\\\/sv\\\/\"},{\"@type\":\"ListItem\",\"position\":2,\"name\":\"S\u00e4hk\u00f6iset allekirjoitukset\"}]},{\"@type\":\"WebSite\",\"@id\":\"https:\\\/\\\/hightrust.id\\\/sv\\\/#website\",\"url\":\"https:\\\/\\\/hightrust.id\\\/sv\\\/\",\"name\":\"hightrust.id\",\"description\":\"\",\"publisher\":{\"@id\":\"https:\\\/\\\/hightrust.id\\\/sv\\\/#organization\"},\"potentialAction\":[{\"@type\":\"SearchAction\",\"target\":{\"@type\":\"EntryPoint\",\"urlTemplate\":\"https:\\\/\\\/hightrust.id\\\/sv\\\/?s={search_term_string}\"},\"query-input\":{\"@type\":\"PropertyValueSpecification\",\"valueRequired\":true,\"valueName\":\"search_term_string\"}}],\"inLanguage\":\"sv-SE\"},{\"@type\":\"Organization\",\"@id\":\"https:\\\/\\\/hightrust.id\\\/sv\\\/#organization\",\"name\":\"hightrust.id\",\"url\":\"https:\\\/\\\/hightrust.id\\\/sv\\\/\",\"logo\":{\"@type\":\"ImageObject\",\"inLanguage\":\"sv-SE\",\"@id\":\"https:\\\/\\\/hightrust.id\\\/sv\\\/#\\\/schema\\\/logo\\\/image\\\/\",\"url\":\"https:\\\/\\\/hightrust.id\\\/wp-content\\\/uploads\\\/2024\\\/10\\\/Hightrust-logo.svg\",\"contentUrl\":\"https:\\\/\\\/hightrust.id\\\/wp-content\\\/uploads\\\/2024\\\/10\\\/Hightrust-logo.svg\",\"width\":862,\"height\":197,\"caption\":\"hightrust.id\"},\"image\":{\"@id\":\"https:\\\/\\\/hightrust.id\\\/sv\\\/#\\\/schema\\\/logo\\\/image\\\/\"}}]}<\/script>\n<!-- \/ Yoast SEO plugin. -->","yoast_head_json":{"title":"S\u00e4hk\u00f6iset allekirjoitukset - hightrust.id","robots":{"index":"index","follow":"follow","max-snippet":"max-snippet:-1","max-image-preview":"max-image-preview:large","max-video-preview":"max-video-preview:-1"},"canonical":"https:\/\/hightrust.id\/sv\/sahkoiset-allekirjoitukset\/","og_locale":"sv_SE","og_type":"article","og_title":"S\u00e4hk\u00f6iset allekirjoitukset - hightrust.id","og_url":"https:\/\/hightrust.id\/sv\/sahkoiset-allekirjoitukset\/","og_site_name":"hightrust.id","article_modified_time":"2024-11-13T10:25:05+00:00","twitter_card":"summary_large_image","schema":{"@context":"https:\/\/schema.org","@graph":[{"@type":"WebPage","@id":"https:\/\/hightrust.id\/sv\/sahkoiset-allekirjoitukset\/","url":"https:\/\/hightrust.id\/sv\/sahkoiset-allekirjoitukset\/","name":"S\u00e4hk\u00f6iset allekirjoitukset - hightrust.id","isPartOf":{"@id":"https:\/\/hightrust.id\/sv\/#website"},"datePublished":"2024-10-17T17:47:46+00:00","dateModified":"2024-11-13T10:25:05+00:00","breadcrumb":{"@id":"https:\/\/hightrust.id\/sv\/sahkoiset-allekirjoitukset\/#breadcrumb"},"inLanguage":"sv-SE","potentialAction":[{"@type":"ReadAction","target":["https:\/\/hightrust.id\/sv\/sahkoiset-allekirjoitukset\/"]}]},{"@type":"BreadcrumbList","@id":"https:\/\/hightrust.id\/sv\/sahkoiset-allekirjoitukset\/#breadcrumb","itemListElement":[{"@type":"ListItem","position":1,"name":"Hemsida","item":"https:\/\/hightrust.id\/sv\/"},{"@type":"ListItem","position":2,"name":"S\u00e4hk\u00f6iset allekirjoitukset"}]},{"@type":"WebSite","@id":"https:\/\/hightrust.id\/sv\/#website","url":"https:\/\/hightrust.id\/sv\/","name":"hightrust.id","description":"","publisher":{"@id":"https:\/\/hightrust.id\/sv\/#organization"},"potentialAction":[{"@type":"SearchAction","target":{"@type":"EntryPoint","urlTemplate":"https:\/\/hightrust.id\/sv\/?s={search_term_string}"},"query-input":{"@type":"PropertyValueSpecification","valueRequired":true,"valueName":"search_term_string"}}],"inLanguage":"sv-SE"},{"@type":"Organization","@id":"https:\/\/hightrust.id\/sv\/#organization","name":"hightrust.id","url":"https:\/\/hightrust.id\/sv\/","logo":{"@type":"ImageObject","inLanguage":"sv-SE","@id":"https:\/\/hightrust.id\/sv\/#\/schema\/logo\/image\/","url":"https:\/\/hightrust.id\/wp-content\/uploads\/2024\/10\/Hightrust-logo.svg","contentUrl":"https:\/\/hightrust.id\/wp-content\/uploads\/2024\/10\/Hightrust-logo.svg","width":862,"height":197,"caption":"hightrust.id"},"image":{"@id":"https:\/\/hightrust.id\/sv\/#\/schema\/logo\/image\/"}}]}},"_links":{"self":[{"href":"https:\/\/hightrust.id\/sv\/wp-json\/wp\/v2\/pages\/1065","targetHints":{"allow":["GET"]}}],"collection":[{"href":"https:\/\/hightrust.id\/sv\/wp-json\/wp\/v2\/pages"}],"about":[{"href":"https:\/\/hightrust.id\/sv\/wp-json\/wp\/v2\/types\/page"}],"author":[{"embeddable":true,"href":"https:\/\/hightrust.id\/sv\/wp-json\/wp\/v2\/users\/1"}],"replies":[{"embeddable":true,"href":"https:\/\/hightrust.id\/sv\/wp-json\/wp\/v2\/comments?post=1065"}],"version-history":[{"count":0,"href":"https:\/\/hightrust.id\/sv\/wp-json\/wp\/v2\/pages\/1065\/revisions"}],"wp:attachment":[{"href":"https:\/\/hightrust.id\/sv\/wp-json\/wp\/v2\/media?parent=1065"}],"curies":[{"name":"wp","href":"https:\/\/api.w.org\/{rel}","templated":true}]}}