{"id":1043,"date":"2024-10-17T17:27:24","date_gmt":"2024-10-17T17:27:24","guid":{"rendered":"https:\/\/hightrustid.wpenginepowered.com\/vanliga-fragor\/"},"modified":"2024-11-13T10:26:21","modified_gmt":"2024-11-13T10:26:21","slug":"faq","status":"publish","type":"page","link":"https:\/\/hightrust.id\/sv\/faq\/","title":{"rendered":"FAQ"},"content":{"rendered":"\n<section\n        class=\"title-text-bg\">\n    <div style=\"background: #ffffff\">\n        <div class=\"container-full title-text-bg__content\">\n            <div class=\"title-text-bg__content-wrap\">\n                <div class=\"title-text-bg__content-text\"><p><strong>Miten sovellus otetaan k\u00e4ytt\u00f6\u00f6n?<br \/>\n<\/strong><span style=\"font-size: 1.125rem; letter-spacing: -0.27px;\">Katso ta\u0308ma\u0308n tukisivun ohjeet sovelluksen ka\u0308ytto\u0308o\u0308n ottamisesta.<\/span><\/p>\n<p><strong>Mill\u00e4 kaikilla varmennekorteilla sovellusta voi k\u00e4ytt\u00e4\u00e4?<br \/>\n<\/strong>Sovellusta voi ka\u0308ytta\u0308a\u0308 poliisin myo\u0308nta\u0308ma\u0308lla\u0308 henkilo\u0308kortilla ja ulkomaalaisen henkilo\u0308kortilla. Mobiilisovellusta ei toistaiseksi voi hy\u00f6dynt\u00e4\u00e4 organisaatiokortilla, ennen kuin mobiilisovellukselle on luotu VARTTI-rajapinta. SOTE-organisaatiot voisivat k\u00e4ytt\u00e4\u00e4 sosiaali- ja terveydenhuollon ammattikorttia mobiilisovelluksessa, mik\u00e4li lains\u00e4\u00e4d\u00e4nt\u00f6 sen sallisi.<\/p>\n<p><strong>Onko sovelluksen k\u00e4ytt\u00e4miseen laitevaatimuksia?<br \/>\n<\/strong><span style=\"font-size: 1.125rem; letter-spacing: -0.27px;\">Ka\u0308a\u0308nny sovelluskauppojen puoleen, jotta sinulle selvia\u0308a\u0308 kulloisetkin laitevaatimukset.<\/span><\/p>\n<p><strong>Mit\u00e4 oikeuksia sovellus tarvitsee laitteesta toimiakseen?<br \/>\n<\/strong><span style=\"font-size: 1.125rem; letter-spacing: -0.27px;\">Sovellus tarvitsee sirukorttien lukuoikeuden NFC:lla\u0308ka\u0308ytta\u0308a\u0308, seka\u0308 oikeuden ka\u0308ytta\u0308a\u0308 kameraa QR koodien kuvaamiseen. Sovellukselle tulee antaa lupa biometriseen tunnistukseen, mika\u0308li se on otettu laitteessa ka\u0308ytto\u0308o\u0308n. Muussa tapauksessa ka\u0308yteta\u0308a\u0308n sovelluksen pa\u0308a\u0308sykoodia.<\/span><\/p>\n<p><strong>Mit\u00e4 tietoja henkil\u00f6- tai varmennekortilta v\u00e4littyy sovellukseen?<br \/>\n<\/strong><span style=\"font-size: 1.125rem; letter-spacing: -0.27px;\">Kortilta luetaan varmenteen tiedot.<\/span><\/p>\n<p><strong>T\u00e4ytyyk\u00f6 henkil\u00f6- tai varmennekortin olla voimassa?<br \/>\n<\/strong><span style=\"font-size: 1.125rem; letter-spacing: -0.27px;\">Kortin ta\u0308ytyy olla voimassa. Kun kortin voimassaolo pa\u0308a\u0308ttyy, sovelluksessa oleva sa\u0308hko\u0308inen tunnistusva\u0308line ei ena\u0308a\u0308 toimi. Vanhentuneella kortilla ei myo\u0308ska\u0308a\u0308n voi luoda uutta sa\u0308hko\u0308ista\u0308 tunnistusva\u0308linetta\u0308 sovellukseen.<\/span><\/p>\n<p><strong>Voiko varmennekortilla tunnistautua kaikkiin suomi.fi-tunnistusta k\u00e4ytt\u00e4viin asiointipalveluihin? <\/strong><br \/>\nKyll\u00e4<\/p>\n<p><strong>Kuinka tietoturvallinen sovellus on?<br \/>\n<\/strong><span style=\"font-size: 1.125rem; letter-spacing: -0.27px;\">Sovellus on Kyberturvallisuuskeskuksen hyva\u0308ksyma\u0308 ja se ta\u0308ytta\u0308a\u0308 kaikki EU:n sa\u0308hko\u0308iseen tunnistautumiseen asettamat tietoturvavaatimukset.<\/span><\/p>\n<p><strong>Mit\u00e4 teen, jos puhelin katoaa tai se varastetaan?<br \/>\n<\/strong><span style=\"font-size: 1.125rem; letter-spacing: -0.27px;\">Sulje tunnistusva\u0308line sulkupalveluohjeen ja ka\u0308ytto\u0308ehtojen mukaisesti.<\/span><\/p>\n<p><strong>Voiko henkil\u00f6- tai varmennekortin k\u00e4ytt\u00e4misen tarkistaa v\u00e4\u00e4rink\u00e4ytt\u00f6ep\u00e4ilyiss\u00e4?<br \/>\n<\/strong><span style=\"font-size: 1.125rem; letter-spacing: -0.27px;\">Kaikesta ka\u0308yto\u0308sta\u0308 syntyy laissa edellytetty lokitieto, joka on tarvittaessa tarkasteltavissa esimerkiksi va\u0308a\u0308rinka\u0308ytto\u0308epa\u0308ilyissa\u0308.<\/span><\/p>\n<p><strong>Voiko varmennekortin v\u00e4\u00e4rink\u00e4ytt\u00f6\u00e4 est\u00e4\u00e4 esim. tilanteessa, jossa henkil\u00f6n hallussa on toisen henkil\u00f6n henkil\u00f6kortti?<br \/>\n<\/strong><span style=\"font-size: 1.125rem; letter-spacing: -0.27px;\">Varmennekortin va\u0308a\u0308rinka\u0308ytto\u0308a\u0308 esta\u0308a\u0308 laki, joka kielta\u0308a\u0308 oman henkilo\u0308kortin ja siihen liittyvien PIN koodien luovuttamisen toiselle henkilo\u0308lle.<\/span><\/p>\n<p><strong>Toimiiko sovellus ulkomailla? <\/strong><br \/>\nSovellus edellytt\u00e4\u00e4 toimivan verkkoyhteyden.<\/p>\n<p><strong>Vaikuttaako sovelluksen k\u00e4ytt\u00f6\u00f6nottoon, jos henkil\u00f6kortti on jo aiemmin aktivoitu? <\/strong><br \/>\nHenkil\u00f6kortti pit\u00e4\u00e4 olla aktivoitu, jotta varmenne voidaan lis\u00e4t\u00e4 digilompakkoon.<\/p>\n<p><strong>Voiko aktivoidun henkil\u00f6kortin toimintoja hy\u00f6dynt\u00e4\u00e4, esim. allekirjoitus ominaisuutta? <\/strong><br \/>\nAllekirjoitus ominaisuus tulee ottaa erikseen k\u00e4ytt\u00f6\u00f6n sovelluksessa. T\u00e4m\u00e4n j\u00e4lkeen allekirjoitusta voi k\u00e4ytt\u00e4\u00e4 kaikissa niiss\u00e4 s\u00e4hk\u00f6isiss\u00e4 palveluissa, joissa allekirjoitusominaisuus on kytketty p\u00e4\u00e4lle.<\/p>\n<p><strong>Mit\u00e4 teen, jos kohtaan k\u00e4yt\u00f6ss\u00e4 ongelmia? <\/strong><br \/>\nYleisiin tunnistautumiseen liittyviin ongelmiin saat apua kansalaisneuvonnasta. Ongelmatilanteesta voit my\u00f6s raportoida hightrust.id tukisivustolta l\u00f6ytyv\u00e4ll\u00e4 s\u00e4hk\u00f6isell\u00e4 raportointilomakkeella.<\/p>\n<\/div>            <\/div>\n        <\/div>\n    <\/div>\n<\/section>\n","protected":false},"excerpt":{"rendered":"","protected":false},"author":1,"featured_media":0,"parent":0,"menu_order":0,"comment_status":"closed","ping_status":"closed","template":"","meta":{"_acf_changed":false,"inline_featured_image":false,"_ht_theme_hide_title":false,"footnotes":""},"class_list":["post-1043","page","type-page","status-publish","hentry","post","without-featured-image"],"acf":[],"yoast_head":"<!-- This site is optimized with the Yoast SEO plugin v27.3 - https:\/\/yoast.com\/product\/yoast-seo-wordpress\/ -->\n<title>FAQ - hightrust.id<\/title>\n<meta name=\"robots\" content=\"index, follow, max-snippet:-1, max-image-preview:large, max-video-preview:-1\" \/>\n<link rel=\"canonical\" href=\"https:\/\/hightrust.id\/sv\/faq\/\" \/>\n<meta property=\"og:locale\" content=\"sv_SE\" \/>\n<meta property=\"og:type\" content=\"article\" \/>\n<meta property=\"og:title\" content=\"FAQ - hightrust.id\" \/>\n<meta property=\"og:url\" content=\"https:\/\/hightrust.id\/sv\/faq\/\" \/>\n<meta property=\"og:site_name\" content=\"hightrust.id\" \/>\n<meta property=\"article:modified_time\" content=\"2024-11-13T10:26:21+00:00\" \/>\n<meta name=\"twitter:card\" content=\"summary_large_image\" \/>\n<script type=\"application\/ld+json\" class=\"yoast-schema-graph\">{\"@context\":\"https:\\\/\\\/schema.org\",\"@graph\":[{\"@type\":\"WebPage\",\"@id\":\"https:\\\/\\\/hightrust.id\\\/sv\\\/faq\\\/\",\"url\":\"https:\\\/\\\/hightrust.id\\\/sv\\\/faq\\\/\",\"name\":\"FAQ - hightrust.id\",\"isPartOf\":{\"@id\":\"https:\\\/\\\/hightrust.id\\\/sv\\\/#website\"},\"datePublished\":\"2024-10-17T17:27:24+00:00\",\"dateModified\":\"2024-11-13T10:26:21+00:00\",\"breadcrumb\":{\"@id\":\"https:\\\/\\\/hightrust.id\\\/sv\\\/faq\\\/#breadcrumb\"},\"inLanguage\":\"sv-SE\",\"potentialAction\":[{\"@type\":\"ReadAction\",\"target\":[\"https:\\\/\\\/hightrust.id\\\/sv\\\/faq\\\/\"]}]},{\"@type\":\"BreadcrumbList\",\"@id\":\"https:\\\/\\\/hightrust.id\\\/sv\\\/faq\\\/#breadcrumb\",\"itemListElement\":[{\"@type\":\"ListItem\",\"position\":1,\"name\":\"Hemsida\",\"item\":\"https:\\\/\\\/hightrust.id\\\/sv\\\/\"},{\"@type\":\"ListItem\",\"position\":2,\"name\":\"FAQ\"}]},{\"@type\":\"WebSite\",\"@id\":\"https:\\\/\\\/hightrust.id\\\/sv\\\/#website\",\"url\":\"https:\\\/\\\/hightrust.id\\\/sv\\\/\",\"name\":\"hightrust.id\",\"description\":\"\",\"publisher\":{\"@id\":\"https:\\\/\\\/hightrust.id\\\/sv\\\/#organization\"},\"potentialAction\":[{\"@type\":\"SearchAction\",\"target\":{\"@type\":\"EntryPoint\",\"urlTemplate\":\"https:\\\/\\\/hightrust.id\\\/sv\\\/?s={search_term_string}\"},\"query-input\":{\"@type\":\"PropertyValueSpecification\",\"valueRequired\":true,\"valueName\":\"search_term_string\"}}],\"inLanguage\":\"sv-SE\"},{\"@type\":\"Organization\",\"@id\":\"https:\\\/\\\/hightrust.id\\\/sv\\\/#organization\",\"name\":\"hightrust.id\",\"url\":\"https:\\\/\\\/hightrust.id\\\/sv\\\/\",\"logo\":{\"@type\":\"ImageObject\",\"inLanguage\":\"sv-SE\",\"@id\":\"https:\\\/\\\/hightrust.id\\\/sv\\\/#\\\/schema\\\/logo\\\/image\\\/\",\"url\":\"https:\\\/\\\/hightrust.id\\\/wp-content\\\/uploads\\\/2024\\\/10\\\/Hightrust-logo.svg\",\"contentUrl\":\"https:\\\/\\\/hightrust.id\\\/wp-content\\\/uploads\\\/2024\\\/10\\\/Hightrust-logo.svg\",\"width\":862,\"height\":197,\"caption\":\"hightrust.id\"},\"image\":{\"@id\":\"https:\\\/\\\/hightrust.id\\\/sv\\\/#\\\/schema\\\/logo\\\/image\\\/\"}}]}<\/script>\n<!-- \/ Yoast SEO plugin. -->","yoast_head_json":{"title":"FAQ - hightrust.id","robots":{"index":"index","follow":"follow","max-snippet":"max-snippet:-1","max-image-preview":"max-image-preview:large","max-video-preview":"max-video-preview:-1"},"canonical":"https:\/\/hightrust.id\/sv\/faq\/","og_locale":"sv_SE","og_type":"article","og_title":"FAQ - hightrust.id","og_url":"https:\/\/hightrust.id\/sv\/faq\/","og_site_name":"hightrust.id","article_modified_time":"2024-11-13T10:26:21+00:00","twitter_card":"summary_large_image","schema":{"@context":"https:\/\/schema.org","@graph":[{"@type":"WebPage","@id":"https:\/\/hightrust.id\/sv\/faq\/","url":"https:\/\/hightrust.id\/sv\/faq\/","name":"FAQ - hightrust.id","isPartOf":{"@id":"https:\/\/hightrust.id\/sv\/#website"},"datePublished":"2024-10-17T17:27:24+00:00","dateModified":"2024-11-13T10:26:21+00:00","breadcrumb":{"@id":"https:\/\/hightrust.id\/sv\/faq\/#breadcrumb"},"inLanguage":"sv-SE","potentialAction":[{"@type":"ReadAction","target":["https:\/\/hightrust.id\/sv\/faq\/"]}]},{"@type":"BreadcrumbList","@id":"https:\/\/hightrust.id\/sv\/faq\/#breadcrumb","itemListElement":[{"@type":"ListItem","position":1,"name":"Hemsida","item":"https:\/\/hightrust.id\/sv\/"},{"@type":"ListItem","position":2,"name":"FAQ"}]},{"@type":"WebSite","@id":"https:\/\/hightrust.id\/sv\/#website","url":"https:\/\/hightrust.id\/sv\/","name":"hightrust.id","description":"","publisher":{"@id":"https:\/\/hightrust.id\/sv\/#organization"},"potentialAction":[{"@type":"SearchAction","target":{"@type":"EntryPoint","urlTemplate":"https:\/\/hightrust.id\/sv\/?s={search_term_string}"},"query-input":{"@type":"PropertyValueSpecification","valueRequired":true,"valueName":"search_term_string"}}],"inLanguage":"sv-SE"},{"@type":"Organization","@id":"https:\/\/hightrust.id\/sv\/#organization","name":"hightrust.id","url":"https:\/\/hightrust.id\/sv\/","logo":{"@type":"ImageObject","inLanguage":"sv-SE","@id":"https:\/\/hightrust.id\/sv\/#\/schema\/logo\/image\/","url":"https:\/\/hightrust.id\/wp-content\/uploads\/2024\/10\/Hightrust-logo.svg","contentUrl":"https:\/\/hightrust.id\/wp-content\/uploads\/2024\/10\/Hightrust-logo.svg","width":862,"height":197,"caption":"hightrust.id"},"image":{"@id":"https:\/\/hightrust.id\/sv\/#\/schema\/logo\/image\/"}}]}},"_links":{"self":[{"href":"https:\/\/hightrust.id\/sv\/wp-json\/wp\/v2\/pages\/1043","targetHints":{"allow":["GET"]}}],"collection":[{"href":"https:\/\/hightrust.id\/sv\/wp-json\/wp\/v2\/pages"}],"about":[{"href":"https:\/\/hightrust.id\/sv\/wp-json\/wp\/v2\/types\/page"}],"author":[{"embeddable":true,"href":"https:\/\/hightrust.id\/sv\/wp-json\/wp\/v2\/users\/1"}],"replies":[{"embeddable":true,"href":"https:\/\/hightrust.id\/sv\/wp-json\/wp\/v2\/comments?post=1043"}],"version-history":[{"count":0,"href":"https:\/\/hightrust.id\/sv\/wp-json\/wp\/v2\/pages\/1043\/revisions"}],"wp:attachment":[{"href":"https:\/\/hightrust.id\/sv\/wp-json\/wp\/v2\/media?parent=1043"}],"curies":[{"name":"wp","href":"https:\/\/api.w.org\/{rel}","templated":true}]}}